{"id":32338,"date":"2025-02-20T23:34:12","date_gmt":"2025-02-20T22:34:12","guid":{"rendered":"http:\/\/olemosaic.com\/producto\/posavasos-de-ceramica-caballito-de-mar-mallorca\/"},"modified":"2025-07-25T18:48:39","modified_gmt":"2025-07-25T16:48:39","slug":"dessous-de-verre-ceramique-hippocampe-majorque","status":"publish","type":"product","link":"https:\/\/olemosaic.com\/fr\/produit\/dessous-de-verre-ceramique-hippocampe-majorque\/","title":{"rendered":"Dessous de verre en c\u00e9ramique. Hippocampe. Majorque."},"content":{"rendered":"<p>Ce dessous de verre en c\u00e9ramique, d\u00e9cor\u00e9 d&rsquo;un hippocampe vibrant, est une repr\u00e9sentation authentique de l&rsquo;essence de Majorque. Son design color\u00e9 se distingue par des tons bleus et verts, \u00e9voquant la fra\u00eecheur et la beaut\u00e9 de la mer M\u00e9diterran\u00e9e, tandis que le fond en mosa\u00efque blanche apporte \u00e9l\u00e9gance et style. Le contour rouge encadre parfaitement l&rsquo;illustration centrale, qui montre un hippocampe stylis\u00e9, symbole de la richesse marine de l&rsquo;\u00eele. De plus, il comprend une charmante \u00e9toile de mer et d&rsquo;autres d\u00e9tails aquatiques peints \u00e0 la main avec soin, garantissant une finition artisanale de haute qualit\u00e9.<\/p>\n<p>Le mot \u00ab\u00a0MALLORCA\u00a0\u00bb se d\u00e9tache en bas, offrant une touche distinctive qui rappelle aux visiteurs la beaut\u00e9 unique de cette destination touristique. Ce dessous de verre n&rsquo;est pas seulement une pi\u00e8ce d\u00e9corative, mais aussi un rappel du lien culturel de l&rsquo;\u00eele avec la mer, un \u00e9l\u00e9ment central dans la vie de ses habitants. Chez Ol\u00e9 Mosaic, nous sommes fiers de distribuer des souvenirs authentiques de Majorque, parfaits pour les touristes qui cherchent \u00e0 ramener un morceau de la M\u00e9diterran\u00e9e chez eux. Nous proposons des dessous de verre en c\u00e9ramique et d&rsquo;autres produits repr\u00e9sentatifs qui refl\u00e8tent la tradition et l&rsquo;art local, id\u00e9aux pour les boutiques de cadeaux touristiques \u00e0 la recherche d&rsquo;articles de qualit\u00e9 et de signification culturelle.<\/p>\n","protected":false},"excerpt":{"rendered":"<p>Dessous de verre en c\u00e9ramique d\u00e9cor\u00e9 d&rsquo;un hippocampe vibrant, symbole de Majorque. Ce dessous de verre attrayant pr\u00e9sente un design color\u00e9 dans les tons bleus et verts, sur un fond en mosa\u00efque blanche, soulign\u00e9 par un contour rouge. Il comprend \u00e9galement une \u00e9toile de mer et des d\u00e9tails aquatiques, le tout dans un design artisanal, peint \u00e0 la main avec soin. En bas, le mot \u00ab\u00a0MALLORCA\u00a0\u00bb ajoute une touche distinctive qui \u00e9voque la beaut\u00e9 de la mer M\u00e9diterran\u00e9e.<\/p>\n","protected":false},"featured_media":8961,"template":"","meta":{"_acf_changed":false},"product_brand":[],"product_cat":[812],"product_tag":[530,585],"class_list":{"0":"post-32338","1":"product","2":"type-product","3":"status-publish","4":"has-post-thumbnail","6":"product_cat-sous-verres","7":"product_tag-animaux","8":"product_tag-ceramique","9":"pa_ciudad-mallorca","10":"pa_motivo-hippocampes","11":"pa_pais-espana","13":"first","14":"instock","15":"shipping-taxable","16":"product-type-simple"},"acf":[],"_links":{"self":[{"href":"https:\/\/olemosaic.com\/fr\/wp-json\/wp\/v2\/product\/32338","targetHints":{"allow":["GET"]}}],"collection":[{"href":"https:\/\/olemosaic.com\/fr\/wp-json\/wp\/v2\/product"}],"about":[{"href":"https:\/\/olemosaic.com\/fr\/wp-json\/wp\/v2\/types\/product"}],"wp:featuredmedia":[{"embeddable":true,"href":"https:\/\/olemosaic.com\/fr\/wp-json\/wp\/v2\/media\/8961"}],"wp:attachment":[{"href":"https:\/\/olemosaic.com\/fr\/wp-json\/wp\/v2\/media?parent=32338"}],"wp:term":[{"taxonomy":"product_brand","embeddable":true,"href":"https:\/\/olemosaic.com\/fr\/wp-json\/wp\/v2\/product_brand?post=32338"},{"taxonomy":"product_cat","embeddable":true,"href":"https:\/\/olemosaic.com\/fr\/wp-json\/wp\/v2\/product_cat?post=32338"},{"taxonomy":"product_tag","embeddable":true,"href":"https:\/\/olemosaic.com\/fr\/wp-json\/wp\/v2\/product_tag?post=32338"}],"curies":[{"name":"wp","href":"https:\/\/api.w.org\/{rel}","templated":true}]}}