{"id":32337,"date":"2025-02-20T23:34:12","date_gmt":"2025-02-20T22:34:12","guid":{"rendered":"http:\/\/olemosaic.com\/producto\/posavasos-de-ceramica-gallo\/"},"modified":"2025-07-25T19:33:36","modified_gmt":"2025-07-25T17:33:36","slug":"dessous-de-verre-ceramique-coq","status":"publish","type":"product","link":"https:\/\/olemosaic.com\/fr\/produit\/dessous-de-verre-ceramique-coq\/","title":{"rendered":"Dessous de verre en c\u00e9ramique. Coq."},"content":{"rendered":"<p>Ce dessous de verre en c\u00e9ramique d\u00e9cor\u00e9 d&rsquo;un coq est une repr\u00e9sentation authentique du folklore espagnol, id\u00e9al pour ceux qui recherchent un souvenir encapsulant l&rsquo;essence de la culture ib\u00e9rique. Avec un design peint \u00e0 la main, le dessous de verre pr\u00e9sente un coq vibrant dans des tons noirs, rouges et jaunes, qui se distingue par son illustration d\u00e9taill\u00e9e et son caract\u00e8re festif. Le coq, symbole de chance et de joie dans la tradition espagnole, est entour\u00e9 de d\u00e9licats motifs floraux et de c\u0153urs sur un fond blanc, qui ajoutent une touche de couleur et d&rsquo;originalit\u00e9 \u00e0 n&rsquo;importe quelle table.<\/p>\n<p>Cet article n&rsquo;est pas seulement fonctionnel, prot\u00e9geant les surfaces des boissons, mais il agit \u00e9galement comme un \u00e9l\u00e9ment d\u00e9coratif frappant. L&rsquo;artisanat derri\u00e8re sa cr\u00e9ation souligne la valeur de la c\u00e9ramique artisanale espagnole, faisant de ce dessous de verre un souvenir authentique et significatif de votre visite. Chez Ol\u00e9 Mosaic, en tant que grossiste d&rsquo;articles en c\u00e9ramique, nous proposons des produits uniques qui refl\u00e8tent la richesse culturelle du pays. Ce dessous de verre coq est une excellente option pour les boutiques de cadeaux touristiques souhaitant offrir \u00e0 leurs clients un souvenir de caract\u00e8re et de tradition. Un cadeau parfait pour ceux qui veulent ramener un petit morceau d&rsquo;Espagne \u00e0 la maison.<\/p>\n","protected":false},"excerpt":{"rendered":"<p>Dessous de verre en c\u00e9ramique d\u00e9cor\u00e9 d&rsquo;un coq, symbole traditionnel de la culture espagnole. Ce dessous de verre attrayant et color\u00e9 pr\u00e9sente un design artisanal, peint \u00e0 la main, o\u00f9 le coq se distingue dans des tons noirs, rouges et jaunes, entour\u00e9 de motifs floraux et de c\u0153urs sur un fond blanc. Id\u00e9al pour apporter une touche artistique et festive \u00e0 n&rsquo;importe quelle table, cet article est parfait pour les amateurs de folklore espagnol et de c\u00e9ramique artisanale.<\/p>\n","protected":false},"featured_media":8931,"template":"","meta":{"_acf_changed":false},"product_brand":[],"product_cat":[812],"product_tag":[530,585],"class_list":{"0":"post-32337","1":"product","2":"type-product","3":"status-publish","4":"has-post-thumbnail","6":"product_cat-sous-verres","7":"product_tag-animaux","8":"product_tag-ceramique","9":"pa_motivo-coqs","11":"first","12":"instock","13":"shipping-taxable","14":"product-type-simple"},"acf":[],"_links":{"self":[{"href":"https:\/\/olemosaic.com\/fr\/wp-json\/wp\/v2\/product\/32337","targetHints":{"allow":["GET"]}}],"collection":[{"href":"https:\/\/olemosaic.com\/fr\/wp-json\/wp\/v2\/product"}],"about":[{"href":"https:\/\/olemosaic.com\/fr\/wp-json\/wp\/v2\/types\/product"}],"wp:featuredmedia":[{"embeddable":true,"href":"https:\/\/olemosaic.com\/fr\/wp-json\/wp\/v2\/media\/8931"}],"wp:attachment":[{"href":"https:\/\/olemosaic.com\/fr\/wp-json\/wp\/v2\/media?parent=32337"}],"wp:term":[{"taxonomy":"product_brand","embeddable":true,"href":"https:\/\/olemosaic.com\/fr\/wp-json\/wp\/v2\/product_brand?post=32337"},{"taxonomy":"product_cat","embeddable":true,"href":"https:\/\/olemosaic.com\/fr\/wp-json\/wp\/v2\/product_cat?post=32337"},{"taxonomy":"product_tag","embeddable":true,"href":"https:\/\/olemosaic.com\/fr\/wp-json\/wp\/v2\/product_tag?post=32337"}],"curies":[{"name":"wp","href":"https:\/\/api.w.org\/{rel}","templated":true}]}}