{"id":32336,"date":"2025-02-20T22:34:11","date_gmt":"2025-02-20T22:34:11","guid":{"rendered":"http:\/\/olemosaic.com\/producto\/posavasos-de-ceramica-caballito-de-mar-aro-rojo\/"},"modified":"2025-07-25T18:48:39","modified_gmt":"2025-07-25T16:48:39","slug":"dessous-de-verre-ceramique-hippocampe-cercle-rouge","status":"publish","type":"product","link":"https:\/\/olemosaic.com\/fr\/produit\/dessous-de-verre-ceramique-hippocampe-cercle-rouge\/","title":{"rendered":"Dessous de verre en c\u00e9ramique. Hippocampe. Cercle rouge."},"content":{"rendered":"<p>Ce dessous de verre en c\u00e9ramique, d\u00e9cor\u00e9 d&rsquo;un hippocampe color\u00e9, est une repr\u00e9sentation vibrante de la riche tradition artisanale m\u00e9diterran\u00e9enne. Avec un design attrayant de style mosa\u00efque, ce dessous de verre capture l&rsquo;essence des c\u00f4tes espagnoles et \u00e9voque la fra\u00eecheur de la mer. Au centre, un hippocampe stylis\u00e9, peint avec une palette de couleurs intenses, est le protagoniste incontest\u00e9. Il est entour\u00e9 d&rsquo;\u00e9l\u00e9ments marins, comme une \u00e9toile de mer rouge, qui apporte une touche ludique \u00e0 l&rsquo;ensemble, et des lignes bleues ondulantes qui simulent les douces vagues de l&rsquo;oc\u00e9an.<\/p>\n<p>La bordure rouge qui encadre le dessous de verre ne souligne pas seulement le design, mais offre \u00e9galement un contraste visuel attrayant, garantissant que cet article ne passera pas inaper\u00e7u sur n&rsquo;importe quelle table. Ce dessous de verre n&rsquo;est pas seulement fonctionnel, il sert \u00e9galement de pi\u00e8ce d\u00e9corative qui ajoute une touche distinctive et joyeuse \u00e0 n&rsquo;importe quel environnement.<\/p>\n<p>L&rsquo;art c\u00e9ramique espagnol est connu pour son authenticit\u00e9 et sa ma\u00eetrise, et ce dessous de verre en est un excellent exemple. En tant que souvenir typique de la r\u00e9gion m\u00e9diterran\u00e9enne, il repr\u00e9sente un souvenir id\u00e9al pour les touristes qui cherchent \u00e0 emporter un morceau de la culture espagnole. Chez Ol\u00e9 Mosaic, en tant que grossiste de souvenirs, nous proposons des produits qui refl\u00e8tent l&rsquo;authenticit\u00e9 et le charme des traditions locales, faisant de ce dessous de verre en c\u00e9ramique une option parfaite pour les boutiques de cadeaux touristiques souhaitant offrir des articles de qualit\u00e9 et de signification culturelle.<\/p>\n","protected":false},"excerpt":{"rendered":"<p>Dessous de verre en c\u00e9ramique d\u00e9cor\u00e9 d&rsquo;un hippocampe color\u00e9, repr\u00e9sent\u00e9 dans un style mosa\u00efque attrayant. Avec un cercle rouge qui encadre un fond clair, ce dessous de verre comprend \u00e9galement une \u00e9toile de mer et des \u00e9l\u00e9ments marins \u00e9voquant les c\u00f4tes m\u00e9diterran\u00e9ennes. Id\u00e9al pour ajouter une touche distinctive \u00e0 n&rsquo;importe quelle table, cet article est un exemple de l&rsquo;art c\u00e9ramique traditionnel, combinant des couleurs vibrantes et un design ludique qui capture l&rsquo;essence de la mer.<\/p>\n","protected":false},"featured_media":8664,"template":"","meta":{"_acf_changed":false},"product_brand":[],"product_cat":[812],"product_tag":[530,585],"class_list":{"0":"post-32336","1":"product","2":"type-product","3":"status-publish","4":"has-post-thumbnail","6":"product_cat-sous-verres","7":"product_tag-animaux","8":"product_tag-ceramique","9":"pa_motivo-hippocampes","11":"first","12":"instock","13":"shipping-taxable","14":"product-type-simple"},"acf":[],"_links":{"self":[{"href":"https:\/\/olemosaic.com\/fr\/wp-json\/wp\/v2\/product\/32336","targetHints":{"allow":["GET"]}}],"collection":[{"href":"https:\/\/olemosaic.com\/fr\/wp-json\/wp\/v2\/product"}],"about":[{"href":"https:\/\/olemosaic.com\/fr\/wp-json\/wp\/v2\/types\/product"}],"wp:featuredmedia":[{"embeddable":true,"href":"https:\/\/olemosaic.com\/fr\/wp-json\/wp\/v2\/media\/8664"}],"wp:attachment":[{"href":"https:\/\/olemosaic.com\/fr\/wp-json\/wp\/v2\/media?parent=32336"}],"wp:term":[{"taxonomy":"product_brand","embeddable":true,"href":"https:\/\/olemosaic.com\/fr\/wp-json\/wp\/v2\/product_brand?post=32336"},{"taxonomy":"product_cat","embeddable":true,"href":"https:\/\/olemosaic.com\/fr\/wp-json\/wp\/v2\/product_cat?post=32336"},{"taxonomy":"product_tag","embeddable":true,"href":"https:\/\/olemosaic.com\/fr\/wp-json\/wp\/v2\/product_tag?post=32336"}],"curies":[{"name":"wp","href":"https:\/\/api.w.org\/{rel}","templated":true}]}}