{"id":32335,"date":"2025-02-20T22:34:11","date_gmt":"2025-02-20T22:34:11","guid":{"rendered":"http:\/\/olemosaic.com\/producto\/posavasos-de-ceramica-bailaora\/"},"modified":"2025-07-25T18:48:43","modified_gmt":"2025-07-25T16:48:43","slug":"dessous-de-verre-ceramique-danseuse-flamenco","status":"publish","type":"product","link":"https:\/\/olemosaic.com\/fr\/produit\/dessous-de-verre-ceramique-danseuse-flamenco\/","title":{"rendered":"Dessous de verre en c\u00e9ramique. Danseuse de flamenco."},"content":{"rendered":"<p>Ce dessous de verre en c\u00e9ramique, d\u00e9cor\u00e9 de l&rsquo;image vibrante d&rsquo;une danseuse de flamenco, est un v\u00e9ritable hommage au folklore andalou. Avec un design color\u00e9 et festif, cet \u00e9l\u00e9gant dessous de verre pr\u00e9sente un fond blanc orn\u00e9 de d\u00e9licates fleurs rouges qui rehaussent son attrait visuel. Au centre, la danseuse est repr\u00e9sent\u00e9e dans une pose dynamique, v\u00eatue d&rsquo;un splendide costume \u00e0 volants dans un m\u00e9lange de tons bleus et rouges, capturant avec gr\u00e2ce le mouvement et la passion de l&rsquo;art flamenco.<\/p>\n<p>La figure color\u00e9e de la danseuse, encadr\u00e9e par une bordure rouge, \u00e9voque la culture vibrante de l&rsquo;Andalousie, faisant de ce dessous de verre un objet id\u00e9al pour ajouter une touche sp\u00e9ciale \u00e0 n&rsquo;importe quelle table. Ce souvenir n&rsquo;est pas seulement un \u00e9l\u00e9ment d\u00e9coratif, mais il repr\u00e9sente \u00e9galement l&rsquo;essence des traditions qui font partie du c\u0153ur de l&rsquo;Espagne. La c\u00e9ramique utilis\u00e9e pour sa fabrication assure durabilit\u00e9 et qualit\u00e9, en faisant un souvenir parfait pour ceux qui visitent la r\u00e9gion et souhaitent emporter un morceau de son riche h\u00e9ritage culturel.<\/p>\n<p>Chez Ol\u00e9 Mosaic, nous sommes fiers de proposer des souvenirs authentiques et de qualit\u00e9 comme ce dessous de verre de flamenco, id\u00e9al pour les boutiques de cadeaux touristiques \u00e0 la recherche de produits refl\u00e9tant la culture locale. En tant que distributeurs de souvenirs en gros, nous garantissons que chaque article de notre collection poss\u00e8de un design unique et un lien fort avec la tradition andalouse, ce qui fait de ce dessous de verre une excellente option pour vos clients.<\/p>\n","protected":false},"excerpt":{"rendered":"<p>Dessous de verre en c\u00e9ramique d\u00e9cor\u00e9 d&rsquo;une image vibrante d&rsquo;une danseuse de flamenco, repr\u00e9sentant le folklore andalou. Cet \u00e9l\u00e9gant dessous de verre pr\u00e9sente un design color\u00e9 avec un fond blanc orn\u00e9 de fleurs rouges et une bordure rouge festive. La danseuse, v\u00eatue d&rsquo;un splendide costume \u00e0 volants dans les tons bleu et rouge, appara\u00eet dans une pose dynamique et captivante, encapsulant l&rsquo;essence de l&rsquo;art flamenco. Parfait pour ajouter une touche culturelle \u00e0 n&rsquo;importe quelle table.<\/p>\n","protected":false},"featured_media":8670,"template":"","meta":{"_acf_changed":false},"product_brand":[],"product_cat":[812],"product_tag":[585],"class_list":{"0":"post-32335","1":"product","2":"type-product","3":"status-publish","4":"has-post-thumbnail","6":"product_cat-sous-verres","7":"product_tag-ceramique","8":"pa_motivo-danseurs","10":"first","11":"instock","12":"shipping-taxable","13":"product-type-simple"},"acf":[],"_links":{"self":[{"href":"https:\/\/olemosaic.com\/fr\/wp-json\/wp\/v2\/product\/32335","targetHints":{"allow":["GET"]}}],"collection":[{"href":"https:\/\/olemosaic.com\/fr\/wp-json\/wp\/v2\/product"}],"about":[{"href":"https:\/\/olemosaic.com\/fr\/wp-json\/wp\/v2\/types\/product"}],"wp:featuredmedia":[{"embeddable":true,"href":"https:\/\/olemosaic.com\/fr\/wp-json\/wp\/v2\/media\/8670"}],"wp:attachment":[{"href":"https:\/\/olemosaic.com\/fr\/wp-json\/wp\/v2\/media?parent=32335"}],"wp:term":[{"taxonomy":"product_brand","embeddable":true,"href":"https:\/\/olemosaic.com\/fr\/wp-json\/wp\/v2\/product_brand?post=32335"},{"taxonomy":"product_cat","embeddable":true,"href":"https:\/\/olemosaic.com\/fr\/wp-json\/wp\/v2\/product_cat?post=32335"},{"taxonomy":"product_tag","embeddable":true,"href":"https:\/\/olemosaic.com\/fr\/wp-json\/wp\/v2\/product_tag?post=32335"}],"curies":[{"name":"wp","href":"https:\/\/api.w.org\/{rel}","templated":true}]}}