{"id":32319,"date":"2025-02-20T23:34:11","date_gmt":"2025-02-20T22:34:11","guid":{"rendered":"http:\/\/olemosaic.com\/producto\/posavasos-de-ceramica-buhos-mallorca\/"},"modified":"2025-07-25T18:43:58","modified_gmt":"2025-07-25T16:43:58","slug":"sous-verre-en-ceramique-hiboux-majorque","status":"publish","type":"product","link":"https:\/\/olemosaic.com\/fr\/produit\/sous-verre-en-ceramique-hiboux-majorque\/","title":{"rendered":"Sous-verre en c\u00e9ramique. Hiboux. Majorque."},"content":{"rendered":"<p>Ce sous-verre en c\u00e9ramique, d\u00e9cor\u00e9 de charmants hiboux, est un v\u00e9ritable tr\u00e9sor de Majorque, con\u00e7u pour ajouter une touche vibrante et joyeuse \u00e0 n&rsquo;importe quelle table. Il pr\u00e9sente un fond bleu brillant frappant qui fait ressortir l&rsquo;illustration complexe de hiboux dans une vari\u00e9t\u00e9 de couleurs chaudes, entrelac\u00e9s dans une jolie mosa\u00efque qui \u00e9voque la riche tradition artistique de l&rsquo;\u00eele. Les d\u00e9tails floraux et l&rsquo;environnement naturel qui entourent les hiboux, ainsi que le mot \u00ab\u00a0MALLORCA\u00a0\u00bb mis en valeur avec douceur, c\u00e9l\u00e8brent l&rsquo;essence de ce paradis m\u00e9diterran\u00e9en. Chaque sous-verre est peint \u00e0 la main, ce qui garantit que chaque pi\u00e8ce est unique et apporte un caract\u00e8re authentique \u00e0 son utilisation quotidienne.<\/p>\n<p>Le lien culturel avec Majorque se refl\u00e8te non seulement dans son design, qui repr\u00e9sente la faune locale, mais aussi dans la technique artisanale employ\u00e9e, qui suit la tradition des c\u00e9ramiques typiques de la r\u00e9gion. Ce sous-verre n&rsquo;est pas seulement un objet fonctionnel, mais une repr\u00e9sentation vivante de la culture majorquine, id\u00e9al pour les touristes \u00e0 la recherche d&rsquo;un souvenir significatif et authentique de leur voyage. Chez Ol\u00e9 Mosaic, en tant que grossiste de souvenirs, nous garantissons que ce produit est une excellente option pour les boutiques de cadeaux touristiques qui appr\u00e9cient l&rsquo;artisanat et la valeur culturelle dans leurs collections.<\/p>\n","protected":false},"excerpt":{"rendered":"<p>Sous-verre en c\u00e9ramique d\u00e9cor\u00e9 d&rsquo;un design charmant de hiboux, inspir\u00e9 par la beaut\u00e9 de Majorque. Ce sous-verre vibrant pr\u00e9sente un fond bleu brillant avec une mosa\u00efque complexe de hiboux aux couleurs chaudes, entour\u00e9s de feuilles et de fleurs. La technique de design artisanal, peint \u00e0 la main, assure une finition unique, id\u00e9ale pour donner une touche authentique et joyeuse \u00e0 n&rsquo;importe quelle table. Le mot \u00ab\u00a0MALLORCA\u00a0\u00bb se distingue, c\u00e9l\u00e9brant l&rsquo;essence de cette magnifique \u00eele m\u00e9diterran\u00e9enne.<\/p>\n","protected":false},"featured_media":8967,"template":"","meta":{"_acf_changed":false},"product_brand":[],"product_cat":[812],"product_tag":[530,585],"class_list":{"0":"post-32319","1":"product","2":"type-product","3":"status-publish","4":"has-post-thumbnail","6":"product_cat-sous-verres","7":"product_tag-animaux","8":"product_tag-ceramique","9":"pa_ciudad-mallorca","10":"pa_motivo-hiboux","11":"pa_pais-espana","13":"first","14":"instock","15":"shipping-taxable","16":"product-type-simple"},"acf":[],"_links":{"self":[{"href":"https:\/\/olemosaic.com\/fr\/wp-json\/wp\/v2\/product\/32319","targetHints":{"allow":["GET"]}}],"collection":[{"href":"https:\/\/olemosaic.com\/fr\/wp-json\/wp\/v2\/product"}],"about":[{"href":"https:\/\/olemosaic.com\/fr\/wp-json\/wp\/v2\/types\/product"}],"wp:featuredmedia":[{"embeddable":true,"href":"https:\/\/olemosaic.com\/fr\/wp-json\/wp\/v2\/media\/8967"}],"wp:attachment":[{"href":"https:\/\/olemosaic.com\/fr\/wp-json\/wp\/v2\/media?parent=32319"}],"wp:term":[{"taxonomy":"product_brand","embeddable":true,"href":"https:\/\/olemosaic.com\/fr\/wp-json\/wp\/v2\/product_brand?post=32319"},{"taxonomy":"product_cat","embeddable":true,"href":"https:\/\/olemosaic.com\/fr\/wp-json\/wp\/v2\/product_cat?post=32319"},{"taxonomy":"product_tag","embeddable":true,"href":"https:\/\/olemosaic.com\/fr\/wp-json\/wp\/v2\/product_tag?post=32319"}],"curies":[{"name":"wp","href":"https:\/\/api.w.org\/{rel}","templated":true}]}}