{"id":32316,"date":"2025-02-20T23:34:09","date_gmt":"2025-02-20T22:34:09","guid":{"rendered":"http:\/\/olemosaic.com\/producto\/posavasos-de-ceramica-bogavante\/"},"modified":"2025-07-25T18:45:41","modified_gmt":"2025-07-25T16:45:41","slug":"sous-verre-en-ceramique-homard","status":"publish","type":"product","link":"https:\/\/olemosaic.com\/fr\/produit\/sous-verre-en-ceramique-homard\/","title":{"rendered":"Sous-verre en c\u00e9ramique. Homard."},"content":{"rendered":"<p>Ce sous-verre en c\u00e9ramique, avec son design vibrant de homards, est un hommage passionnant \u00e0 la riche tradition gastronomique de la c\u00f4te m\u00e9diterran\u00e9enne. Peint \u00e0 la main, il pr\u00e9sente un fond exquis de carreaux dans des tons bleus, orn\u00e9 de motifs g\u00e9om\u00e9triques qui \u00e9voquent l&rsquo;esth\u00e9tique de la c\u00e9ramique espagnole. Sur cette base, les homards se d\u00e9tachent dans des tons chauds de rouge et d&rsquo;orange, offrant un contraste captivant qui souligne le savoir-faire de l&rsquo;artisan. Chaque d\u00e9tail des crustac\u00e9s a \u00e9t\u00e9 soigneusement \u00e9labor\u00e9, capturant leur forme et leur texture avec des touches artistiques color\u00e9es, ce qui en fait une pi\u00e8ce frappante et unique.<\/p>\n<p>Le lien culturel de ce sous-verre r\u00e9side dans sa repr\u00e9sentation des saveurs de la mer, un \u00e9l\u00e9ment fondamental de la cuisine m\u00e9diterran\u00e9enne, qui attire aussi bien les locaux que les touristes. En tant que souvenir, c&rsquo;est un excellent rappel des d\u00e9lices culinaires que l&rsquo;Espagne a \u00e0 offrir, constituant un choix id\u00e9al pour les amateurs de fruits de mer et de d\u00e9coration inspir\u00e9e par la culture espagnole.<\/p>\n<p>Chez Ol\u00e9 Mosaic, nous sommes fiers de proposer des souvenirs authentiques en gros, et ce sous-verre est une option parfaite pour les boutiques de cadeaux touristiques \u00e0 la recherche d&rsquo;articles de qualit\u00e9 avec une valeur culturelle significative. Opter pour ce sous-verre en c\u00e9ramique est, sans aucun doute, une fa\u00e7on de ramener chez soi un morceau de la vibrante tradition espagnole.<\/p>\n","protected":false},"excerpt":{"rendered":"<p>Sous-verre en c\u00e9ramique au design vibrant de homards \u00e9voquant la riche tradition gastronomique de la c\u00f4te m\u00e9diterran\u00e9enne. Cet article, au design artisanal et peint \u00e0 la main, pr\u00e9sente un fond de carreaux bleus avec des motifs g\u00e9om\u00e9triques, sur lequel ressortent les homards dans des tons chauds de rouge et d&rsquo;orange, avec des d\u00e9tails color\u00e9s qui lui donnent une touche artistique. Parfait pour tout amateur de fruits de mer et de d\u00e9corations inspir\u00e9es par la culture espagnole.<\/p>\n","protected":false},"featured_media":9362,"template":"","meta":{"_acf_changed":false},"product_brand":[],"product_cat":[812],"product_tag":[530,585],"class_list":{"0":"post-32316","1":"product","2":"type-product","3":"status-publish","4":"has-post-thumbnail","6":"product_cat-sous-verres","7":"product_tag-animaux","8":"product_tag-ceramique","9":"pa_motivo-homards","11":"first","12":"instock","13":"shipping-taxable","14":"product-type-simple"},"acf":[],"_links":{"self":[{"href":"https:\/\/olemosaic.com\/fr\/wp-json\/wp\/v2\/product\/32316","targetHints":{"allow":["GET"]}}],"collection":[{"href":"https:\/\/olemosaic.com\/fr\/wp-json\/wp\/v2\/product"}],"about":[{"href":"https:\/\/olemosaic.com\/fr\/wp-json\/wp\/v2\/types\/product"}],"wp:featuredmedia":[{"embeddable":true,"href":"https:\/\/olemosaic.com\/fr\/wp-json\/wp\/v2\/media\/9362"}],"wp:attachment":[{"href":"https:\/\/olemosaic.com\/fr\/wp-json\/wp\/v2\/media?parent=32316"}],"wp:term":[{"taxonomy":"product_brand","embeddable":true,"href":"https:\/\/olemosaic.com\/fr\/wp-json\/wp\/v2\/product_brand?post=32316"},{"taxonomy":"product_cat","embeddable":true,"href":"https:\/\/olemosaic.com\/fr\/wp-json\/wp\/v2\/product_cat?post=32316"},{"taxonomy":"product_tag","embeddable":true,"href":"https:\/\/olemosaic.com\/fr\/wp-json\/wp\/v2\/product_tag?post=32316"}],"curies":[{"name":"wp","href":"https:\/\/api.w.org\/{rel}","templated":true}]}}