{"id":32315,"date":"2025-02-20T23:34:09","date_gmt":"2025-02-20T22:34:09","guid":{"rendered":"http:\/\/olemosaic.com\/producto\/posavasos-de-ceramica-patio-madrid\/"},"modified":"2025-07-25T18:33:51","modified_gmt":"2025-07-25T16:33:51","slug":"sous-verre-en-ceramique-patio-madrid","status":"publish","type":"product","link":"https:\/\/olemosaic.com\/fr\/produit\/sous-verre-en-ceramique-patio-madrid\/","title":{"rendered":"Sous-verre en c\u00e9ramique. Patio. Madrid."},"content":{"rendered":"<p>Ce sous-verre en c\u00e9ramique au design \u00e9clatant est un charmant souvenir de Madrid, id\u00e9al pour ceux qui recherchent un souvenir authentique capturant l&rsquo;essence de la culture espagnole. Avec un diam\u00e8tre parfait pour n&rsquo;importe quelle table, ce sous-verre pr\u00e9sente une illustration captivante d&rsquo;un couple dansant le flamenco dans un patio traditionnel, entour\u00e9 de pots de fleurs color\u00e9s qui \u00e9voquent la vie et la couleur caract\u00e9ristiques de la ville. Le mot \u00ab\u00a0MADRID\u00a0\u00bb se distingue par une typographie joyeuse, ajoutant une touche personnelle et attrayante au design.<\/p>\n<p>Chaque pi\u00e8ce semble \u00eatre peinte \u00e0 la main, ce qui garantit que chaque sous-verre est unique et plein de caract\u00e8re. Les d\u00e9tails fins de la c\u00e9ramique, tels que le charmant balcon et les pots d\u00e9bordant de fleurs, compl\u00e8tent habilement la figure des danseurs, soulignant comment le flamenco fait partie int\u00e9grante de la culture madril\u00e8ne. Ce sous-verre est non seulement fonctionnel, mais aussi une \u0153uvre d&rsquo;art qui met en valeur le patrimoine culturel de l&rsquo;Espagne, ce qui en fait un cadeau id\u00e9al pour les touristes et les amateurs d&rsquo;art.<\/p>\n<p>Chez Ol\u00e9 Mosaic, nous proposons ce sous-verre en c\u00e9ramique dans le cadre de notre gamme de souvenirs authentiques de Madrid. Parfait pour les boutiques de cadeaux touristiques, cet article combine la qualit\u00e9 artisanale avec un design qui rend hommage aux traditions espagnoles, faisant de son achat un excellent investissement pour ceux qui cherchent \u00e0 se connecter avec le riche h\u00e9ritage culturel de la r\u00e9gion.<\/p>\n","protected":false},"excerpt":{"rendered":"<p>Sous-verre en c\u00e9ramique au design \u00e9clatant capturant l&rsquo;essence d&rsquo;un patio madril\u00e8ne. Ce sous-verre attrayant montre un couple dansant le flamenco, entour\u00e9 de pots de fleurs color\u00e9s et de d\u00e9tails d&rsquo;un balcon charmant. Avec le mot \u00ab\u00a0MADRID\u00a0\u00bb mis en avant, cet article combine des techniques de design artisanal, peint \u00e0 la main, avec une palette de couleurs vives, id\u00e9al pour tout amateur de culture espagnole. Sa forme ronde et d\u00e9corative en fait un excellent souvenir ou un compl\u00e9ment pour la maison.<\/p>\n","protected":false},"featured_media":7985,"template":"","meta":{"_acf_changed":false},"product_brand":[],"product_cat":[812],"product_tag":[585],"class_list":{"0":"post-32315","1":"product","2":"type-product","3":"status-publish","4":"has-post-thumbnail","6":"product_cat-sous-verres","7":"product_tag-ceramique","8":"pa_ciudad-madrid","9":"pa_motivo-cours-interieures","10":"pa_pais-espana","12":"first","13":"instock","14":"shipping-taxable","15":"product-type-simple"},"acf":[],"_links":{"self":[{"href":"https:\/\/olemosaic.com\/fr\/wp-json\/wp\/v2\/product\/32315","targetHints":{"allow":["GET"]}}],"collection":[{"href":"https:\/\/olemosaic.com\/fr\/wp-json\/wp\/v2\/product"}],"about":[{"href":"https:\/\/olemosaic.com\/fr\/wp-json\/wp\/v2\/types\/product"}],"wp:featuredmedia":[{"embeddable":true,"href":"https:\/\/olemosaic.com\/fr\/wp-json\/wp\/v2\/media\/7985"}],"wp:attachment":[{"href":"https:\/\/olemosaic.com\/fr\/wp-json\/wp\/v2\/media?parent=32315"}],"wp:term":[{"taxonomy":"product_brand","embeddable":true,"href":"https:\/\/olemosaic.com\/fr\/wp-json\/wp\/v2\/product_brand?post=32315"},{"taxonomy":"product_cat","embeddable":true,"href":"https:\/\/olemosaic.com\/fr\/wp-json\/wp\/v2\/product_cat?post=32315"},{"taxonomy":"product_tag","embeddable":true,"href":"https:\/\/olemosaic.com\/fr\/wp-json\/wp\/v2\/product_tag?post=32315"}],"curies":[{"name":"wp","href":"https:\/\/api.w.org\/{rel}","templated":true}]}}