{"id":32309,"date":"2025-02-20T23:34:09","date_gmt":"2025-02-20T22:34:09","guid":{"rendered":"http:\/\/olemosaic.com\/producto\/posavasos-de-ceramica-mosaico\/"},"modified":"2025-07-25T18:48:41","modified_gmt":"2025-07-25T16:48:41","slug":"dessous-de-verre-en-ceramique-mosaique","status":"publish","type":"product","link":"https:\/\/olemosaic.com\/fr\/produit\/dessous-de-verre-en-ceramique-mosaique\/","title":{"rendered":"Dessous-de-verre en c\u00e9ramique. Mosa\u00efque."},"content":{"rendered":"<p>Ce dessous-de-verre en c\u00e9ramique au design de mosa\u00efque est un v\u00e9ritable bijou qui \u00e9voque la riche tradition d\u00e9corative de la p\u00e9ninsule ib\u00e9rique. Fabriqu\u00e9 en c\u00e9ramique de haute qualit\u00e9, sa surface brillante et lisse pr\u00e9sente une combinaison vibrante de couleurs, incluant des bleus intenses, des rouges ardents, des jaunes lumineux et des verts frais, dispos\u00e9s en motifs g\u00e9om\u00e9triques complexes rappelant le c\u00e9l\u00e8bre art des azulejos. Chaque motif comporte des d\u00e9tails finement \u00e9labor\u00e9s qui capturent l&rsquo;essence de la culture espagnole, transformant chaque pi\u00e8ce en une v\u00e9ritable \u0153uvre d&rsquo;art.<\/p>\n<p>Id\u00e9al aussi bien pour un usage quotidien que pour des occasions sp\u00e9ciales, ce dessous-de-verre ne prot\u00e8ge pas seulement les surfaces des br\u00fblures ou des taches, mais apporte \u00e9galement une touche d&rsquo;\u00e9l\u00e9gance et de joie \u00e0 n&rsquo;importe quelle table. Son design tr\u00e8s sp\u00e9cial en fait un excellent souvenir de la p\u00e9ninsule, parfait pour les touristes souhaitant emporter un petit morceau du riche h\u00e9ritage culturel de l&rsquo;Espagne.<\/p>\n<p>Chez Ol\u00e9 Mosaic, sp\u00e9cialistes de la distribution de souvenirs en gros, nous proposons ce dessous-de-verre en c\u00e9ramique dans le cadre de notre collection exclusive d&rsquo;articles repr\u00e9sentatifs. C&rsquo;est une option id\u00e9ale pour les boutiques de cadeaux touristiques \u00e0 la recherche de produits authentiques et fonctionnels. Ajoutez ce dessous-de-verre \u00e0 votre \u00e9tablissement et offrez \u00e0 vos clients un souvenir unique qui c\u00e9l\u00e8bre la tradition espagnole.<\/p>\n","protected":false},"excerpt":{"rendered":"<p>Dessous-de-verre en c\u00e9ramique avec un design en mosa\u00efque \u00e9voquant la riche tradition d\u00e9corative de la p\u00e9ninsule ib\u00e9rique. Ce dessous-de-verre pr\u00e9sente une vari\u00e9t\u00e9 vibrante de couleurs, telles que le bleu, le rouge, le jaune et le vert, dispos\u00e9es en motifs g\u00e9om\u00e9triques complexes, typiques de l&rsquo;art des azulejos. Id\u00e9al pour ajouter une touche culturelle \u00e0 n&rsquo;importe quelle table, sa r\u00e9sistance et sa beaut\u00e9 en font un accessoire fonctionnel et esth\u00e9tique pour la maison.<\/p>\n","protected":false},"featured_media":8773,"template":"","meta":{"_acf_changed":false},"product_brand":[],"product_cat":[812],"product_tag":[585],"class_list":{"0":"post-32309","1":"product","2":"type-product","3":"status-publish","4":"has-post-thumbnail","6":"product_cat-sous-verres","7":"product_tag-ceramique","8":"pa_motivo-mosaique","10":"first","11":"instock","12":"shipping-taxable","13":"product-type-simple"},"acf":[],"_links":{"self":[{"href":"https:\/\/olemosaic.com\/fr\/wp-json\/wp\/v2\/product\/32309","targetHints":{"allow":["GET"]}}],"collection":[{"href":"https:\/\/olemosaic.com\/fr\/wp-json\/wp\/v2\/product"}],"about":[{"href":"https:\/\/olemosaic.com\/fr\/wp-json\/wp\/v2\/types\/product"}],"wp:featuredmedia":[{"embeddable":true,"href":"https:\/\/olemosaic.com\/fr\/wp-json\/wp\/v2\/media\/8773"}],"wp:attachment":[{"href":"https:\/\/olemosaic.com\/fr\/wp-json\/wp\/v2\/media?parent=32309"}],"wp:term":[{"taxonomy":"product_brand","embeddable":true,"href":"https:\/\/olemosaic.com\/fr\/wp-json\/wp\/v2\/product_brand?post=32309"},{"taxonomy":"product_cat","embeddable":true,"href":"https:\/\/olemosaic.com\/fr\/wp-json\/wp\/v2\/product_cat?post=32309"},{"taxonomy":"product_tag","embeddable":true,"href":"https:\/\/olemosaic.com\/fr\/wp-json\/wp\/v2\/product_tag?post=32309"}],"curies":[{"name":"wp","href":"https:\/\/api.w.org\/{rel}","templated":true}]}}