{"id":32308,"date":"2025-02-20T22:34:09","date_gmt":"2025-02-20T22:34:09","guid":{"rendered":"http:\/\/olemosaic.com\/producto\/portavelas-de-ceramica-flores-barcelona-blanco\/"},"modified":"2025-07-25T18:41:00","modified_gmt":"2025-07-25T16:41:00","slug":"photophore-en-ceramique-fleurs-barcelone-blanc","status":"publish","type":"product","link":"https:\/\/olemosaic.com\/fr\/produit\/photophore-en-ceramique-fleurs-barcelone-blanc\/","title":{"rendered":"Photophore en c\u00e9ramique. Fleurs. Barcelone. Blanc."},"content":{"rendered":"<p>Ce photophore en c\u00e9ramique, d\u00e9cor\u00e9 de motifs floraux vibrants, est un hommage \u00e0 la c\u00e9l\u00e8bre mosa\u00efque barcelonaise, apportant une touche artistique et moderne \u00e0 n&rsquo;importe quel espace. Son design pr\u00e9sente un fond blanc qui rehausse merveilleusement les couleurs rouge, jaune, bleu et noir, cr\u00e9ant une explosion de couleurs qui attire le regard. Les fleurs, stylis\u00e9es selon un motif rappelant les mosa\u00efques embl\u00e9matiques de la ville, \u00e9voquent l&rsquo;esprit cr\u00e9atif de Barcelone et sa richesse artistique. Le photophore comprend un espace pour une petite bougie, ce qui en fait un \u00e9l\u00e9ment d\u00e9coratif polyvalent utilisable dans n&rsquo;importe quel coin de la maison, de la table \u00e0 manger \u00e0 l&rsquo;\u00e9tag\u00e8re.<\/p>\n<p>Le lien culturel de ce photophore avec Barcelone en fait un souvenir id\u00e9al pour ceux qui souhaitent emporter un morceau de la ville, c\u00e9l\u00e8bre pour son architecture unique et sa sc\u00e8ne artistique vibrante. En tant que pi\u00e8ce authentique, ce photophore ne remplit pas seulement une fonction d\u00e9corative, mais sert \u00e9galement de souvenir significatif d&rsquo;un voyage inoubliable. Chez Ol\u00e9 Mosaic, nous nous sp\u00e9cialisons dans la distribution de souvenirs en c\u00e9ramique de haute qualit\u00e9 en gros, offrant des produits qui refl\u00e8tent l&rsquo;essence des villes et r\u00e9gions espagnoles. Ce photophore est un excellent choix pour les boutiques de cadeaux touristiques recherchant authenticit\u00e9 et valeur culturelle dans leur offre de souvenirs.<\/p>\n","protected":false},"excerpt":{"rendered":"<p>Photophore en c\u00e9ramique d\u00e9cor\u00e9 de motifs floraux vibrants, inspir\u00e9 de la c\u00e9l\u00e8bre mosa\u00efque de Barcelone. Cet \u00e9l\u00e9gant photophore pr\u00e9sente un design moderne en rouge, jaune, bleu et noir, avec une finition blanche qui rehausse son attrait visuel. Parfait pour apporter de la chaleur et une touche artistique \u00e0 n&rsquo;importe quel espace, cet article comprend un emplacement pour une petite bougie, ce qui en fait un \u00e9l\u00e9ment d\u00e9coratif polyvalent pour la maison.<\/p>\n","protected":false},"featured_media":9076,"template":"","meta":{"_acf_changed":false},"product_brand":[],"product_cat":[809],"product_tag":[585],"class_list":{"0":"post-32308","1":"product","2":"type-product","3":"status-publish","4":"has-post-thumbnail","6":"product_cat-photophores","7":"product_tag-ceramique","8":"pa_ciudad-barcelona","9":"pa_motivo-fleurs","10":"pa_pais-espana","12":"first","13":"instock","14":"shipping-taxable","15":"product-type-simple"},"acf":[],"_links":{"self":[{"href":"https:\/\/olemosaic.com\/fr\/wp-json\/wp\/v2\/product\/32308","targetHints":{"allow":["GET"]}}],"collection":[{"href":"https:\/\/olemosaic.com\/fr\/wp-json\/wp\/v2\/product"}],"about":[{"href":"https:\/\/olemosaic.com\/fr\/wp-json\/wp\/v2\/types\/product"}],"wp:featuredmedia":[{"embeddable":true,"href":"https:\/\/olemosaic.com\/fr\/wp-json\/wp\/v2\/media\/9076"}],"wp:attachment":[{"href":"https:\/\/olemosaic.com\/fr\/wp-json\/wp\/v2\/media?parent=32308"}],"wp:term":[{"taxonomy":"product_brand","embeddable":true,"href":"https:\/\/olemosaic.com\/fr\/wp-json\/wp\/v2\/product_brand?post=32308"},{"taxonomy":"product_cat","embeddable":true,"href":"https:\/\/olemosaic.com\/fr\/wp-json\/wp\/v2\/product_cat?post=32308"},{"taxonomy":"product_tag","embeddable":true,"href":"https:\/\/olemosaic.com\/fr\/wp-json\/wp\/v2\/product_tag?post=32308"}],"curies":[{"name":"wp","href":"https:\/\/api.w.org\/{rel}","templated":true}]}}