{"id":32306,"date":"2025-02-20T23:34:08","date_gmt":"2025-02-20T22:34:08","guid":{"rendered":"http:\/\/olemosaic.com\/producto\/portavelas-de-ceramica-flores-blanco\/"},"modified":"2025-07-25T20:10:05","modified_gmt":"2025-07-25T18:10:05","slug":"photophore-en-ceramique-fleurs-blanc","status":"publish","type":"product","link":"https:\/\/olemosaic.com\/fr\/produit\/photophore-en-ceramique-fleurs-blanc\/","title":{"rendered":"Photophore en c\u00e9ramique. Fleurs. Blanc."},"content":{"rendered":"<p>Ce photophore en c\u00e9ramique est une pi\u00e8ce artisanale vibrante qui transforme n&rsquo;importe quel coin en un espace plein de joie. D\u00e9cor\u00e9 d&rsquo;une mosa\u00efque de fleurs multicolores, ce design se distingue par son explosion de couleurs, avec des p\u00e9tales aux tons intenses de rouge, jaune et bleu, sur une base blanche qui rehausse sa luminosit\u00e9 et sa beaut\u00e9. Chaque \u00e9l\u00e9ment a \u00e9t\u00e9 soigneusement \u00e9labor\u00e9 de mani\u00e8re artisanale, ce qui garantit que chaque photophore est une pi\u00e8ce unique alliant art et fonctionnalit\u00e9, parfaite pour embellir les tables et les coins des maisons d&rsquo;inspiration m\u00e9diterran\u00e9enne.<\/p>\n<p>La mosa\u00efque florale apporte non seulement une touche joyeuse, mais rend \u00e9galement hommage \u00e0 la riche tradition c\u00e9ramique du sud de l&rsquo;Europe, repr\u00e9sentant l&rsquo;amour de la nature et de la couleur dans la culture m\u00e9diterran\u00e9enne. Ce photophore est id\u00e9al pour ceux qui recherchent un souvenir authentique \u00e9voquant la chaleur et la beaut\u00e9 de r\u00e9gions comme l&rsquo;Andalousie ou le Portugal. Chez Ol\u00e9 Mosaic, en tant que distributeurs de produits en c\u00e9ramique en gros, nous proposons ce photophore comme une option exceptionnelle pour les boutiques de cadeaux touristiques souhaitant offrir \u00e0 leurs clients un souvenir unique et repr\u00e9sentatif de la culture locale. C&rsquo;est sans aucun doute un choix judicieux pour ceux qui recherchent des souvenirs en c\u00e9ramique refl\u00e9tant la joie et l&rsquo;art de la tradition m\u00e9diterran\u00e9enne.<\/p>\n","protected":false},"excerpt":{"rendered":"<p>Photophore en c\u00e9ramique d\u00e9cor\u00e9 d&rsquo;une mosa\u00efque vibrante de fleurs multicolores, id\u00e9al pour donner une touche joyeuse \u00e0 n&rsquo;importe quel espace. Ce design pr\u00e9sente des p\u00e9tales dans des tons rouges, jaunes, bleus et noirs, sur une base blanche qui rehausse sa luminosit\u00e9. Fabriqu\u00e9 \u00e0 la main, ce photophore allie art et fonctionnalit\u00e9, \u00e9tant parfait pour \u00e9clairer et embellir les tables et les coins dans les maisons inspir\u00e9es de la culture m\u00e9diterran\u00e9enne.<\/p>\n","protected":false},"featured_media":9019,"template":"","meta":{"_acf_changed":false},"product_brand":[],"product_cat":[809],"product_tag":[585],"class_list":{"0":"post-32306","1":"product","2":"type-product","3":"status-publish","4":"has-post-thumbnail","6":"product_cat-photophores","7":"product_tag-ceramique","8":"pa_motivo-fleurs","10":"first","11":"instock","12":"shipping-taxable","13":"product-type-simple"},"acf":[],"_links":{"self":[{"href":"https:\/\/olemosaic.com\/fr\/wp-json\/wp\/v2\/product\/32306","targetHints":{"allow":["GET"]}}],"collection":[{"href":"https:\/\/olemosaic.com\/fr\/wp-json\/wp\/v2\/product"}],"about":[{"href":"https:\/\/olemosaic.com\/fr\/wp-json\/wp\/v2\/types\/product"}],"wp:featuredmedia":[{"embeddable":true,"href":"https:\/\/olemosaic.com\/fr\/wp-json\/wp\/v2\/media\/9019"}],"wp:attachment":[{"href":"https:\/\/olemosaic.com\/fr\/wp-json\/wp\/v2\/media?parent=32306"}],"wp:term":[{"taxonomy":"product_brand","embeddable":true,"href":"https:\/\/olemosaic.com\/fr\/wp-json\/wp\/v2\/product_brand?post=32306"},{"taxonomy":"product_cat","embeddable":true,"href":"https:\/\/olemosaic.com\/fr\/wp-json\/wp\/v2\/product_cat?post=32306"},{"taxonomy":"product_tag","embeddable":true,"href":"https:\/\/olemosaic.com\/fr\/wp-json\/wp\/v2\/product_tag?post=32306"}],"curies":[{"name":"wp","href":"https:\/\/api.w.org\/{rel}","templated":true}]}}