{"id":32305,"date":"2025-02-20T22:34:08","date_gmt":"2025-02-20T22:34:08","guid":{"rendered":"http:\/\/olemosaic.com\/producto\/portavelas-de-ceramica-salamandra-y-flores-barcelona-blanco\/"},"modified":"2025-07-25T19:15:43","modified_gmt":"2025-07-25T17:15:43","slug":"photophore-en-ceramique-salamandre-et-fleurs-barcelone-blanc","status":"publish","type":"product","link":"https:\/\/olemosaic.com\/fr\/produit\/photophore-en-ceramique-salamandre-et-fleurs-barcelone-blanc\/","title":{"rendered":"Photophore en c\u00e9ramique. Salamandre et fleurs. Barcelone. Blanc."},"content":{"rendered":"<p>Ce photophore en c\u00e9ramique est une magnifique pi\u00e8ce d\u00e9corative inspir\u00e9e de l&rsquo;\u0153uvre de l&rsquo;architecte embl\u00e9matique Antoni Gaud\u00ed, repr\u00e9sentant l&rsquo;essence vibrante de Barcelone. Avec une finition blanche brillante, il se distingue par son design complexe, qui int\u00e8gre une salamandre, symbole embl\u00e9matique de la ville, entour\u00e9e de fleurs color\u00e9es typiques de la r\u00e9gion. Les d\u00e9tails en mosa\u00efque, aux tons vifs tels que le jaune, le rouge et le bleu, \u00e9voquent la cr\u00e9ativit\u00e9 et le style unique de Gaud\u00ed, apportant une touche de couleur et de joie \u00e0 n&rsquo;importe quel espace.<\/p>\n<p>Le photophore est con\u00e7u pour \u00e9clairer de mani\u00e8re harmonieuse, cr\u00e9ant une atmosph\u00e8re chaleureuse et accueillante, id\u00e9ale aussi bien pour l&rsquo;int\u00e9rieur que pour l&rsquo;ext\u00e9rieur. Le mot \u00ab\u00a0Barcelone\u00a0\u00bb est \u00e9l\u00e9gamment inscrit, faisant de cette pi\u00e8ce un souvenir m\u00e9morable et repr\u00e9sentatif de la cit\u00e9 comtale. Les \u00e9l\u00e9ments floraux et la salamandre ne sont pas seulement esth\u00e9tiquement attrayants, mais refl\u00e8tent \u00e9galement la riche biodiversit\u00e9 et le patrimoine culturel de Barcelone.<\/p>\n<p>Chez Ol\u00e9 Mosaic, nous sommes experts dans la distribution de souvenirs en gros, offrant des produits authentiques qui capturent l&rsquo;essence de chaque r\u00e9gion. Ce photophore en c\u00e9ramique est une excellente option pour les boutiques de cadeaux touristiques \u00e0 la recherche de souvenirs de Barcelone uniques et de qualit\u00e9. Sans aucun doute, un article qui se distingue par son authenticit\u00e9 et sa pertinence culturelle.<\/p>\n","protected":false},"excerpt":{"rendered":"<p>Photophore en c\u00e9ramique au design color\u00e9, inspir\u00e9 de l&rsquo;\u0153uvre de Gaud\u00ed. Il repr\u00e9sente une salamandre et des fleurs typiques de Barcelone. Ce photophore, au fini blanc, pr\u00e9sente des d\u00e9tails en mosa\u00efque dans des tons brillants comme le jaune, le rouge et le bleu, apportant une touche vibrante \u00e0 tout espace. Le mot \u00ab\u00a0Barcelone\u00a0\u00bb est inscrit de mani\u00e8re \u00e9l\u00e9gante, en faisant un souvenir parfait de la cit\u00e9 comtale. Id\u00e9al pour \u00e9clairer et d\u00e9corer avec style.<\/p>\n","protected":false},"featured_media":8083,"template":"","meta":{"_acf_changed":false},"product_brand":[],"product_cat":[809],"product_tag":[530,585],"class_list":{"0":"post-32305","1":"product","2":"type-product","3":"status-publish","4":"has-post-thumbnail","6":"product_cat-photophores","7":"product_tag-animaux","8":"product_tag-ceramique","9":"pa_ciudad-barcelona","10":"pa_motivo-salamandres","11":"pa_pais-espana","13":"first","14":"instock","15":"shipping-taxable","16":"product-type-simple"},"acf":[],"_links":{"self":[{"href":"https:\/\/olemosaic.com\/fr\/wp-json\/wp\/v2\/product\/32305","targetHints":{"allow":["GET"]}}],"collection":[{"href":"https:\/\/olemosaic.com\/fr\/wp-json\/wp\/v2\/product"}],"about":[{"href":"https:\/\/olemosaic.com\/fr\/wp-json\/wp\/v2\/types\/product"}],"wp:featuredmedia":[{"embeddable":true,"href":"https:\/\/olemosaic.com\/fr\/wp-json\/wp\/v2\/media\/8083"}],"wp:attachment":[{"href":"https:\/\/olemosaic.com\/fr\/wp-json\/wp\/v2\/media?parent=32305"}],"wp:term":[{"taxonomy":"product_brand","embeddable":true,"href":"https:\/\/olemosaic.com\/fr\/wp-json\/wp\/v2\/product_brand?post=32305"},{"taxonomy":"product_cat","embeddable":true,"href":"https:\/\/olemosaic.com\/fr\/wp-json\/wp\/v2\/product_cat?post=32305"},{"taxonomy":"product_tag","embeddable":true,"href":"https:\/\/olemosaic.com\/fr\/wp-json\/wp\/v2\/product_tag?post=32305"}],"curies":[{"name":"wp","href":"https:\/\/api.w.org\/{rel}","templated":true}]}}