{"id":32288,"date":"2025-02-20T23:34:08","date_gmt":"2025-02-20T22:34:08","guid":{"rendered":"http:\/\/olemosaic.com\/producto\/portavelas-de-ceramica-patio-blanco-2\/"},"modified":"2025-07-25T20:01:49","modified_gmt":"2025-07-25T18:01:49","slug":"photophore-en-ceramique-patio-blanc-2","status":"publish","type":"product","link":"https:\/\/olemosaic.com\/fr\/produit\/photophore-en-ceramique-patio-blanc-2\/","title":{"rendered":"Photophore en c\u00e9ramique. Patio andalou. Blanc."},"content":{"rendered":"<p>Ce photophore en c\u00e9ramique d\u00e9cor\u00e9e \u00e9voque la magie d&rsquo;un patio andalou, ce qui en fait une pi\u00e8ce id\u00e9ale pour tout foyer souhaitant ajouter une touche culturelle et festive. Son design carr\u00e9 se distingue par une illustration vibrante qui capture un moment de f\u00eate, o\u00f9 une danseuse de flamenco, v\u00eatue d&rsquo;une \u00e9blouissante robe rouge, bouge au rythme d&rsquo;un guitariste passionn\u00e9. L&rsquo;ambiance est compl\u00e9t\u00e9e par des pots de fleurs arborant d&rsquo;exub\u00e9rantes fleurs rouges, offrant un air de vie et de couleur qui invite \u00e0 profiter de la chaleur de la culture espagnole.<\/p>\n<p>Avec sa base blanche brillante, ce photophore rehausse les d\u00e9licats d\u00e9tails peints \u00e0 la main, incluant une lanterne qui compl\u00e8te la sc\u00e8ne, \u00e9voquant les nuits magiques des f\u00eates andalouses. Chaque \u00e9l\u00e9ment a \u00e9t\u00e9 soigneusement con\u00e7u pour transmettre l&rsquo;essence de la tradition visuelle du sud de l&rsquo;Espagne, en faisant un authentique souvenir qui capture l&rsquo;exp\u00e9rience culturelle de la r\u00e9gion.<\/p>\n<p>Ce photophore n&rsquo;est pas seulement une option d\u00e9corative pour \u00e9clairer des moments sp\u00e9ciaux, mais c&rsquo;est aussi un souvenir repr\u00e9sentatif du riche h\u00e9ritage culturel de l&rsquo;Andalousie. Chez Ol\u00e9 Mosaic, nous nous consacrons \u00e0 offrir des souvenirs en gros qui c\u00e9l\u00e8brent l&rsquo;authenticit\u00e9 et l&rsquo;art de la tradition espagnole, faisant de ce photophore un excellent choix pour les boutiques de cadeaux touristiques \u00e0 la recherche de produits ayant du sens et de la qualit\u00e9.<\/p>\n","protected":false},"excerpt":{"rendered":"<p>Photophore en c\u00e9ramique d\u00e9cor\u00e9, \u00e9voquant le charme d&rsquo;un patio andalou. Son design carr\u00e9 pr\u00e9sente une illustration color\u00e9e d&rsquo;une ambiance festive, avec une danseuse de flamenco v\u00eatue de rouge et un guitariste. Entour\u00e9 de pots de fleurs rouges et d&rsquo;une lanterne, ce photophore se distingue par ses couleurs vives et ses d\u00e9tails peints \u00e0 la main, parfait pour ajouter une touche traditionnelle \u00e0 n&rsquo;importe quel espace. Id\u00e9al pour illuminer vos moments avec style.<\/p>\n","protected":false},"featured_media":8421,"template":"","meta":{"_acf_changed":false},"product_brand":[],"product_cat":[809],"product_tag":[585],"class_list":{"0":"post-32288","1":"product","2":"type-product","3":"status-publish","4":"has-post-thumbnail","6":"product_cat-photophores","7":"product_tag-ceramique","8":"pa_motivo-cours-interieures","10":"first","11":"instock","12":"shipping-taxable","13":"product-type-simple"},"acf":[],"_links":{"self":[{"href":"https:\/\/olemosaic.com\/fr\/wp-json\/wp\/v2\/product\/32288","targetHints":{"allow":["GET"]}}],"collection":[{"href":"https:\/\/olemosaic.com\/fr\/wp-json\/wp\/v2\/product"}],"about":[{"href":"https:\/\/olemosaic.com\/fr\/wp-json\/wp\/v2\/types\/product"}],"wp:featuredmedia":[{"embeddable":true,"href":"https:\/\/olemosaic.com\/fr\/wp-json\/wp\/v2\/media\/8421"}],"wp:attachment":[{"href":"https:\/\/olemosaic.com\/fr\/wp-json\/wp\/v2\/media?parent=32288"}],"wp:term":[{"taxonomy":"product_brand","embeddable":true,"href":"https:\/\/olemosaic.com\/fr\/wp-json\/wp\/v2\/product_brand?post=32288"},{"taxonomy":"product_cat","embeddable":true,"href":"https:\/\/olemosaic.com\/fr\/wp-json\/wp\/v2\/product_cat?post=32288"},{"taxonomy":"product_tag","embeddable":true,"href":"https:\/\/olemosaic.com\/fr\/wp-json\/wp\/v2\/product_tag?post=32288"}],"curies":[{"name":"wp","href":"https:\/\/api.w.org\/{rel}","templated":true}]}}