{"id":32286,"date":"2025-02-20T23:34:08","date_gmt":"2025-02-20T22:34:08","guid":{"rendered":"http:\/\/olemosaic.com\/producto\/portavelas-de-ceramica-marbella-azul\/"},"modified":"2025-07-25T20:03:30","modified_gmt":"2025-07-25T18:03:30","slug":"photophore-en-ceramique-marbella-bleu","status":"publish","type":"product","link":"https:\/\/olemosaic.com\/fr\/produit\/photophore-en-ceramique-marbella-bleu\/","title":{"rendered":"Photophore en c\u00e9ramique. Marbella. Bleu."},"content":{"rendered":"<p>Ce photophore en c\u00e9ramique, d\u00e9cor\u00e9 d&rsquo;une repr\u00e9sentation color\u00e9e de Marbella, est la pi\u00e8ce id\u00e9ale pour capturer l&rsquo;essence de cette charmante destination andalouse. Son design carr\u00e9 pr\u00e9sente une magnifique illustration qui refl\u00e8te un paysage vibrant typique de Marbella, o\u00f9 des rues orn\u00e9es de fleurs et une fontaine traditionnelle se fondent dans un tableau iridescent. La technique de peinture \u00e0 la main souligne les tons bleus intenses du ciel et les mosa\u00efques d\u00e9taill\u00e9es, montrant la richesse artistique et culturelle de la r\u00e9gion. Ce photophore n&rsquo;est pas seulement un \u00e9l\u00e9ment d\u00e9coratif, mais devient \u00e9galement un souvenir tangible des exp\u00e9riences v\u00e9cues dans cette c\u00e9l\u00e8bre destination touristique, connue pour sa splendeur m\u00e9diterran\u00e9enne.<\/p>\n<p>La connexion culturelle avec Marbella est profonde, \u00e9voquant la chaleur et les couleurs du sud de l&rsquo;Espagne, ce qui en fait un souvenir remarquable qui plaira \u00e0 ceux qui recherchent des produits authentiques et repr\u00e9sentatifs. Ce photophore est une excellente option pour les touristes qui souhaitent emporter un petit morceau d&rsquo;Andalousie chez eux, offrant une touche de style et de tradition \u00e0 n&rsquo;importe quel foyer. Chez Ol\u00e9 Mosaic, en tant que grossiste de souvenirs de Marbella, nous garantissons l&rsquo;authenticit\u00e9 et la qualit\u00e9 de chaque pi\u00e8ce, assurant que ce photophore en c\u00e9ramique soit un reflet fid\u00e8le de la splendeur andalouse et un compl\u00e9ment parfait pour les boutiques de cadeaux touristiques.<\/p>\n","protected":false},"excerpt":{"rendered":"<p>Photophore en c\u00e9ramique d\u00e9cor\u00e9 d&rsquo;une repr\u00e9sentation color\u00e9e de Marbella. Ce s\u00e9duisant photophore pr\u00e9sente un design carr\u00e9 avec une magnifique illustration d&rsquo;un paysage andalou : des rues typiques orn\u00e9es de fleurs et une fontaine. La technique de conception artisanale, peinte \u00e0 la main, souligne les tons bleus vibrants et les d\u00e9tails de la mosa\u00efque, capturant l&rsquo;essence de la c\u00e9l\u00e8bre destination touristique. Id\u00e9al pour ajouter une touche andalouse \u00e0 n&rsquo;importe quel foyer.<\/p>\n","protected":false},"featured_media":9920,"template":"","meta":{"_acf_changed":false},"product_brand":[],"product_cat":[809],"product_tag":[585],"class_list":{"0":"post-32286","1":"product","2":"type-product","3":"status-publish","4":"has-post-thumbnail","6":"product_cat-photophores","7":"product_tag-ceramique","8":"pa_ciudad-marbella","9":"pa_pais-espana","11":"first","12":"instock","13":"shipping-taxable","14":"product-type-simple"},"acf":[],"_links":{"self":[{"href":"https:\/\/olemosaic.com\/fr\/wp-json\/wp\/v2\/product\/32286","targetHints":{"allow":["GET"]}}],"collection":[{"href":"https:\/\/olemosaic.com\/fr\/wp-json\/wp\/v2\/product"}],"about":[{"href":"https:\/\/olemosaic.com\/fr\/wp-json\/wp\/v2\/types\/product"}],"wp:featuredmedia":[{"embeddable":true,"href":"https:\/\/olemosaic.com\/fr\/wp-json\/wp\/v2\/media\/9920"}],"wp:attachment":[{"href":"https:\/\/olemosaic.com\/fr\/wp-json\/wp\/v2\/media?parent=32286"}],"wp:term":[{"taxonomy":"product_brand","embeddable":true,"href":"https:\/\/olemosaic.com\/fr\/wp-json\/wp\/v2\/product_brand?post=32286"},{"taxonomy":"product_cat","embeddable":true,"href":"https:\/\/olemosaic.com\/fr\/wp-json\/wp\/v2\/product_cat?post=32286"},{"taxonomy":"product_tag","embeddable":true,"href":"https:\/\/olemosaic.com\/fr\/wp-json\/wp\/v2\/product_tag?post=32286"}],"curies":[{"name":"wp","href":"https:\/\/api.w.org\/{rel}","templated":true}]}}