{"id":32285,"date":"2025-02-20T22:34:07","date_gmt":"2025-02-20T22:34:07","guid":{"rendered":"http:\/\/olemosaic.com\/producto\/portavelas-de-ceramica-mosaico-blanco\/"},"modified":"2025-07-25T20:15:28","modified_gmt":"2025-07-25T18:15:28","slug":"photophore-en-ceramique-mosaique-blanc","status":"publish","type":"product","link":"https:\/\/olemosaic.com\/fr\/produit\/photophore-en-ceramique-mosaique-blanc\/","title":{"rendered":"Photophore en c\u00e9ramique. Mosa\u00efque. Blanc."},"content":{"rendered":"<p>Ce photophore en c\u00e9ramique, d\u00e9cor\u00e9 de motifs de mosa\u00efque color\u00e9s, est une v\u00e9ritable expression de la richesse de l&rsquo;art espagnol. Son design carr\u00e9, \u00e9labor\u00e9 en c\u00e9ramique de haute qualit\u00e9, pr\u00e9sente une combinaison vibrante de couleurs, telles que les bleus, les rouges, les oranges et les verts, qui contrastent parfaitement sur un fond blanc, \u00e9voquant la tradition artistique des azulejos andalous et m\u00e9diterran\u00e9ens. Chaque c\u00f4t\u00e9 est orn\u00e9 de motifs g\u00e9om\u00e9triques et floraux complexes qui rendent hommage \u00e0 l&rsquo;h\u00e9ritage culturel du pays, capturant l&rsquo;essence de la mosa\u00efque espagnole, symbole de beaut\u00e9 et de sophistication. Ce magnifique photophore apporte non seulement une touche de chaleur et de couleur \u00e0 n&rsquo;importe quel espace, mais sert \u00e9galement de souvenir authentique de votre visite en Espagne. Id\u00e9al pour cr\u00e9er une atmosph\u00e8re accueillante dans la maison, chaque photophore refl\u00e8te le savoir-faire artisanal des c\u00e9ramistes espagnols. Chez Ol\u00e9 Mosaic, nous nous sp\u00e9cialisons dans la distribution de souvenirs en c\u00e9ramique en gros, et ce photophore est un excellent choix pour les boutiques de cadeaux touristiques cherchant \u00e0 offrir des produits authentiques et de qualit\u00e9. De plus, sa pertinence culturelle en fait le souvenir parfait pour ceux qui souhaitent emporter un morceau d&rsquo;Espagne chez eux.<\/p>\n","protected":false},"excerpt":{"rendered":"<p>Photophore en c\u00e9ramique d\u00e9cor\u00e9 de motifs de mosa\u00efque color\u00e9s. Cet \u00e9l\u00e9gant photophore, au design carr\u00e9, pr\u00e9sente une combinaison vibrante de bleus, rouges, oranges et verts sur un fond blanc, \u00e9voquant l&rsquo;art traditionnel espagnol. Chaque c\u00f4t\u00e9 est orn\u00e9 de motifs g\u00e9om\u00e9triques et floraux rappelant le riche h\u00e9ritage culturel du pays. Id\u00e9al pour apporter une touche de chaleur et de couleur \u00e0 n&rsquo;importe quel espace, alliant fonctionnalit\u00e9 et esth\u00e9tique.<\/p>\n","protected":false},"featured_media":9031,"template":"","meta":{"_acf_changed":false},"product_brand":[],"product_cat":[809],"product_tag":[585],"class_list":{"0":"post-32285","1":"product","2":"type-product","3":"status-publish","4":"has-post-thumbnail","6":"product_cat-photophores","7":"product_tag-ceramique","8":"pa_motivo-mosaique","10":"first","11":"instock","12":"shipping-taxable","13":"product-type-simple"},"acf":[],"_links":{"self":[{"href":"https:\/\/olemosaic.com\/fr\/wp-json\/wp\/v2\/product\/32285","targetHints":{"allow":["GET"]}}],"collection":[{"href":"https:\/\/olemosaic.com\/fr\/wp-json\/wp\/v2\/product"}],"about":[{"href":"https:\/\/olemosaic.com\/fr\/wp-json\/wp\/v2\/types\/product"}],"wp:featuredmedia":[{"embeddable":true,"href":"https:\/\/olemosaic.com\/fr\/wp-json\/wp\/v2\/media\/9031"}],"wp:attachment":[{"href":"https:\/\/olemosaic.com\/fr\/wp-json\/wp\/v2\/media?parent=32285"}],"wp:term":[{"taxonomy":"product_brand","embeddable":true,"href":"https:\/\/olemosaic.com\/fr\/wp-json\/wp\/v2\/product_brand?post=32285"},{"taxonomy":"product_cat","embeddable":true,"href":"https:\/\/olemosaic.com\/fr\/wp-json\/wp\/v2\/product_cat?post=32285"},{"taxonomy":"product_tag","embeddable":true,"href":"https:\/\/olemosaic.com\/fr\/wp-json\/wp\/v2\/product_tag?post=32285"}],"curies":[{"name":"wp","href":"https:\/\/api.w.org\/{rel}","templated":true}]}}