{"id":32284,"date":"2025-02-20T23:34:07","date_gmt":"2025-02-20T22:34:07","guid":{"rendered":"http:\/\/olemosaic.com\/producto\/portavelas-de-ceramica-barcelona-blanco\/"},"modified":"2025-07-25T18:42:54","modified_gmt":"2025-07-25T16:42:54","slug":"photophore-en-ceramique-barcelone-blanc","status":"publish","type":"product","link":"https:\/\/olemosaic.com\/fr\/produit\/photophore-en-ceramique-barcelone-blanc\/","title":{"rendered":"Photophore en c\u00e9ramique. Barcelone. Blanc."},"content":{"rendered":"<p>Ce photophore en c\u00e9ramique, de forme carr\u00e9e, est un souvenir attrayant qui \u00e9voque l&rsquo;essence artistique de Barcelone. D\u00e9cor\u00e9 d&rsquo;illustrations color\u00e9es des monuments embl\u00e9matiques de la ville, ce photophore \u00e9l\u00e9gant pr\u00e9sente une repr\u00e9sentation vibrante de la Sagrada Familia et d&rsquo;autres \u00e9difices iconiques, le tout sur un fond blanc qui fait ressortir les d\u00e9tails complexes de son design. Peinte \u00e0 la main, chaque pi\u00e8ce capture la diversit\u00e9 architecturale de Barcelone, des formes ondul\u00e9es de Gaud\u00ed au style gothique du quartier gothique, cr\u00e9ant une pi\u00e8ce unique qui se d\u00e9marque dans n&rsquo;importe quel int\u00e9rieur.<\/p>\n<p>La finition brillante de la c\u00e9ramique en fait un \u00e9l\u00e9ment d\u00e9coratif et un symbole de la riche culture catalane. Ce photophore est id\u00e9al pour \u00e9clairer n&rsquo;importe quel espace, apportant une touche de chaleur et de couleur gr\u00e2ce \u00e0 son design vibrant. En tant que souvenir repr\u00e9sentatif de Barcelone, il offre aux touristes l&rsquo;occasion parfaite de ramener un morceau de la ville, en se souvenant de ses monuments et de l&rsquo;\u00e9nergie unique qui les entoure.<\/p>\n<p>Chez Ol\u00e9 Mosaic, nous sommes experts dans la distribution de souvenirs en gros, et ce photophore en c\u00e9ramique est un excellent produit pour les boutiques de cadeaux touristiques. Son authenticit\u00e9 et sa pertinence culturelle en font une option in\u00e9gal\u00e9e pour ceux qui recherchent des souvenirs de qualit\u00e9 capturant l&rsquo;essence de la merveilleuse Barcelone.<\/p>\n","protected":false},"excerpt":{"rendered":"<p>Photophore en c\u00e9ramique de forme carr\u00e9e, d\u00e9cor\u00e9 d&rsquo;illustrations color\u00e9es des monuments embl\u00e9matiques de Barcelone. Ce design attrayant pr\u00e9sente une repr\u00e9sentation vibrante de la Sagrada Familia et d&rsquo;autres \u00e9difices iconiques, le tout sur une finition blanche qui fait ressortir les d\u00e9tails. Avec une finition brillante et un design artisanal, peint \u00e0 la main, il capture l&rsquo;essence artistique de la ville, ce qui en fait un compl\u00e9ment id\u00e9al pour tout foyer souhaitant incorporer une touche de la culture barcelonaise.<\/p>\n","protected":false},"featured_media":9510,"template":"","meta":{"_acf_changed":false},"product_brand":[],"product_cat":[809],"product_tag":[585],"class_list":{"0":"post-32284","1":"product","2":"type-product","3":"status-publish","4":"has-post-thumbnail","6":"product_cat-photophores","7":"product_tag-ceramique","8":"pa_ciudad-barcelona","9":"pa_pais-espana","11":"first","12":"instock","13":"shipping-taxable","14":"product-type-simple"},"acf":[],"_links":{"self":[{"href":"https:\/\/olemosaic.com\/fr\/wp-json\/wp\/v2\/product\/32284","targetHints":{"allow":["GET"]}}],"collection":[{"href":"https:\/\/olemosaic.com\/fr\/wp-json\/wp\/v2\/product"}],"about":[{"href":"https:\/\/olemosaic.com\/fr\/wp-json\/wp\/v2\/types\/product"}],"wp:featuredmedia":[{"embeddable":true,"href":"https:\/\/olemosaic.com\/fr\/wp-json\/wp\/v2\/media\/9510"}],"wp:attachment":[{"href":"https:\/\/olemosaic.com\/fr\/wp-json\/wp\/v2\/media?parent=32284"}],"wp:term":[{"taxonomy":"product_brand","embeddable":true,"href":"https:\/\/olemosaic.com\/fr\/wp-json\/wp\/v2\/product_brand?post=32284"},{"taxonomy":"product_cat","embeddable":true,"href":"https:\/\/olemosaic.com\/fr\/wp-json\/wp\/v2\/product_cat?post=32284"},{"taxonomy":"product_tag","embeddable":true,"href":"https:\/\/olemosaic.com\/fr\/wp-json\/wp\/v2\/product_tag?post=32284"}],"curies":[{"name":"wp","href":"https:\/\/api.w.org\/{rel}","templated":true}]}}