{"id":32280,"date":"2025-02-20T23:34:07","date_gmt":"2025-02-20T22:34:07","guid":{"rendered":"http:\/\/olemosaic.com\/producto\/portavelas-de-ceramica-patio-blanco\/"},"modified":"2025-07-25T19:24:11","modified_gmt":"2025-07-25T17:24:11","slug":"photophore-en-ceramique-patio-blanc","status":"publish","type":"product","link":"https:\/\/olemosaic.com\/fr\/produit\/photophore-en-ceramique-patio-blanc\/","title":{"rendered":"Photophore en c\u00e9ramique. Patio. Blanc."},"content":{"rendered":"<p>Ce photophore carr\u00e9 en c\u00e9ramique est une v\u00e9ritable repr\u00e9sentation du charme d&rsquo;un patio andalou, con\u00e7u pour embellir n&rsquo;importe quel espace avec sa chaleur et ses couleurs. Peint \u00e0 la main, le produit se distingue par ses motifs vibrants qui \u00e9voquent l&rsquo;essence du folklore espagnol, pr\u00e9sentant des pots de fleurs color\u00e9s et une guitare, symboles embl\u00e9matiques de la culture andalouse. Les parois du photophore sont illustr\u00e9es dans un style rappelant les mosa\u00efques traditionnelles, utilisant un fond blanc qui fait ressortir la richesse des d\u00e9tails dans des tons vifs de rouge, bleu et vert. Son design \u00e9l\u00e9gant ne sert pas seulement \u00e0 tenir une bougie, mais agit \u00e9galement comme un \u00e9l\u00e9ment d\u00e9coratif attrayant qui apporte une touche d&rsquo;authenticit\u00e9 \u00e0 n&rsquo;importe quel environnement, id\u00e9al pour ceux qui recherchent des souvenirs repr\u00e9sentatifs de l&rsquo;Espagne. Ce photophore est un excellent cadeau pour les touristes souhaitant ramener un morceau de la tradition andalouse chez eux, ce qui en fait un souvenir m\u00e9morable et significatif. Chez Ol\u00e9 Mosaic, nous sommes fiers d&rsquo;offrir une s\u00e9lection soign\u00e9e de souvenirs en c\u00e9ramique qui se distinguent par leur savoir-faire et leur pertinence culturelle, parfaits pour les boutiques de cadeaux touristiques \u00e0 la recherche de produits authentiques.<\/p>\n","protected":false},"excerpt":{"rendered":"<p>Photophore carr\u00e9 en c\u00e9ramique, d\u00e9cor\u00e9 d&rsquo;un charmant patio andalou. Ce produit au design artisanal, peint \u00e0 la main, pr\u00e9sente des motifs color\u00e9s de fleurs en pots et une guitare, \u00e9voquant l&rsquo;essence du folklore espagnol. Les parois sont illustr\u00e9es dans un style mosa\u00efque blanc avec des d\u00e9tails aux tons vibrants de rouge, bleu et vert. Son design \u00e9l\u00e9gant est id\u00e9al pour apporter une touche authentique et chaleureuse \u00e0 n&rsquo;importe quel environnement.<\/p>\n","protected":false},"featured_media":8500,"template":"","meta":{"_acf_changed":false},"product_brand":[],"product_cat":[809],"product_tag":[585],"class_list":{"0":"post-32280","1":"product","2":"type-product","3":"status-publish","4":"has-post-thumbnail","6":"product_cat-photophores","7":"product_tag-ceramique","8":"pa_motivo-cours-interieures","10":"first","11":"instock","12":"shipping-taxable","13":"product-type-simple"},"acf":[],"_links":{"self":[{"href":"https:\/\/olemosaic.com\/fr\/wp-json\/wp\/v2\/product\/32280","targetHints":{"allow":["GET"]}}],"collection":[{"href":"https:\/\/olemosaic.com\/fr\/wp-json\/wp\/v2\/product"}],"about":[{"href":"https:\/\/olemosaic.com\/fr\/wp-json\/wp\/v2\/types\/product"}],"wp:featuredmedia":[{"embeddable":true,"href":"https:\/\/olemosaic.com\/fr\/wp-json\/wp\/v2\/media\/8500"}],"wp:attachment":[{"href":"https:\/\/olemosaic.com\/fr\/wp-json\/wp\/v2\/media?parent=32280"}],"wp:term":[{"taxonomy":"product_brand","embeddable":true,"href":"https:\/\/olemosaic.com\/fr\/wp-json\/wp\/v2\/product_brand?post=32280"},{"taxonomy":"product_cat","embeddable":true,"href":"https:\/\/olemosaic.com\/fr\/wp-json\/wp\/v2\/product_cat?post=32280"},{"taxonomy":"product_tag","embeddable":true,"href":"https:\/\/olemosaic.com\/fr\/wp-json\/wp\/v2\/product_tag?post=32280"}],"curies":[{"name":"wp","href":"https:\/\/api.w.org\/{rel}","templated":true}]}}