{"id":32267,"date":"2025-02-20T22:34:06","date_gmt":"2025-02-20T22:34:06","guid":{"rendered":"http:\/\/olemosaic.com\/producto\/plato-de-ceramica-de-85-cm-camino-de-santiago-beige\/"},"modified":"2025-07-25T19:55:25","modified_gmt":"2025-07-25T17:55:25","slug":"assiette-en-ceramique-de-8-5-cm-chemin-de-compostelle-beige","status":"publish","type":"product","link":"https:\/\/olemosaic.com\/fr\/produit\/assiette-en-ceramique-de-8-5-cm-chemin-de-compostelle-beige\/","title":{"rendered":"Assiette en c\u00e9ramique de 8,5 cm. Chemin de Compostelle. Beige."},"content":{"rendered":"<p>Cette assiette en c\u00e9ramique de 8,5 cm, inspir\u00e9e de l&#8217;embl\u00e9matique Chemin de Saint-Jacques-de-Compostelle, est un souvenir exquis qui capture l&rsquo;essence de cette route de p\u00e8lerinage historique. Avec un design incurv\u00e9 attrayant dans une couleur beige chaleureuse, l&rsquo;assiette pr\u00e9sente une illustration color\u00e9e comprenant la majestueuse cath\u00e9drale de Saint-Jacques-de-Compostelle, un p\u00e8lerin avec son bourdon, une coquille symbolique et les fl\u00e8ches qui guident les marcheurs dans leur voyage. Les couleurs vives de l&rsquo;assiette ne rehaussent pas seulement la beaut\u00e9 de chaque \u00e9l\u00e9ment, mais transmettent \u00e9galement la profondeur culturelle du Chemin, montrant le m\u00e9lange d&rsquo;aventure et de spiritualit\u00e9 qu&rsquo;il repr\u00e9sente. L&rsquo;inscription \u00ab CAMINO DE SANTIAGO \u00bb ajoute une touche personnelle et en fait un souvenir significatif pour ceux qui ont parcouru ou souhaitent parcourir cette route embl\u00e9matique.<\/p>\n<p>Cette assiette n&rsquo;est pas seulement une pi\u00e8ce d\u00e9corative, mais aussi un hommage \u00e0 la riche histoire et \u00e0 la tradition du Chemin de Saint-Jacques, qui est une destination de p\u00e8lerinage depuis des si\u00e8cles. Chez Ol\u00e9 Mosaic, nous nous sp\u00e9cialisons dans la distribution de souvenirs en gros, et cette assiette est un choix id\u00e9al pour les boutiques de cadeaux touristiques en qu\u00eate d&rsquo;authenticit\u00e9 et de culture. Avec son design attrayant et sa pertinence culturelle, cette assiette en c\u00e9ramique est un souvenir parfait pour ceux qui cherchent \u00e0 ramener un morceau de la magie du chemin chez eux.<\/p>\n","protected":false},"excerpt":{"rendered":"<p>Assiette en c\u00e9ramique de 8,5 cm, inspir\u00e9e de l&#8217;embl\u00e9matique Chemin de Saint-Jacques-de-Compostelle. Cette assiette attrayante, au design incurv\u00e9 et de couleur beige, pr\u00e9sente une illustration color\u00e9e comprenant la c\u00e9l\u00e8bre cath\u00e9drale de Saint-Jacques-de-Compostelle, un p\u00e8lerin avec son bourdon, une coquille et des fl\u00e8ches guidant le chemin. Les couleurs vives et le texte \u00ab\u00a0CAMINO DE SANTIAGO\u00a0\u00bb en font un souvenir parfait qui capture l&rsquo;essence de cette route historique.<\/p>\n","protected":false},"featured_media":8718,"template":"","meta":{"_acf_changed":false},"product_brand":[],"product_cat":[656],"product_tag":[585],"class_list":{"0":"post-32267","1":"product","2":"type-product","3":"status-publish","4":"has-post-thumbnail","6":"product_cat-assiettes-decoratives","7":"product_tag-ceramique","8":"pa_ciudad-santiago-de-compostela","9":"pa_pais-espana","11":"first","12":"instock","13":"shipping-taxable","14":"product-type-simple"},"acf":[],"_links":{"self":[{"href":"https:\/\/olemosaic.com\/fr\/wp-json\/wp\/v2\/product\/32267","targetHints":{"allow":["GET"]}}],"collection":[{"href":"https:\/\/olemosaic.com\/fr\/wp-json\/wp\/v2\/product"}],"about":[{"href":"https:\/\/olemosaic.com\/fr\/wp-json\/wp\/v2\/types\/product"}],"wp:featuredmedia":[{"embeddable":true,"href":"https:\/\/olemosaic.com\/fr\/wp-json\/wp\/v2\/media\/8718"}],"wp:attachment":[{"href":"https:\/\/olemosaic.com\/fr\/wp-json\/wp\/v2\/media?parent=32267"}],"wp:term":[{"taxonomy":"product_brand","embeddable":true,"href":"https:\/\/olemosaic.com\/fr\/wp-json\/wp\/v2\/product_brand?post=32267"},{"taxonomy":"product_cat","embeddable":true,"href":"https:\/\/olemosaic.com\/fr\/wp-json\/wp\/v2\/product_cat?post=32267"},{"taxonomy":"product_tag","embeddable":true,"href":"https:\/\/olemosaic.com\/fr\/wp-json\/wp\/v2\/product_tag?post=32267"}],"curies":[{"name":"wp","href":"https:\/\/api.w.org\/{rel}","templated":true}]}}