{"id":32249,"date":"2025-02-20T23:34:06","date_gmt":"2025-02-20T22:34:06","guid":{"rendered":"http:\/\/olemosaic.com\/producto\/plato-de-ceramica-de-85-cm-panoramica-barcelona-beige\/"},"modified":"2025-07-25T20:01:35","modified_gmt":"2025-07-25T18:01:35","slug":"assiette-en-ceramique-de-8-5-cm-panoramique-barcelone-beige","status":"publish","type":"product","link":"https:\/\/olemosaic.com\/fr\/produit\/assiette-en-ceramique-de-8-5-cm-panoramique-barcelone-beige\/","title":{"rendered":"Assiette en c\u00e9ramique de 8,5 cm. Panoramique. Barcelone. Beige."},"content":{"rendered":"<p>Cette assiette en c\u00e9ramique de 8,5 cm est une repr\u00e9sentation \u00e9l\u00e9gante de la vibrante ville de Barcelone, con\u00e7ue pour capturer l&rsquo;essence de son architecture et de sa culture. Sa forme carr\u00e9e aux bords incurv\u00e9s souligne un style moderne et attrayant, id\u00e9al pour exposer des designs dans n&rsquo;importe quel espace. L&rsquo;illustration, \u00e0 effet peint \u00e0 la main, montre l&rsquo;iconique Sagrada Familia, ainsi que d&rsquo;autres b\u00e2timents embl\u00e9matiques qui ornent la skyline barcelonaise, le tout immerg\u00e9 dans une palette de couleurs vibrantes telles que le rouge, le bleu et le jaune, qui \u00e9voquent l&rsquo;\u00e9nergie de la ville. D\u00e9cor\u00e9e d&rsquo;un bord orange et du texte \u00ab\u00a0Barcelona\u00a0\u00bb, cette assiette n&rsquo;est pas seulement un objet fonctionnel, mais aussi une pi\u00e8ce d\u00e9corative qui \u00e9voquera des souvenirs de vos voyages.<\/p>\n<p>Ce souvenir repr\u00e9sente non seulement le savoir-faire artisanal de la c\u00e9ramique catalane, mais souligne \u00e9galement le lien culturel de Barcelone avec son c\u00e9l\u00e8bre art et son architecture. Les visiteurs de la ville, \u00e0 la recherche d&rsquo;un souvenir authentique, trouveront dans cette assiette une excellente option qui symbolise la richesse du patrimoine espagnol. Chez Ol\u00e9 Mosaic, nous sommes fiers de proposer des produits uniques et repr\u00e9sentatifs, faisant de cette assiette en c\u00e9ramique un compl\u00e9ment parfait pour les boutiques de cadeaux touristiques. Attirez vos clients avec un authentique souvenir de Barcelone, id\u00e9al pour ceux qui cherchent \u00e0 ramener un morceau de la ville \u00e0 la maison.<\/p>\n","protected":false},"excerpt":{"rendered":"<p>Assiette en c\u00e9ramique de 8,5 cm avec une charmante vue panoramique de Barcelone. Cette assiette \u00e9l\u00e9gante, au design carr\u00e9 avec des bords incurv\u00e9s, pr\u00e9sente une illustration au design artisanal, peinte \u00e0 la main, de l&rsquo;iconique Sagrada Familia et d&rsquo;autres b\u00e2timents embl\u00e9matiques de la ville, mis en valeur par des couleurs vibrantes comme le rouge, le bleu et le jaune. D\u00e9cor\u00e9e d&rsquo;un bord orange et du mot \u00ab\u00a0Barcelona\u00a0\u00bb, c&rsquo;est une pi\u00e8ce exquise qui \u00e9voque l&rsquo;art et la culture catalane, id\u00e9ale pour l&rsquo;exposition ou comme souvenir.<\/p>\n","protected":false},"featured_media":7697,"template":"","meta":{"_acf_changed":false},"product_brand":[],"product_cat":[656],"product_tag":[585],"class_list":{"0":"post-32249","1":"product","2":"type-product","3":"status-publish","4":"has-post-thumbnail","6":"product_cat-assiettes-decoratives","7":"product_tag-ceramique","8":"pa_ciudad-barcelona","9":"pa_motivo-panoramas","10":"pa_pais-espana","12":"first","13":"instock","14":"shipping-taxable","15":"product-type-simple"},"acf":[],"_links":{"self":[{"href":"https:\/\/olemosaic.com\/fr\/wp-json\/wp\/v2\/product\/32249","targetHints":{"allow":["GET"]}}],"collection":[{"href":"https:\/\/olemosaic.com\/fr\/wp-json\/wp\/v2\/product"}],"about":[{"href":"https:\/\/olemosaic.com\/fr\/wp-json\/wp\/v2\/types\/product"}],"wp:featuredmedia":[{"embeddable":true,"href":"https:\/\/olemosaic.com\/fr\/wp-json\/wp\/v2\/media\/7697"}],"wp:attachment":[{"href":"https:\/\/olemosaic.com\/fr\/wp-json\/wp\/v2\/media?parent=32249"}],"wp:term":[{"taxonomy":"product_brand","embeddable":true,"href":"https:\/\/olemosaic.com\/fr\/wp-json\/wp\/v2\/product_brand?post=32249"},{"taxonomy":"product_cat","embeddable":true,"href":"https:\/\/olemosaic.com\/fr\/wp-json\/wp\/v2\/product_cat?post=32249"},{"taxonomy":"product_tag","embeddable":true,"href":"https:\/\/olemosaic.com\/fr\/wp-json\/wp\/v2\/product_tag?post=32249"}],"curies":[{"name":"wp","href":"https:\/\/api.w.org\/{rel}","templated":true}]}}