{"id":32248,"date":"2025-02-20T22:34:06","date_gmt":"2025-02-20T22:34:06","guid":{"rendered":"http:\/\/olemosaic.com\/producto\/plato-de-ceramica-de-85-cm-la-alhambra-granada-beige\/"},"modified":"2025-07-25T18:33:45","modified_gmt":"2025-07-25T16:33:45","slug":"assiette-en-ceramique-de-8-5-cm-l-alhambra-grenade-beige","status":"publish","type":"product","link":"https:\/\/olemosaic.com\/fr\/produit\/assiette-en-ceramique-de-8-5-cm-l-alhambra-grenade-beige\/","title":{"rendered":"Assiette en c\u00e9ramique de 8,5 cm. L&rsquo;Alhambra. Grenade. Beige."},"content":{"rendered":"<p>Cette assiette en c\u00e9ramique de 8,5 cm est un v\u00e9ritable bijou artisanal qui capture la majest\u00e9 de l&rsquo;Alhambra de Grenade. Avec un design captivant, cette pi\u00e8ce se distingue par sa palette de couleurs vibrantes, o\u00f9 les tons verd\u00e2tres et terre cuite \u00e9voquent \u00e0 la fois la riche v\u00e9g\u00e9tation et les murs historiques de l&rsquo;iconique palais nasride, qui se dresse majestueusement sur la colline. La d\u00e9coration pr\u00e9sente une illustration exquise de l&rsquo;Alhambra, clairement reconnaissable et entour\u00e9e d&rsquo;un environnement naturel, avec la sierra en arri\u00e8re-plan, cr\u00e9ant un contraste visuel et culturel qui rehausse la beaut\u00e9 de la r\u00e9gion. Le texte \u00ab\u00a0La Alhambra Granada\u00a0\u00bb est stylis\u00e9 artistiquement dans une typographie qui compl\u00e8te la composition, ressortant sur un fond blanc qui donne de la luminosit\u00e9 \u00e0 l&rsquo;\u0153uvre, encadr\u00e9 par un bord rouge qui ajoute une touche distinctive et attrayante.<\/p>\n<p>Cette assiette n&rsquo;est pas seulement un excellent souvenir, mais aussi un \u00e9l\u00e9ment d\u00e9coratif qui rend hommage au riche h\u00e9ritage culturel andalou. Id\u00e9ale pour les touristes qui cherchent \u00e0 emporter un morceau de l&rsquo;histoire et de la beaut\u00e9 de Grenade chez eux, ce souvenir de l&rsquo;Alhambra offre un rappel tangible de l&rsquo;une des merveilles architecturales de l&rsquo;Espagne. Chez Ol\u00e9 Mosaic, notre sp\u00e9cialit\u00e9 dans la distribution de souvenirs en gros garantit que cette assiette en c\u00e9ramique, qui incarne l&rsquo;essence de Grenade, soit un choix parfait pour les boutiques de cadeaux touristiques qui appr\u00e9cient l&rsquo;authenticit\u00e9 et la pertinence culturelle de leurs produits. En tant que grossistes de souvenirs, nous assurons la qualit\u00e9 et le design de chaque pi\u00e8ce, en faisant un article indispensable pour les amoureux de la culture andalouse.<\/p>\n","protected":false},"excerpt":{"rendered":"<p>Assiette en c\u00e9ramique de 8,5 cm inspir\u00e9e par la majest\u00e9 de l&rsquo;Alhambra de Grenade. Avec un design attrayant et des d\u00e9tails aux couleurs vibrantes, l&rsquo;assiette montre une illustration de l&rsquo;iconique palais entour\u00e9 de v\u00e9g\u00e9tation, avec la Sierra Nevada en arri\u00e8re-plan. La d\u00e9coration comprend le texte \u00ab\u00a0La Alhambra Granada\u00a0\u00bb dans un style artistique, sur un fond blanc avec un bord rouge. Parfaite comme souvenir ou \u00e9l\u00e9ment d\u00e9coratif, cette assiette combine art et culture andalouse dans une pi\u00e8ce unique.<\/p>\n","protected":false},"featured_media":7523,"template":"","meta":{"_acf_changed":false},"product_brand":[],"product_cat":[656],"product_tag":[585],"class_list":{"0":"post-32248","1":"product","2":"type-product","3":"status-publish","4":"has-post-thumbnail","6":"product_cat-assiettes-decoratives","7":"product_tag-ceramique","8":"pa_ciudad-granada","9":"pa_motivo-lalhambra","10":"pa_pais-espana","12":"first","13":"instock","14":"shipping-taxable","15":"product-type-simple"},"acf":[],"_links":{"self":[{"href":"https:\/\/olemosaic.com\/fr\/wp-json\/wp\/v2\/product\/32248","targetHints":{"allow":["GET"]}}],"collection":[{"href":"https:\/\/olemosaic.com\/fr\/wp-json\/wp\/v2\/product"}],"about":[{"href":"https:\/\/olemosaic.com\/fr\/wp-json\/wp\/v2\/types\/product"}],"wp:featuredmedia":[{"embeddable":true,"href":"https:\/\/olemosaic.com\/fr\/wp-json\/wp\/v2\/media\/7523"}],"wp:attachment":[{"href":"https:\/\/olemosaic.com\/fr\/wp-json\/wp\/v2\/media?parent=32248"}],"wp:term":[{"taxonomy":"product_brand","embeddable":true,"href":"https:\/\/olemosaic.com\/fr\/wp-json\/wp\/v2\/product_brand?post=32248"},{"taxonomy":"product_cat","embeddable":true,"href":"https:\/\/olemosaic.com\/fr\/wp-json\/wp\/v2\/product_cat?post=32248"},{"taxonomy":"product_tag","embeddable":true,"href":"https:\/\/olemosaic.com\/fr\/wp-json\/wp\/v2\/product_tag?post=32248"}],"curies":[{"name":"wp","href":"https:\/\/api.w.org\/{rel}","templated":true}]}}