{"id":32247,"date":"2025-02-20T23:34:05","date_gmt":"2025-02-20T22:34:05","guid":{"rendered":"http:\/\/olemosaic.com\/producto\/plato-de-ceramica-de-85-cm-bailaora-beige\/"},"modified":"2025-07-25T19:59:16","modified_gmt":"2025-07-25T17:59:16","slug":"assiette-en-ceramique-de-8-5-cm-danseuse-flamenco-beige","status":"publish","type":"product","link":"https:\/\/olemosaic.com\/fr\/produit\/assiette-en-ceramique-de-8-5-cm-danseuse-flamenco-beige\/","title":{"rendered":"Assiette en c\u00e9ramique de 8,5 cm. Danseuse de Flamenco. Beige."},"content":{"rendered":"<p>Cette assiette en c\u00e9ramique de 8,5 cm est un charmant souvenir qui encapsule l&rsquo;esprit vibrant du flamenco. D\u00e9cor\u00e9e \u00e0 la main avec un design artistique et color\u00e9, elle repr\u00e9sente une danseuse de flamenco en pleine danse, captur\u00e9e dans une posture qui \u00e9voque la gr\u00e2ce et la passion. La danseuse, v\u00eatue d&rsquo;un costume rempli de mosa\u00efques aux tons brillants, est entour\u00e9e de beaux \u00e9l\u00e9ments floraux rouges et verts qui compl\u00e8tent sa silhouette, faisant de cette pi\u00e8ce un spectacle visuel. Le bord de l&rsquo;assiette est d&rsquo;une couleur beige doux, qui rehausse encore l&rsquo;intensit\u00e9 des couleurs de l&rsquo;illustration, cr\u00e9ant un contraste attrayant qui illumine n&rsquo;importe quel espace.<\/p>\n<p>L&rsquo;inclusion du mot \u00ab\u00a0ESPA\u00d1A\u00a0\u00bb dans le design renforce sa valeur en tant que souvenir repr\u00e9sentatif de la culture espagnole, faisant de cette assiette un excellent cadeau pour ceux qui souhaitent ramener un morceau de tradition chez eux. De plus, sa taille compacte en fait une option id\u00e9ale aussi bien pour \u00eatre expos\u00e9e sur des \u00e9tag\u00e8res que pour \u00eatre utilis\u00e9e comme compl\u00e9ment d\u00e9coratif dans de multiples endroits. Cette assiette est une magnifique repr\u00e9sentation des souvenirs d&rsquo;Espagne, parfaite pour les touristes qui recherchent l&rsquo;authenticit\u00e9 et l&rsquo;\u00e9l\u00e9gance dans leurs achats. Chez Ol\u00e9 Mosaic, nous nous sp\u00e9cialisons dans la distribution de produits de qualit\u00e9 en gros, et cette assiette en c\u00e9ramique est, sans aucun doute, un ajout remarquable pour toute boutique de cadeaux touristiques.<\/p>\n","protected":false},"excerpt":{"rendered":"<p>Assiette en c\u00e9ramique de 8,5 cm avec un design vibrant qui capture l&rsquo;esprit du flamenco. D\u00e9cor\u00e9e dans un style artisanal, elle montre une danseuse pleine de gr\u00e2ce, entour\u00e9e d&rsquo;\u00e9l\u00e9ments floraux dans les tons rouges et verts. Le bord de l&rsquo;assiette est de couleur beige, ce qui rehausse encore les couleurs vives de l&rsquo;illustration et des fleurs. Comprend le mot \u00ab\u00a0ESPA\u00d1A\u00a0\u00bb, ce qui en fait un souvenir attrayant repr\u00e9sentant la culture espagnole. Id\u00e9ale pour l&rsquo;exposition ou comme compl\u00e9ment d\u00e9coratif.<\/p>\n","protected":false},"featured_media":7196,"template":"","meta":{"_acf_changed":false},"product_brand":[],"product_cat":[656],"product_tag":[585],"class_list":{"0":"post-32247","1":"product","2":"type-product","3":"status-publish","4":"has-post-thumbnail","6":"product_cat-assiettes-decoratives","7":"product_tag-ceramique","8":"pa_motivo-danseurs","10":"first","11":"instock","12":"shipping-taxable","13":"product-type-simple"},"acf":[],"_links":{"self":[{"href":"https:\/\/olemosaic.com\/fr\/wp-json\/wp\/v2\/product\/32247","targetHints":{"allow":["GET"]}}],"collection":[{"href":"https:\/\/olemosaic.com\/fr\/wp-json\/wp\/v2\/product"}],"about":[{"href":"https:\/\/olemosaic.com\/fr\/wp-json\/wp\/v2\/types\/product"}],"wp:featuredmedia":[{"embeddable":true,"href":"https:\/\/olemosaic.com\/fr\/wp-json\/wp\/v2\/media\/7196"}],"wp:attachment":[{"href":"https:\/\/olemosaic.com\/fr\/wp-json\/wp\/v2\/media?parent=32247"}],"wp:term":[{"taxonomy":"product_brand","embeddable":true,"href":"https:\/\/olemosaic.com\/fr\/wp-json\/wp\/v2\/product_brand?post=32247"},{"taxonomy":"product_cat","embeddable":true,"href":"https:\/\/olemosaic.com\/fr\/wp-json\/wp\/v2\/product_cat?post=32247"},{"taxonomy":"product_tag","embeddable":true,"href":"https:\/\/olemosaic.com\/fr\/wp-json\/wp\/v2\/product_tag?post=32247"}],"curies":[{"name":"wp","href":"https:\/\/api.w.org\/{rel}","templated":true}]}}