{"id":32245,"date":"2025-02-20T23:34:05","date_gmt":"2025-02-20T22:34:05","guid":{"rendered":"http:\/\/olemosaic.com\/producto\/plato-de-ceramica-de-85-cm-panoramica-sevilla-beige\/"},"modified":"2025-07-25T20:27:41","modified_gmt":"2025-07-25T18:27:41","slug":"assiette-en-ceramique-de-8-5-cm-panoramique-seville-beige","status":"publish","type":"product","link":"https:\/\/olemosaic.com\/fr\/produit\/assiette-en-ceramique-de-8-5-cm-panoramique-seville-beige\/","title":{"rendered":"Assiette en c\u00e9ramique de 8,5 cm. Panoramique. S\u00e9ville. Beige."},"content":{"rendered":"<p>Cette assiette en c\u00e9ramique de 8,5 cm est un charmant souvenir de S\u00e9ville, con\u00e7ue pour capturer l&rsquo;essence vibrante de cette ville andalouse historique. Avec une forme incurv\u00e9e \u00e9l\u00e9gante et des finitions dans les tons beiges, elle pr\u00e9sente un motif panoramique attrayant qui met en valeur des \u00e9l\u00e9ments architecturaux embl\u00e9matiques de S\u00e9ville, tels que la majestueuse Giralda et le palais de San Telmo. L&rsquo;illustration est un r\u00e9gal visuel avec une utilisation vibrante des couleurs, notamment le rouge et le vert, compl\u00e9t\u00e9e par le nom \u00ab\u00a0SEVILLA\u00a0\u00bb en lettres multicolores, ce qui apporte une touche joyeuse et festive au design.<\/p>\n<p>Cette assiette n&rsquo;est pas seulement fonctionnelle, mais aussi une pi\u00e8ce d\u00e9corative qui rehausse n&rsquo;importe quel espace de la maison, devenant un excellent point focal sur les \u00e9tag\u00e8res, les tables ou les vitrines. Les motifs floraux verts qui ornent le bord ajoutent une touche authentique et traditionnelle, \u00e9voquant le riche patrimoine culturel de l&rsquo;Andalousie. La c\u00e9ramique \u00e0 effet peint \u00e0 la main souligne l&rsquo;artisanat de la r\u00e9gion, faisant de chaque pi\u00e8ce un souvenir unique et sp\u00e9cial.<\/p>\n<p>Id\u00e9ale pour les touristes \u00e0 la recherche d&rsquo;un souvenir authentique de S\u00e9ville, cette assiette est une magnifique fa\u00e7on d&#8217;emporter un morceau de la vibrante culture andalouse. Chez Ol\u00e9 Mosaic, en tant que distributeurs de c\u00e9ramique en gros, nous proposons \u00e0 nos clients une vari\u00e9t\u00e9 de souvenirs de S\u00e9ville qui c\u00e9l\u00e8brent la beaut\u00e9 et l&rsquo;histoire de cette ville magique, faisant de chaque produit un excellent choix pour les boutiques de cadeaux touristiques qui appr\u00e9cient l&rsquo;authenticit\u00e9 et la qualit\u00e9.<\/p>\n","protected":false},"excerpt":{"rendered":"<p>Assiette en c\u00e9ramique de 8,5 cm avec une vue panoramique attrayante de S\u00e9ville. Cette assiette \u00e9l\u00e9gante, de forme incurv\u00e9e et dans les tons beiges avec un bord noir, pr\u00e9sente une illustration vibrante de la ville, mettant en valeur ses b\u00e2timents les plus embl\u00e9matiques. D\u00e9cor\u00e9e du nom \u00ab\u00a0SEVILLA\u00a0\u00bb en couleur et de motifs floraux verts, elle est id\u00e9ale comme souvenir ou pour d\u00e9corer la maison. Parfaite pour les amoureux de la culture andalouse et de la c\u00e9ramique au design artisanal, peinte \u00e0 la main.<\/p>\n","protected":false},"featured_media":7514,"template":"","meta":{"_acf_changed":false},"product_brand":[],"product_cat":[656],"product_tag":[585],"class_list":{"0":"post-32245","1":"product","2":"type-product","3":"status-publish","4":"has-post-thumbnail","6":"product_cat-assiettes-decoratives","7":"product_tag-ceramique","8":"pa_ciudad-sevilla","9":"pa_motivo-panoramas","10":"pa_pais-espana","12":"first","13":"instock","14":"shipping-taxable","15":"product-type-simple"},"acf":[],"_links":{"self":[{"href":"https:\/\/olemosaic.com\/fr\/wp-json\/wp\/v2\/product\/32245","targetHints":{"allow":["GET"]}}],"collection":[{"href":"https:\/\/olemosaic.com\/fr\/wp-json\/wp\/v2\/product"}],"about":[{"href":"https:\/\/olemosaic.com\/fr\/wp-json\/wp\/v2\/types\/product"}],"wp:featuredmedia":[{"embeddable":true,"href":"https:\/\/olemosaic.com\/fr\/wp-json\/wp\/v2\/media\/7514"}],"wp:attachment":[{"href":"https:\/\/olemosaic.com\/fr\/wp-json\/wp\/v2\/media?parent=32245"}],"wp:term":[{"taxonomy":"product_brand","embeddable":true,"href":"https:\/\/olemosaic.com\/fr\/wp-json\/wp\/v2\/product_brand?post=32245"},{"taxonomy":"product_cat","embeddable":true,"href":"https:\/\/olemosaic.com\/fr\/wp-json\/wp\/v2\/product_cat?post=32245"},{"taxonomy":"product_tag","embeddable":true,"href":"https:\/\/olemosaic.com\/fr\/wp-json\/wp\/v2\/product_tag?post=32245"}],"curies":[{"name":"wp","href":"https:\/\/api.w.org\/{rel}","templated":true}]}}