{"id":32239,"date":"2025-02-20T22:34:05","date_gmt":"2025-02-20T22:34:05","guid":{"rendered":"http:\/\/olemosaic.com\/producto\/plato-de-ceramica-de-85-cm-salamandra-barcelona-beige\/"},"modified":"2025-07-25T19:16:45","modified_gmt":"2025-07-25T17:16:45","slug":"assiette-en-ceramique-de-8-5-cm-salamandre-barcelone-beige","status":"publish","type":"product","link":"https:\/\/olemosaic.com\/fr\/produit\/assiette-en-ceramique-de-8-5-cm-salamandre-barcelone-beige\/","title":{"rendered":"Assiette en c\u00e9ramique de 8,5 cm. Salamandre. Barcelone. Beige."},"content":{"rendered":"<p>Cette assiette en c\u00e9ramique de 8,5 cm, d\u00e9cor\u00e9e d&rsquo;une salamandre color\u00e9e, est un v\u00e9ritable hommage \u00e0 la culture vibrante de Barcelone. Avec un design attrayant combinant des tons beiges de fond avec des d\u00e9tails en bleu, vert et rouge, cette assiette capture l&rsquo;essence artistique de la ville, \u00e9voquant l&rsquo;influence du c\u00e9l\u00e8bre architecte Antoni Gaud\u00ed. L&#8217;embl\u00e9matique salamandre, souvent associ\u00e9e au c\u00e9l\u00e8bre Parc G\u00fcell, est magnifiquement repr\u00e9sent\u00e9e sur l&rsquo;assiette avec un style mosa\u00efque plein de vie qui souligne sa forme organique et attrayante. Dans la partie sup\u00e9rieure, le mot \u00ab\u00a0Barcelona\u00a0\u00bb est pr\u00e9sent\u00e9 avec une typographie conviviale, ajoutant une touche distinctive et personnalis\u00e9e au design. Cet article n&rsquo;est pas seulement id\u00e9al comme objet d\u00e9coratif qui illuminera n&rsquo;importe quelle pi\u00e8ce, mais il peut \u00e9galement \u00eatre utilis\u00e9 pour servir de d\u00e9licieux ap\u00e9ritifs, gr\u00e2ce \u00e0 sa forme incurv\u00e9e et ses finitions brillantes qui garantissent une pr\u00e9sentation attrayante. Ce souvenir repr\u00e9sente l&rsquo;authenticit\u00e9 de la culture barcelonaise, devenant un excellent souvenir pour les touristes qui cherchent \u00e0 emporter un morceau de cette ville embl\u00e9matique. Chez Ol\u00e9 Mosaic, en tant que grossistes en souvenirs, nous proposons cette assiette en c\u00e9ramique qui encapsule la richesse culturelle de Barcelone et son art, id\u00e9ale pour les boutiques de cadeaux touristiques \u00e0 la recherche de produits authentiques et de qualit\u00e9.<\/p>\n","protected":false},"excerpt":{"rendered":"<p>Assiette en c\u00e9ramique de 8,5 cm, d\u00e9cor\u00e9e d&rsquo;une salamandre color\u00e9e, repr\u00e9sentative de Barcelone. Cette assiette attrayante pr\u00e9sente un design dans des tons beiges avec des d\u00e9tails vibrants en bleu, vert et rouge, qui \u00e9voquent l&rsquo;\u0153uvre du c\u00e9l\u00e8bre architecte Gaud\u00ed. Le mot \u00ab\u00a0Barcelona\u00a0\u00bb appara\u00eet dans la partie sup\u00e9rieure, ajoutant une touche distinctive. Id\u00e9ale comme \u00e9l\u00e9ment d\u00e9coratif ou pour servir de petits ap\u00e9ritifs, sa forme incurv\u00e9e et ses finitions brillantes en font un excellent souvenir.<\/p>\n","protected":false},"featured_media":7202,"template":"","meta":{"_acf_changed":false},"product_brand":[],"product_cat":[656],"product_tag":[530,585],"class_list":{"0":"post-32239","1":"product","2":"type-product","3":"status-publish","4":"has-post-thumbnail","6":"product_cat-assiettes-decoratives","7":"product_tag-animaux","8":"product_tag-ceramique","9":"pa_ciudad-barcelona","10":"pa_motivo-salamandres","11":"pa_pais-espana","13":"first","14":"instock","15":"shipping-taxable","16":"product-type-simple"},"acf":[],"_links":{"self":[{"href":"https:\/\/olemosaic.com\/fr\/wp-json\/wp\/v2\/product\/32239","targetHints":{"allow":["GET"]}}],"collection":[{"href":"https:\/\/olemosaic.com\/fr\/wp-json\/wp\/v2\/product"}],"about":[{"href":"https:\/\/olemosaic.com\/fr\/wp-json\/wp\/v2\/types\/product"}],"wp:featuredmedia":[{"embeddable":true,"href":"https:\/\/olemosaic.com\/fr\/wp-json\/wp\/v2\/media\/7202"}],"wp:attachment":[{"href":"https:\/\/olemosaic.com\/fr\/wp-json\/wp\/v2\/media?parent=32239"}],"wp:term":[{"taxonomy":"product_brand","embeddable":true,"href":"https:\/\/olemosaic.com\/fr\/wp-json\/wp\/v2\/product_brand?post=32239"},{"taxonomy":"product_cat","embeddable":true,"href":"https:\/\/olemosaic.com\/fr\/wp-json\/wp\/v2\/product_cat?post=32239"},{"taxonomy":"product_tag","embeddable":true,"href":"https:\/\/olemosaic.com\/fr\/wp-json\/wp\/v2\/product_tag?post=32239"}],"curies":[{"name":"wp","href":"https:\/\/api.w.org\/{rel}","templated":true}]}}