{"id":32238,"date":"2025-02-20T22:34:05","date_gmt":"2025-02-20T22:34:05","guid":{"rendered":"http:\/\/olemosaic.com\/producto\/plato-de-ceramica-de-23-cm-panoramica-barcelona-beige\/"},"modified":"2025-07-25T19:22:23","modified_gmt":"2025-07-25T17:22:23","slug":"assiette-en-ceramique-de-23-cm-panoramique-barcelone-beige","status":"publish","type":"product","link":"https:\/\/olemosaic.com\/fr\/produit\/assiette-en-ceramique-de-23-cm-panoramique-barcelone-beige\/","title":{"rendered":"Assiette en c\u00e9ramique de 23 cm. Panoramique. Barcelone. Beige."},"content":{"rendered":"<p>Cette assiette en c\u00e9ramique de 23 cm est une pi\u00e8ce exceptionnelle qui capture l&rsquo;essence vibrante de Barcelone. Sur un \u00e9l\u00e9gant fond beige, elle pr\u00e9sente une illustration panoramique de l&#8217;embl\u00e9matique Sagrada Familia, une ic\u00f4ne architecturale de la ville, qui refl\u00e8te le style unique d&rsquo;Antoni Gaud\u00ed. L&rsquo;illustration, \u00e9labor\u00e9e avec des d\u00e9tails en mosa\u00efque, \u00e9voque la technique distinctive de l&rsquo;architecte moderniste, cr\u00e9ant un effet visuel percutant, plein de couleurs et de dynamisme. Dans la partie sup\u00e9rieure de l&rsquo;assiette, le nom \u00ab\u00a0Barcelona\u00a0\u00bb est imprim\u00e9 de mani\u00e8re artistique, ajoutant une touche culturelle et distinctive qui souligne le lien du souvenir avec la ville.<\/p>\n<p>Le bord de l&rsquo;assiette, d&rsquo;un rouge attrayant, encadre la sc\u00e8ne centrale, apportant un air moderne et \u00e9l\u00e9gant. Cette assiette n&rsquo;est pas seulement un objet d\u00e9coratif, mais aussi une pi\u00e8ce repr\u00e9sentative qui \u00e9voque des souvenirs du riche patrimoine culturel de Barcelone, id\u00e9ale pour ceux qui souhaitent emporter chez eux un petit morceau de la ville. Chez Ol\u00e9 Mosaic, nous proposons des souvenirs authentiques qui c\u00e9l\u00e8brent la diversit\u00e9 culturelle de chaque r\u00e9gion. Cette assiette en c\u00e9ramique est une excellente id\u00e9e de cadeau pour les touristes souhaitant acqu\u00e9rir un souvenir significatif et unique de leur visite \u00e0 Barcelone, ce qui en fait un produit id\u00e9al pour les boutiques de cadeaux touristiques \u00e0 la recherche d&rsquo;offres de qualit\u00e9. En tant que grossistes en souvenirs, nous garantissons l&rsquo;authenticit\u00e9 et l&rsquo;artisanat dans chacune de nos pi\u00e8ces.<\/p>\n","protected":false},"excerpt":{"rendered":"<p>Assiette en c\u00e9ramique de 23 cm avec une charmante vue panoramique de Barcelone. Cette \u00e9l\u00e9gante assiette beige pr\u00e9sente une illustration color\u00e9e de la c\u00e9l\u00e8bre Sagrada Familia, avec des d\u00e9tails en mosa\u00efque \u00e9voquant le style unique de Gaud\u00ed. Le bord rouge souligne la sc\u00e8ne, et le nom \u00ab\u00a0Barcelona\u00a0\u00bb est imprim\u00e9 de fa\u00e7on artistique, ajoutant une touche distinctive et culturelle. Id\u00e9ale comme pi\u00e8ce d\u00e9corative ou pour des souvenirs capturant l&rsquo;essence de la ville.<\/p>\n","protected":false},"featured_media":7753,"template":"","meta":{"_acf_changed":false},"product_brand":[],"product_cat":[656],"product_tag":[585],"class_list":{"0":"post-32238","1":"product","2":"type-product","3":"status-publish","4":"has-post-thumbnail","6":"product_cat-assiettes-decoratives","7":"product_tag-ceramique","8":"pa_ciudad-barcelona","9":"pa_motivo-panoramas","10":"pa_pais-espana","12":"first","13":"instock","14":"shipping-taxable","15":"product-type-simple"},"acf":[],"_links":{"self":[{"href":"https:\/\/olemosaic.com\/fr\/wp-json\/wp\/v2\/product\/32238","targetHints":{"allow":["GET"]}}],"collection":[{"href":"https:\/\/olemosaic.com\/fr\/wp-json\/wp\/v2\/product"}],"about":[{"href":"https:\/\/olemosaic.com\/fr\/wp-json\/wp\/v2\/types\/product"}],"wp:featuredmedia":[{"embeddable":true,"href":"https:\/\/olemosaic.com\/fr\/wp-json\/wp\/v2\/media\/7753"}],"wp:attachment":[{"href":"https:\/\/olemosaic.com\/fr\/wp-json\/wp\/v2\/media?parent=32238"}],"wp:term":[{"taxonomy":"product_brand","embeddable":true,"href":"https:\/\/olemosaic.com\/fr\/wp-json\/wp\/v2\/product_brand?post=32238"},{"taxonomy":"product_cat","embeddable":true,"href":"https:\/\/olemosaic.com\/fr\/wp-json\/wp\/v2\/product_cat?post=32238"},{"taxonomy":"product_tag","embeddable":true,"href":"https:\/\/olemosaic.com\/fr\/wp-json\/wp\/v2\/product_tag?post=32238"}],"curies":[{"name":"wp","href":"https:\/\/api.w.org\/{rel}","templated":true}]}}