{"id":32224,"date":"2025-02-20T22:34:04","date_gmt":"2025-02-20T22:34:04","guid":{"rendered":"http:\/\/olemosaic.com\/producto\/plato-de-ceramica-de-20-cm-toros-blanco\/"},"modified":"2025-07-25T19:33:40","modified_gmt":"2025-07-25T17:33:40","slug":"assiette-en-ceramique-de-20-cm-taureaux-blanc","status":"publish","type":"product","link":"https:\/\/olemosaic.com\/fr\/produit\/assiette-en-ceramique-de-20-cm-taureaux-blanc\/","title":{"rendered":"Assiette en c\u00e9ramique de 20 cm. Taureaux. Blanc."},"content":{"rendered":"<p>Cette assiette en c\u00e9ramique de 20 cm est une repr\u00e9sentation exquise de la culture espagnole, mettant en avant l&rsquo;importance du taureau dans le folklore du pays. Sa base blanche sert de toile parfaite pour un design en mosa\u00efque vibrant, o\u00f9 un taureau rouge et un taureau vert se font face de chaque c\u00f4t\u00e9, apportant dynamisme et couleur \u00e0 la pi\u00e8ce. Les taureaux, orn\u00e9s de d\u00e9tails orange et jaunes, \u00e9voquent la passion et la force associ\u00e9es aux traditions taurines espagnoles, tout en c\u00e9l\u00e9brant la richesse visuelle de l&rsquo;artisanat local.<\/p>\n<p>Le fond de cette assiette ne captive pas seulement par les taureaux, mais aussi par un soleil radieux qui brille dans la partie sup\u00e9rieure, entour\u00e9 d&rsquo;un paysage de fleurs rouges qui ajoutent une touche de joie et d&rsquo;\u00e9nergie \u00e0 la sc\u00e8ne. Chaque d\u00e9tail a \u00e9t\u00e9 soigneusement \u00e9labor\u00e9, ce qui fait de cette assiette une pi\u00e8ce attrayante tant pour la d\u00e9coration que pour un usage quotidien \u00e0 table.<\/p>\n<p>En tant que souvenir repr\u00e9sentatif de l&rsquo;Espagne, cette assiette capture l&rsquo;essence du patrimoine culturel espagnol et constitue un excellent choix pour les touristes \u00e0 la recherche d&rsquo;un souvenir authentique et m\u00e9morable. Chez Ol\u00e9 Mosaic, nous distribuons ce souvenir et d&rsquo;autres en c\u00e9ramique en gros, garantissant des produits qui rehaussent l&rsquo;authenticit\u00e9 et l&rsquo;artisanat de la r\u00e9gion. Cette assiette de taureaux n&rsquo;est pas seulement un article d\u00e9coratif, mais aussi une pi\u00e8ce qui symbolise le riche h\u00e9ritage culturel de l&rsquo;Espagne, id\u00e9ale pour toute boutique de cadeaux touristiques.<\/p>\n","protected":false},"excerpt":{"rendered":"<p>Assiette en c\u00e9ramique de 20 cm d\u00e9cor\u00e9e d&rsquo;un design vibrant de taureaux repr\u00e9sentant la culture espagnole. Cette assiette blanche pr\u00e9sente une mosa\u00efque color\u00e9e avec un taureau rouge \u00e0 gauche et un taureau vert \u00e0 droite, tous deux orn\u00e9s de d\u00e9tails orange et jaunes. Le fond comprend un soleil radieux et des fleurs rouges, cr\u00e9ant une sc\u00e8ne joyeuse et \u00e9nergique. Id\u00e9ale comme pi\u00e8ce d\u00e9corative ou pour un usage quotidien, cette assiette capture l&rsquo;essence du folklore espagnol.<\/p>\n","protected":false},"featured_media":8531,"template":"","meta":{"_acf_changed":false},"product_brand":[],"product_cat":[656],"product_tag":[530,585],"class_list":{"0":"post-32224","1":"product","2":"type-product","3":"status-publish","4":"has-post-thumbnail","6":"product_cat-assiettes-decoratives","7":"product_tag-animaux","8":"product_tag-ceramique","9":"pa_motivo-taureaux","11":"first","12":"instock","13":"shipping-taxable","14":"product-type-simple"},"acf":[],"_links":{"self":[{"href":"https:\/\/olemosaic.com\/fr\/wp-json\/wp\/v2\/product\/32224","targetHints":{"allow":["GET"]}}],"collection":[{"href":"https:\/\/olemosaic.com\/fr\/wp-json\/wp\/v2\/product"}],"about":[{"href":"https:\/\/olemosaic.com\/fr\/wp-json\/wp\/v2\/types\/product"}],"wp:featuredmedia":[{"embeddable":true,"href":"https:\/\/olemosaic.com\/fr\/wp-json\/wp\/v2\/media\/8531"}],"wp:attachment":[{"href":"https:\/\/olemosaic.com\/fr\/wp-json\/wp\/v2\/media?parent=32224"}],"wp:term":[{"taxonomy":"product_brand","embeddable":true,"href":"https:\/\/olemosaic.com\/fr\/wp-json\/wp\/v2\/product_brand?post=32224"},{"taxonomy":"product_cat","embeddable":true,"href":"https:\/\/olemosaic.com\/fr\/wp-json\/wp\/v2\/product_cat?post=32224"},{"taxonomy":"product_tag","embeddable":true,"href":"https:\/\/olemosaic.com\/fr\/wp-json\/wp\/v2\/product_tag?post=32224"}],"curies":[{"name":"wp","href":"https:\/\/api.w.org\/{rel}","templated":true}]}}