{"id":32223,"date":"2025-02-20T23:34:04","date_gmt":"2025-02-20T22:34:04","guid":{"rendered":"http:\/\/olemosaic.com\/producto\/plato-de-ceramica-de-20-cm-patio-blanco-2\/"},"modified":"2025-07-25T19:31:35","modified_gmt":"2025-07-25T17:31:35","slug":"assiette-en-ceramique-de-20-cm-patio-andalou-blanc","status":"publish","type":"product","link":"https:\/\/olemosaic.com\/fr\/produit\/assiette-en-ceramique-de-20-cm-patio-andalou-blanc\/","title":{"rendered":"Assiette en c\u00e9ramique de 20 cm. Patio andalou. Blanc."},"content":{"rendered":"<p>Cette assiette en c\u00e9ramique de 20 cm est un charmant souvenir d&rsquo;Espagne qui capture la vivacit\u00e9 d&rsquo;un patio andalou. Avec un fond blanc qui rehausse son design color\u00e9 peint \u00e0 la main, cette assiette pr\u00e9sente une sc\u00e8ne vibrante o\u00f9 un couple de danseurs bouge au rythme du flamenco. La femme, v\u00eatue d&rsquo;une \u00e9blouissante robe rouge \u00e0 pois, tient un \u00e9ventail qui \u00e9voque la passion et la gr\u00e2ce de la danse espagnole, tandis que son partenaire, v\u00eatu d&rsquo;une \u00e9l\u00e9gante tenue noire, l&rsquo;accompagne dans cette danse culturelle.<\/p>\n<p>L&rsquo;environnement du patio, encadr\u00e9 par une belle fen\u00eatre d\u00e9cor\u00e9e de fleurs rouges et de pots de fleurs, ajoute une touche authentique et accueillante. Des \u00e9l\u00e9ments traditionnels comme une guitare et une chaise en bois stylis\u00e9e compl\u00e8tent la composition, refl\u00e9tant le riche h\u00e9ritage culturel de l&rsquo;Andalousie. Cette assiette n&rsquo;est pas seulement id\u00e9ale comme \u00e9l\u00e9ment d\u00e9coratif pour n&rsquo;importe quel foyer, elle devient \u00e9galement un symbole repr\u00e9sentatif de la culture andalouse, en faisant un souvenir unique et sp\u00e9cial pour ceux qui visitent l&rsquo;Espagne.<\/p>\n<p>Chez Ol\u00e9 Mosaic, nous sommes fiers de proposer d&rsquo;authentiques souvenirs en c\u00e9ramique en gros, id\u00e9aux pour les boutiques de cadeaux touristiques souhaitant offrir \u00e0 leurs clients une pi\u00e8ce significative de la tradition espagnole. Cette assiette d\u00e9corative est, sans aucun doute, un excellent choix pour ceux qui recherchent un souvenir qui encapsule l&rsquo;essence du flamenco et le charme des patios andalous.<\/p>\n","protected":false},"excerpt":{"rendered":"<p>Assiette en c\u00e9ramique de 20 cm d\u00e9cor\u00e9e d&rsquo;une sc\u00e8ne vibrante d&rsquo;un patio andalou. Cette assiette blanche pr\u00e9sente une illustration au design artisanal, peinte \u00e0 la main, d&rsquo;un couple de danseurs. La femme porte une robe rouge \u00e0 pois et tient un \u00e9ventail. En arri\u00e8re-plan, une fen\u00eatre color\u00e9e, entour\u00e9e de pots de fleurs rouges, compl\u00e8te la d\u00e9coration. Une guitare et une chaise de style traditionnel ajoutent une touche authentique. Parfaite comme \u00e9l\u00e9ment d\u00e9coratif ou souvenir d&rsquo;Espagne.<\/p>\n","protected":false},"featured_media":8413,"template":"","meta":{"_acf_changed":false},"product_brand":[],"product_cat":[656],"product_tag":[585],"class_list":{"0":"post-32223","1":"product","2":"type-product","3":"status-publish","4":"has-post-thumbnail","6":"product_cat-assiettes-decoratives","7":"product_tag-ceramique","8":"pa_motivo-cours-interieures","10":"first","11":"instock","12":"shipping-taxable","13":"product-type-simple"},"acf":[],"_links":{"self":[{"href":"https:\/\/olemosaic.com\/fr\/wp-json\/wp\/v2\/product\/32223","targetHints":{"allow":["GET"]}}],"collection":[{"href":"https:\/\/olemosaic.com\/fr\/wp-json\/wp\/v2\/product"}],"about":[{"href":"https:\/\/olemosaic.com\/fr\/wp-json\/wp\/v2\/types\/product"}],"wp:featuredmedia":[{"embeddable":true,"href":"https:\/\/olemosaic.com\/fr\/wp-json\/wp\/v2\/media\/8413"}],"wp:attachment":[{"href":"https:\/\/olemosaic.com\/fr\/wp-json\/wp\/v2\/media?parent=32223"}],"wp:term":[{"taxonomy":"product_brand","embeddable":true,"href":"https:\/\/olemosaic.com\/fr\/wp-json\/wp\/v2\/product_brand?post=32223"},{"taxonomy":"product_cat","embeddable":true,"href":"https:\/\/olemosaic.com\/fr\/wp-json\/wp\/v2\/product_cat?post=32223"},{"taxonomy":"product_tag","embeddable":true,"href":"https:\/\/olemosaic.com\/fr\/wp-json\/wp\/v2\/product_tag?post=32223"}],"curies":[{"name":"wp","href":"https:\/\/api.w.org\/{rel}","templated":true}]}}