{"id":32222,"date":"2025-02-20T23:34:04","date_gmt":"2025-02-20T22:34:04","guid":{"rendered":"http:\/\/olemosaic.com\/producto\/plato-de-ceramica-de-20-cm-barcelona-blanco\/"},"modified":"2025-07-25T19:19:26","modified_gmt":"2025-07-25T17:19:26","slug":"assiette-en-ceramique-de-20-cm-barcelone-blanc","status":"publish","type":"product","link":"https:\/\/olemosaic.com\/fr\/produit\/assiette-en-ceramique-de-20-cm-barcelone-blanc\/","title":{"rendered":"Assiette en c\u00e9ramique de 20 cm. Barcelone. Blanc."},"content":{"rendered":"<p>Cette assiette en c\u00e9ramique de 20 cm est un souvenir captivant qui repr\u00e9sente l&rsquo;essence vibrante de Barcelone. Avec un fond blanc qui rehausse le design color\u00e9 peint \u00e0 la main, l&rsquo;assiette expose une illustration impressionnante de la Sagrada Familia, aux c\u00f4t\u00e9s d&rsquo;autres b\u00e2timents embl\u00e9matiques de la ville, immortalisant l&rsquo;architecture moderniste qui caract\u00e9rise la capitale catalane. Les riches tons orange, jaune et rouge qui d\u00e9corent la pi\u00e8ce \u00e9voquent non seulement la chaleur du soleil barcelonais, mais aussi la cr\u00e9ativit\u00e9 et l&rsquo;esprit artistique qui \u00e9manent de ses rues.<\/p>\n<p>Dans la partie sup\u00e9rieure de l&rsquo;assiette, le mot \u00ab\u00a0Barcelona\u00a0\u00bb est pr\u00e9sent\u00e9 avec des lettres frappantes, ajoutant une touche contemporaine au design. Les d\u00e9tails en mosa\u00efques et formes g\u00e9om\u00e9triques sont une r\u00e9f\u00e9rence claire \u00e0 l&rsquo;\u0153uvre du c\u00e9l\u00e8bre architecte Antoni Gaud\u00ed, cr\u00e9ant un lien culturel qui transcende cet attrayant souvenir. Cette assiette n&rsquo;est pas seulement une pi\u00e8ce d\u00e9corative, mais aussi une fen\u00eatre sur les traditions et le patrimoine de la ville, ce qui en fait un excellent cadeau pour les touristes \u00e0 la recherche d&rsquo;un souvenir authentique et significatif de leur visite.<\/p>\n<p>Chez Ol\u00e9 Mosaic, nous distribuons ce type de souvenirs en gros, id\u00e9aux pour les boutiques de cadeaux touristiques souhaitant proposer des produits qui encapsulent l&rsquo;essence culturelle de Barcelone. Avec cette assiette en c\u00e9ramique, vos clients emporteront une pi\u00e8ce unique qui leur rappellera leur exp\u00e9rience dans cette ville magnifique.<\/p>\n","protected":false},"excerpt":{"rendered":"<p>Assiette en c\u00e9ramique de 20 cm, d\u00e9cor\u00e9e d&rsquo;une repr\u00e9sentation color\u00e9e de la Sagrada Familia et d&rsquo;autres b\u00e2timents embl\u00e9matiques de Barcelone. Cette assiette blanche pr\u00e9sente un design artisanal vibrant, peint \u00e0 la main, avec des motifs incluant des mosa\u00efques et des formes g\u00e9om\u00e9triques, \u00e9voquant le style moderniste de la ville. Dans la partie sup\u00e9rieure, le mot \u00ab\u00a0Barcelona\u00a0\u00bb se distingue en lettres frappantes, ce qui en fait un souvenir attrayant qui capture l&rsquo;essence de la cit\u00e9 comtale.<\/p>\n","protected":false},"featured_media":9505,"template":"","meta":{"_acf_changed":false},"product_brand":[],"product_cat":[656],"product_tag":[585],"class_list":{"0":"post-32222","1":"product","2":"type-product","3":"status-publish","4":"has-post-thumbnail","6":"product_cat-assiettes-decoratives","7":"product_tag-ceramique","8":"pa_ciudad-barcelona","9":"pa_pais-espana","11":"first","12":"instock","13":"shipping-taxable","14":"product-type-simple"},"acf":[],"_links":{"self":[{"href":"https:\/\/olemosaic.com\/fr\/wp-json\/wp\/v2\/product\/32222","targetHints":{"allow":["GET"]}}],"collection":[{"href":"https:\/\/olemosaic.com\/fr\/wp-json\/wp\/v2\/product"}],"about":[{"href":"https:\/\/olemosaic.com\/fr\/wp-json\/wp\/v2\/types\/product"}],"wp:featuredmedia":[{"embeddable":true,"href":"https:\/\/olemosaic.com\/fr\/wp-json\/wp\/v2\/media\/9505"}],"wp:attachment":[{"href":"https:\/\/olemosaic.com\/fr\/wp-json\/wp\/v2\/media?parent=32222"}],"wp:term":[{"taxonomy":"product_brand","embeddable":true,"href":"https:\/\/olemosaic.com\/fr\/wp-json\/wp\/v2\/product_brand?post=32222"},{"taxonomy":"product_cat","embeddable":true,"href":"https:\/\/olemosaic.com\/fr\/wp-json\/wp\/v2\/product_cat?post=32222"},{"taxonomy":"product_tag","embeddable":true,"href":"https:\/\/olemosaic.com\/fr\/wp-json\/wp\/v2\/product_tag?post=32222"}],"curies":[{"name":"wp","href":"https:\/\/api.w.org\/{rel}","templated":true}]}}