{"id":32221,"date":"2025-02-20T22:34:03","date_gmt":"2025-02-20T22:34:03","guid":{"rendered":"http:\/\/olemosaic.com\/producto\/plato-de-ceramica-de-18-cm-panoramica-barcelona-beige\/"},"modified":"2025-07-25T19:00:36","modified_gmt":"2025-07-25T17:00:36","slug":"assiette-en-ceramique-de-18-cm-panoramique-barcelone-beige","status":"publish","type":"product","link":"https:\/\/olemosaic.com\/fr\/produit\/assiette-en-ceramique-de-18-cm-panoramique-barcelone-beige\/","title":{"rendered":"Assiette en c\u00e9ramique de 18 cm. Panoramique. Barcelone. Beige."},"content":{"rendered":"<p>Cette assiette en c\u00e9ramique de 18 cm est un hommage vibrant \u00e0 Barcelone, id\u00e9ale pour ceux qui recherchent un souvenir authentique et repr\u00e9sentatif de la ville. D\u00e9cor\u00e9e d&rsquo;une vue panoramique color\u00e9e mettant en avant les tours embl\u00e9matiques du temple de la Sagrada Familia, cette assiette capture l&rsquo;esprit du chef-d&rsquo;\u0153uvre d&rsquo;Antoni Gaud\u00ed. Les tons chauds de la c\u00e9ramique se marient \u00e0 un fond beige, cr\u00e9ant un contraste attrayant qui rehausse le design inspir\u00e9 des c\u00e9l\u00e8bres mosa\u00efques de la ville. Le mot \u00ab\u00a0Barcelona\u00a0\u00bb appara\u00eet dans un style graphique frappant, ajoutant une touche distinctive qui souligne son lien culturel.<\/p>\n<p>Cette assiette n&rsquo;est pas seulement une pi\u00e8ce d\u00e9corative, mais aussi fonctionnelle, parfaite pour servir des ap\u00e9ritifs ou simplement comme \u00e9l\u00e9ment de d\u00e9coration dans n&rsquo;importe quel foyer. Son design vibrant et artistique encapsule l&rsquo;h\u00e9ritage culturel de Barcelone, en faisant un souvenir qui transporte les visiteurs dans les rues pleines de vie et de couleurs de cette ville fascinante.<\/p>\n<p>Chez Ol\u00e9 Mosaic, nous nous sp\u00e9cialisons dans la distribution de souvenirs authentiques en gros, et cette assiette en c\u00e9ramique est une excellente option pour les boutiques de cadeaux touristiques cherchant \u00e0 proposer des produits alliant art et fonctionnalit\u00e9. Avec ce souvenir de Barcelone, vos clients pourront emporter chez eux un fragment de la culture catalane et profiter d&rsquo;une repr\u00e9sentation visuelle c\u00e9l\u00e9brant la richesse de la ville.<\/p>\n","protected":false},"excerpt":{"rendered":"<p>Assiette en c\u00e9ramique de 18 cm avec une vue panoramique color\u00e9e de Barcelone. Cette assiette attrayante, d\u00e9cor\u00e9e d&rsquo;un design vibrant inspir\u00e9 des c\u00e9l\u00e8bres mosa\u00efques de la ville, montre les tours embl\u00e9matiques du temple de la Sagrada Familia dans des tons chauds sur un fond beige. Le mot \u00ab\u00a0Barcelona\u00a0\u00bb appara\u00eet avec un style graphique frappant, soulignant son lien culturel. Parfaite comme souvenir ou pi\u00e8ce d\u00e9corative, elle allie art et fonctionnalit\u00e9.<\/p>\n","protected":false},"featured_media":7754,"template":"","meta":{"_acf_changed":false},"product_brand":[],"product_cat":[656],"product_tag":[585],"class_list":{"0":"post-32221","1":"product","2":"type-product","3":"status-publish","4":"has-post-thumbnail","6":"product_cat-assiettes-decoratives","7":"product_tag-ceramique","8":"pa_ciudad-barcelona","9":"pa_motivo-panoramas","10":"pa_pais-espana","12":"first","13":"instock","14":"shipping-taxable","15":"product-type-simple"},"acf":[],"_links":{"self":[{"href":"https:\/\/olemosaic.com\/fr\/wp-json\/wp\/v2\/product\/32221","targetHints":{"allow":["GET"]}}],"collection":[{"href":"https:\/\/olemosaic.com\/fr\/wp-json\/wp\/v2\/product"}],"about":[{"href":"https:\/\/olemosaic.com\/fr\/wp-json\/wp\/v2\/types\/product"}],"wp:featuredmedia":[{"embeddable":true,"href":"https:\/\/olemosaic.com\/fr\/wp-json\/wp\/v2\/media\/7754"}],"wp:attachment":[{"href":"https:\/\/olemosaic.com\/fr\/wp-json\/wp\/v2\/media?parent=32221"}],"wp:term":[{"taxonomy":"product_brand","embeddable":true,"href":"https:\/\/olemosaic.com\/fr\/wp-json\/wp\/v2\/product_brand?post=32221"},{"taxonomy":"product_cat","embeddable":true,"href":"https:\/\/olemosaic.com\/fr\/wp-json\/wp\/v2\/product_cat?post=32221"},{"taxonomy":"product_tag","embeddable":true,"href":"https:\/\/olemosaic.com\/fr\/wp-json\/wp\/v2\/product_tag?post=32221"}],"curies":[{"name":"wp","href":"https:\/\/api.w.org\/{rel}","templated":true}]}}