{"id":32220,"date":"2025-02-20T22:34:03","date_gmt":"2025-02-20T22:34:03","guid":{"rendered":"http:\/\/olemosaic.com\/producto\/plato-de-ceramica-de-15-cm-camino-de-santiago-beige\/"},"modified":"2025-07-25T18:34:03","modified_gmt":"2025-07-25T16:34:03","slug":"assiette-en-ceramique-de-15-cm-chemin-de-compostelle-beige","status":"publish","type":"product","link":"https:\/\/olemosaic.com\/fr\/produit\/assiette-en-ceramique-de-15-cm-chemin-de-compostelle-beige\/","title":{"rendered":"Assiette en c\u00e9ramique de 15 cm. Chemin de Compostelle. Beige."},"content":{"rendered":"<p>Cette assiette en c\u00e9ramique de 15 cm, inspir\u00e9e du Chemin de Compostelle, est un souvenir attrayant qui capture l&rsquo;essence du c\u00e9l\u00e8bre parcours spirituel en Espagne. Avec un design vibrant dans les tons beiges, l&rsquo;assiette affiche \u00e0 l&rsquo;int\u00e9rieur l&rsquo;inscription \u00ab\u00a0CAMINO DE SANTIAGO\u00a0\u00bb, entour\u00e9e d&rsquo;illustrations color\u00e9es repr\u00e9sentant un p\u00e8lerin avec son b\u00e2ton, des \u00e9l\u00e9ments architecturaux embl\u00e9matiques et un parapluie, le tout encadr\u00e9 par un bord rouge qui rehausse sa beaut\u00e9 et sa singularit\u00e9. La c\u00e9ramique, d\u00e9cor\u00e9e selon des techniques de peinture manuelle, apporte une touche authentique et artisanale, en faisant un souvenir m\u00e9morable pour ceux qui ont parcouru ou souhaitent explorer cette route historique.<\/p>\n<p>L&rsquo;assiette n&rsquo;est pas seulement une pi\u00e8ce d\u00e9corative, elle symbolise \u00e9galement la riche tradition culturelle du Chemin de Compostelle, qui attire des milliers de p\u00e8lerins du monde entier. C&rsquo;est un objet id\u00e9al pour les touristes \u00e0 la recherche de souvenirs authentiques \u00e9voquant leur exp\u00e9rience \u00e0 Saint-Jacques-de-Compostelle, et un compl\u00e9ment parfait pour n&rsquo;importe quel foyer. Chez Ol\u00e9 Mosaic, en tant que grossistes de souvenirs, nous proposons cette assiette en c\u00e9ramique qui refl\u00e8te la culture et le patrimoine espagnol, id\u00e9ale pour les boutiques de cadeaux touristiques souhaitant offrir des produits repr\u00e9sentatifs et de qualit\u00e9 \u00e0 leurs clients.<\/p>\n","protected":false},"excerpt":{"rendered":"<p>Assiette en c\u00e9ramique de 15 cm inspir\u00e9e du Chemin de Compostelle, avec un design vibrant mettant en valeur la majestueuse cath\u00e9drale de Saint-Jacques-de-Compostelle. Cette assiette beige pr\u00e9sente \u00e0 l&rsquo;int\u00e9rieur l&rsquo;inscription \u00ab\u00a0CAMINO DE SANTIAGO\u00a0\u00bb et des illustrations color\u00e9es d&rsquo;un p\u00e8lerin avec son b\u00e2ton, des \u00e9l\u00e9ments architecturaux et un parapluie, le tout encadr\u00e9 par un bord rouge. D\u00e9cor\u00e9e avec des techniques de peinture manuelle, c&rsquo;est un souvenir parfait qui capture l&rsquo;essence de cette c\u00e9l\u00e8bre route.<\/p>\n","protected":false},"featured_media":8729,"template":"","meta":{"_acf_changed":false},"product_brand":[],"product_cat":[656],"product_tag":[585],"class_list":{"0":"post-32220","1":"product","2":"type-product","3":"status-publish","4":"has-post-thumbnail","6":"product_cat-assiettes-decoratives","7":"product_tag-ceramique","8":"pa_ciudad-santiago-de-compostela","9":"pa_pais-espana","11":"first","12":"instock","13":"shipping-taxable","14":"product-type-simple"},"acf":[],"_links":{"self":[{"href":"https:\/\/olemosaic.com\/fr\/wp-json\/wp\/v2\/product\/32220","targetHints":{"allow":["GET"]}}],"collection":[{"href":"https:\/\/olemosaic.com\/fr\/wp-json\/wp\/v2\/product"}],"about":[{"href":"https:\/\/olemosaic.com\/fr\/wp-json\/wp\/v2\/types\/product"}],"wp:featuredmedia":[{"embeddable":true,"href":"https:\/\/olemosaic.com\/fr\/wp-json\/wp\/v2\/media\/8729"}],"wp:attachment":[{"href":"https:\/\/olemosaic.com\/fr\/wp-json\/wp\/v2\/media?parent=32220"}],"wp:term":[{"taxonomy":"product_brand","embeddable":true,"href":"https:\/\/olemosaic.com\/fr\/wp-json\/wp\/v2\/product_brand?post=32220"},{"taxonomy":"product_cat","embeddable":true,"href":"https:\/\/olemosaic.com\/fr\/wp-json\/wp\/v2\/product_cat?post=32220"},{"taxonomy":"product_tag","embeddable":true,"href":"https:\/\/olemosaic.com\/fr\/wp-json\/wp\/v2\/product_tag?post=32220"}],"curies":[{"name":"wp","href":"https:\/\/api.w.org\/{rel}","templated":true}]}}