{"id":32204,"date":"2025-02-20T22:34:03","date_gmt":"2025-02-20T22:34:03","guid":{"rendered":"http:\/\/olemosaic.com\/producto\/plato-de-ceramica-de-15-cm-toros-blanco\/"},"modified":"2025-07-25T18:55:26","modified_gmt":"2025-07-25T16:55:26","slug":"assiette-en-ceramique-de-15-cm-taureaux-blanc","status":"publish","type":"product","link":"https:\/\/olemosaic.com\/fr\/produit\/assiette-en-ceramique-de-15-cm-taureaux-blanc\/","title":{"rendered":"Assiette en c\u00e9ramique de 15 cm. Taureaux. Blanc."},"content":{"rendered":"<p>Cette assiette en c\u00e9ramique de 15 cm, d\u00e9cor\u00e9e d&rsquo;un design vibrant de taureaux, capture l&rsquo;essence de la culture espagnole dans une pi\u00e8ce artistique unique. La technique de la mosa\u00efque, avec une palette de couleurs captivantes, met en valeur les taureaux dans des tons rouges et verts, situ\u00e9s dans un charmant paysage orn\u00e9 de fleurs. Le fond blanc contraste magistralement avec les couleurs vives, tandis qu&rsquo;un soleil radieux dans la partie sup\u00e9rieure ajoute une touche joyeuse et lumineuse, \u00e9voquant la chaleur du climat espagnol.<\/p>\n<p>Cette assiette n&rsquo;est pas seulement un objet d\u00e9coratif, mais elle symbolise l&rsquo;une des traditions les plus embl\u00e9matiques d&rsquo;Espagne, refl\u00e9tant l&rsquo;importance culturelle des taureaux dans diverses festivit\u00e9s et c\u00e9l\u00e9brations \u00e0 travers le pays. C&rsquo;est une repr\u00e9sentation parfaite de la passion et de l&rsquo;art qui caract\u00e9risent le folklore espagnol.<\/p>\n<p>Chez Ol\u00e9 Mosaic, nous sommes experts dans la distribution de souvenirs en gros, et cette assiette en c\u00e9ramique est une excellente option pour les boutiques de cadeaux touristiques qui cherchent \u00e0 offrir des produits authentiques et repr\u00e9sentatifs. En tant que grossistes en c\u00e9ramique, nous garantissons la qualit\u00e9 et l&rsquo;authenticit\u00e9 de chaque pi\u00e8ce, en faisant un souvenir inoubliable pour les touristes qui souhaitent emporter un petit morceau d&rsquo;Espagne chez eux.<\/p>\n","protected":false},"excerpt":{"rendered":"<p>Assiette en c\u00e9ramique de 15 cm, d\u00e9cor\u00e9e d&rsquo;un design color\u00e9 de taureaux repr\u00e9sentant l&rsquo;essence de la culture espagnole. Cette charmante assiette pr\u00e9sente une technique de mosa\u00efque dans des tons vibrants, comme le rouge, le bleu et le vert, sur un fond blanc qui souligne sa beaut\u00e9. Les taureaux sont situ\u00e9s dans un paysage orn\u00e9 de fleurs et d&rsquo;un soleil radieux dans la partie sup\u00e9rieure, ce qui apporte une touche unique et joyeuse \u00e0 n&rsquo;importe quel espace. Id\u00e9ale comme pi\u00e8ce d\u00e9corative ou souvenir.<\/p>\n","protected":false},"featured_media":8532,"template":"","meta":{"_acf_changed":false},"product_brand":[],"product_cat":[656],"product_tag":[530,585],"class_list":{"0":"post-32204","1":"product","2":"type-product","3":"status-publish","4":"has-post-thumbnail","6":"product_cat-assiettes-decoratives","7":"product_tag-animaux","8":"product_tag-ceramique","9":"pa_motivo-taureaux","11":"first","12":"instock","13":"shipping-taxable","14":"product-type-simple"},"acf":[],"_links":{"self":[{"href":"https:\/\/olemosaic.com\/fr\/wp-json\/wp\/v2\/product\/32204","targetHints":{"allow":["GET"]}}],"collection":[{"href":"https:\/\/olemosaic.com\/fr\/wp-json\/wp\/v2\/product"}],"about":[{"href":"https:\/\/olemosaic.com\/fr\/wp-json\/wp\/v2\/types\/product"}],"wp:featuredmedia":[{"embeddable":true,"href":"https:\/\/olemosaic.com\/fr\/wp-json\/wp\/v2\/media\/8532"}],"wp:attachment":[{"href":"https:\/\/olemosaic.com\/fr\/wp-json\/wp\/v2\/media?parent=32204"}],"wp:term":[{"taxonomy":"product_brand","embeddable":true,"href":"https:\/\/olemosaic.com\/fr\/wp-json\/wp\/v2\/product_brand?post=32204"},{"taxonomy":"product_cat","embeddable":true,"href":"https:\/\/olemosaic.com\/fr\/wp-json\/wp\/v2\/product_cat?post=32204"},{"taxonomy":"product_tag","embeddable":true,"href":"https:\/\/olemosaic.com\/fr\/wp-json\/wp\/v2\/product_tag?post=32204"}],"curies":[{"name":"wp","href":"https:\/\/api.w.org\/{rel}","templated":true}]}}