{"id":32202,"date":"2025-02-20T22:34:03","date_gmt":"2025-02-20T22:34:03","guid":{"rendered":"http:\/\/olemosaic.com\/producto\/plato-de-ceramica-de-15-cm-punt-de-trobada-barcelona-blanco\/"},"modified":"2025-07-25T18:48:57","modified_gmt":"2025-07-25T16:48:57","slug":"assiette-en-ceramique-de-15-cm-punt-de-trobada-barcelone-blanc","status":"publish","type":"product","link":"https:\/\/olemosaic.com\/fr\/produit\/assiette-en-ceramique-de-15-cm-punt-de-trobada-barcelone-blanc\/","title":{"rendered":"Assiette en c\u00e9ramique de 15 cm. Punt de trobada. Barcelone. Blanc."},"content":{"rendered":"<p>Cette assiette en c\u00e9ramique de 15 cm est une repr\u00e9sentation vibrante du style moderniste barcelonais, id\u00e9ale pour ceux qui recherchent un souvenir authentique capturant l&rsquo;essence de la ville. Sur un fond blanc, l&rsquo;assiette est orn\u00e9e d&rsquo;une mosa\u00efque pleine de couleurs et de formes abstraites, \u00e9voquant l&rsquo;\u0153uvre de grands artistes catalans. Les d\u00e9tails en noir rehaussent les compositions en rouge, bleu, jaune et vert, cr\u00e9ant une pi\u00e8ce qui n&rsquo;est pas seulement d\u00e9corative, mais aussi fonctionnelle pour tout foyer. Dans la partie inf\u00e9rieure de l&rsquo;assiette, l&rsquo;inscription \u00ab\u00a0Barcelona\u00a0\u00bb r\u00e9affirme son identit\u00e9 culturelle, en faisant un excellent souvenir.<\/p>\n<p>Cette assiette encapsule la cr\u00e9ativit\u00e9 et le charme de la cit\u00e9 comtale, \u00e9tant un souvenir repr\u00e9sentatif de son riche h\u00e9ritage artistique. Id\u00e9ale pour \u00eatre expos\u00e9e sur des \u00e9tag\u00e8res ou utilis\u00e9e lors d&rsquo;occasions sp\u00e9ciales, c&rsquo;est un cadeau parfait pour les touristes et les amoureux de Barcelone. Chez Ol\u00e9 Mosaic, nous nous sp\u00e9cialisons dans la distribution de souvenirs en gros, offrant des articles uniques comme cette assiette d\u00e9corative qui se distingue par son authenticit\u00e9 et sa pertinence culturelle. Sans aucun doute, une option indispensable pour les boutiques de cadeaux touristiques qui cherchent \u00e0 surprendre leurs clients avec des produits de qualit\u00e9.<\/p>\n","protected":false},"excerpt":{"rendered":"<p>Assiette en c\u00e9ramique de 15 cm d\u00e9cor\u00e9e d&rsquo;un design vibrant inspir\u00e9 du modernisme barcelonais. Cette assiette, de couleur blanche, pr\u00e9sente une mosa\u00efque color\u00e9e avec des formes abstraites et des d\u00e9tails en noir, \u00e9voquant la cr\u00e9ativit\u00e9 de la ville. Avec l&rsquo;inscription \u00ab\u00a0Barcelona\u00a0\u00bb en bas, c&rsquo;est une pi\u00e8ce id\u00e9ale tant pour un usage d\u00e9coratif que pratique, qui rehausse le charme et l&rsquo;art caract\u00e9risant la r\u00e9gion.<\/p>\n","protected":false},"featured_media":9143,"template":"","meta":{"_acf_changed":false},"product_brand":[],"product_cat":[656],"product_tag":[585],"class_list":{"0":"post-32202","1":"product","2":"type-product","3":"status-publish","4":"has-post-thumbnail","6":"product_cat-assiettes-decoratives","7":"product_tag-ceramique","8":"pa_ciudad-barcelona","9":"pa_motivo-punt-de-trobada","10":"pa_pais-espana","12":"first","13":"instock","14":"shipping-taxable","15":"product-type-simple"},"acf":[],"_links":{"self":[{"href":"https:\/\/olemosaic.com\/fr\/wp-json\/wp\/v2\/product\/32202","targetHints":{"allow":["GET"]}}],"collection":[{"href":"https:\/\/olemosaic.com\/fr\/wp-json\/wp\/v2\/product"}],"about":[{"href":"https:\/\/olemosaic.com\/fr\/wp-json\/wp\/v2\/types\/product"}],"wp:featuredmedia":[{"embeddable":true,"href":"https:\/\/olemosaic.com\/fr\/wp-json\/wp\/v2\/media\/9143"}],"wp:attachment":[{"href":"https:\/\/olemosaic.com\/fr\/wp-json\/wp\/v2\/media?parent=32202"}],"wp:term":[{"taxonomy":"product_brand","embeddable":true,"href":"https:\/\/olemosaic.com\/fr\/wp-json\/wp\/v2\/product_brand?post=32202"},{"taxonomy":"product_cat","embeddable":true,"href":"https:\/\/olemosaic.com\/fr\/wp-json\/wp\/v2\/product_cat?post=32202"},{"taxonomy":"product_tag","embeddable":true,"href":"https:\/\/olemosaic.com\/fr\/wp-json\/wp\/v2\/product_tag?post=32202"}],"curies":[{"name":"wp","href":"https:\/\/api.w.org\/{rel}","templated":true}]}}