{"id":32200,"date":"2025-02-20T23:34:03","date_gmt":"2025-02-20T22:34:03","guid":{"rendered":"http:\/\/olemosaic.com\/producto\/plato-de-ceramica-de-15-cm-mosaico-blanco\/"},"modified":"2025-07-25T18:55:47","modified_gmt":"2025-07-25T16:55:47","slug":"assiette-en-ceramique-de-15-cm-mosaique-blanc","status":"publish","type":"product","link":"https:\/\/olemosaic.com\/fr\/produit\/assiette-en-ceramique-de-15-cm-mosaique-blanc\/","title":{"rendered":"Assiette en c\u00e9ramique de 15 cm. Mosa\u00efque. Blanc."},"content":{"rendered":"<p>Cette assiette en c\u00e9ramique de 15 cm est un chef-d&rsquo;\u0153uvre qui c\u00e9l\u00e8bre la riche tradition de l&rsquo;art c\u00e9ramique espagnol, un authentique souvenir qui refl\u00e8te l&rsquo;essence culturelle de la r\u00e9gion m\u00e9diterran\u00e9enne. Son design de mosa\u00efque vibrant, \u00e9labor\u00e9 de mani\u00e8re artisanale, combine des couleurs \u00e9clatantes comme le bleu, le rouge, l&rsquo;orange et le blanc, cr\u00e9ant un effet visuel \u00e9blouissant qui captive tout visiteur. Les motifs g\u00e9om\u00e9triques et floraux qui d\u00e9corent l&rsquo;assiette sont une r\u00e9f\u00e9rence claire aux techniques artisanales traditionnelles d&rsquo;Espagne, o\u00f9 la c\u00e9ramique est une forme d&rsquo;art profond\u00e9ment ancr\u00e9e dans la culture du pays.<\/p>\n<p>Cette assiette n&rsquo;est pas seulement une excellente option comme \u00e9l\u00e9ment d\u00e9coratif, mais elle se distingue \u00e9galement par sa fonctionnalit\u00e9, \u00e9tant id\u00e9ale pour servir des ap\u00e9ritifs lors de toute r\u00e9union. Sa surface aux finitions brillantes et aux couleurs satur\u00e9es ajoute une touche de fra\u00eecheur et d&rsquo;\u00e9l\u00e9gance \u00e0 la table, faisant de cet article un cadeau m\u00e9morable et repr\u00e9sentatif de l&rsquo;exp\u00e9rience touristique.<\/p>\n<p>Chez Ol\u00e9 Mosaic, nous sommes leaders dans la distribution de souvenirs en gros, et cette assiette en c\u00e9ramique est un choix parfait pour les boutiques de cadeaux touristiques souhaitant offrir \u00e0 leurs clients un morceau authentique de la richesse culturelle espagnole. Les souvenirs en c\u00e9ramique sont embl\u00e9matiques, et cette assiette, en particulier, se distingue par son design unique, son authenticit\u00e9 et son lien avec la tradition locale, ce qui en fait une option incontournable pour ceux qui cherchent \u00e0 emporter un morceau d&rsquo;Espagne avec eux.<\/p>\n","protected":false},"excerpt":{"rendered":"<p>Assiette en c\u00e9ramique de 15 cm d\u00e9cor\u00e9e d&rsquo;un design de mosa\u00efque vibrant, id\u00e9ale pour ajouter une touche culturelle \u00e0 n&rsquo;importe quel foyer. Elle pr\u00e9sente une combinaison de couleurs brillantes comme le bleu, le rouge, l&rsquo;orange et le blanc, avec des motifs g\u00e9om\u00e9triques et floraux qui \u00e9voquent la riche tradition de l&rsquo;art c\u00e9ramique espagnol. Cette assiette au design artisanal, peinte \u00e0 la main, est parfaite comme \u00e9l\u00e9ment d\u00e9coratif ou pour servir des ap\u00e9ritifs, refl\u00e9tant le charme du style m\u00e9diterran\u00e9en.<\/p>\n","protected":false},"featured_media":8891,"template":"","meta":{"_acf_changed":false},"product_brand":[],"product_cat":[656],"product_tag":[585],"class_list":{"0":"post-32200","1":"product","2":"type-product","3":"status-publish","4":"has-post-thumbnail","6":"product_cat-assiettes-decoratives","7":"product_tag-ceramique","8":"pa_motivo-mosaique","10":"first","11":"instock","12":"shipping-taxable","13":"product-type-simple"},"acf":[],"_links":{"self":[{"href":"https:\/\/olemosaic.com\/fr\/wp-json\/wp\/v2\/product\/32200","targetHints":{"allow":["GET"]}}],"collection":[{"href":"https:\/\/olemosaic.com\/fr\/wp-json\/wp\/v2\/product"}],"about":[{"href":"https:\/\/olemosaic.com\/fr\/wp-json\/wp\/v2\/types\/product"}],"wp:featuredmedia":[{"embeddable":true,"href":"https:\/\/olemosaic.com\/fr\/wp-json\/wp\/v2\/media\/8891"}],"wp:attachment":[{"href":"https:\/\/olemosaic.com\/fr\/wp-json\/wp\/v2\/media?parent=32200"}],"wp:term":[{"taxonomy":"product_brand","embeddable":true,"href":"https:\/\/olemosaic.com\/fr\/wp-json\/wp\/v2\/product_brand?post=32200"},{"taxonomy":"product_cat","embeddable":true,"href":"https:\/\/olemosaic.com\/fr\/wp-json\/wp\/v2\/product_cat?post=32200"},{"taxonomy":"product_tag","embeddable":true,"href":"https:\/\/olemosaic.com\/fr\/wp-json\/wp\/v2\/product_tag?post=32200"}],"curies":[{"name":"wp","href":"https:\/\/api.w.org\/{rel}","templated":true}]}}