{"id":32199,"date":"2025-02-20T23:34:02","date_gmt":"2025-02-20T22:34:02","guid":{"rendered":"http:\/\/olemosaic.com\/producto\/plato-de-ceramica-de-15-cm-panoramica-barcelona-beige\/"},"modified":"2025-07-25T18:48:54","modified_gmt":"2025-07-25T16:48:54","slug":"assiette-en-ceramique-de-15-cm-panoramique-barcelone-beige","status":"publish","type":"product","link":"https:\/\/olemosaic.com\/fr\/produit\/assiette-en-ceramique-de-15-cm-panoramique-barcelone-beige\/","title":{"rendered":"Assiette en c\u00e9ramique de 15 cm. Panoramique. Barcelone. Beige."},"content":{"rendered":"<p>Cette assiette en c\u00e9ramique de 15 cm est une authentique pi\u00e8ce d\u00e9corative qui capture l&rsquo;essence de Barcelone \u00e0 travers une vue panoramique color\u00e9e. Sa base beige met en valeur une illustration vibrante de l&rsquo;iconique Sagrada Familia, symbole embl\u00e9matique de l&rsquo;architecture moderniste catalane, c\u00e9l\u00e8bre pour son design unique con\u00e7u par Antoni Gaud\u00ed. La c\u00e9ramique semble \u00eatre peinte \u00e0 la main, ce qui garantit que chaque assiette est unique, avec des d\u00e9tails artistiques qui donnent vie aux formes color\u00e9es des mosa\u00efques ornant ce monument, cr\u00e9ant une impression visuelle captivante. Tout autour, l&rsquo;inscription \u00ab\u00a0Barcelone\u00a0\u00bb se d\u00e9tache avec des lettres frappantes, ajoutant une touche personnelle qui connecte le produit \u00e0 la ville.<\/p>\n<p>Le bord rouge de l&rsquo;assiette n&rsquo;ajoute pas seulement un d\u00e9tail \u00e9l\u00e9gant, mais encadre \u00e9galement l&rsquo;\u0153uvre avec un air de sophistication, faisant de ce souvenir une option id\u00e9ale pour ceux qui recherchent un souvenir \u00e0 la fois fonctionnel et d\u00e9coratif. Cette assiette est une repr\u00e9sentation parfaite de la culture et de l&rsquo;art de Barcelone, ce qui en fait un excellent cadeau pour les touristes et les visiteurs souhaitant emporter un morceau de cette ville vibrante. Chez Ol\u00e9 Mosaic, en tant que grossistes de souvenirs en c\u00e9ramique, nous proposons des produits authentiques et de qualit\u00e9, id\u00e9aux pour les boutiques de cadeaux touristiques cherchant \u00e0 offrir \u00e0 leurs clients des souvenirs repr\u00e9sentatifs de la beaut\u00e9 et de la richesse culturelle de Barcelone.<\/p>\n","protected":false},"excerpt":{"rendered":"<p>Assiette en c\u00e9ramique de 15 cm avec une vue panoramique color\u00e9e de Barcelone. Cette magnifique assiette, dans des tons beiges et d\u00e9cor\u00e9e de mosa\u00efques vibrantes, montre l&rsquo;iconique Sagrada Familia, soulign\u00e9e par des d\u00e9tails artistiques peints \u00e0 la main. L&rsquo;inscription \u00ab\u00a0Barcelone\u00a0\u00bb sur la partie sup\u00e9rieure renforce la connexion avec la ville. Avec son bord rouge, cette assiette n&rsquo;est pas seulement un souvenir id\u00e9al, mais aussi une pi\u00e8ce d\u00e9corative \u00e9voquant le charme de l&rsquo;architecture moderniste catalane.<\/p>\n","protected":false},"featured_media":7755,"template":"","meta":{"_acf_changed":false},"product_brand":[],"product_cat":[656],"product_tag":[585],"class_list":{"0":"post-32199","1":"product","2":"type-product","3":"status-publish","4":"has-post-thumbnail","6":"product_cat-assiettes-decoratives","7":"product_tag-ceramique","8":"pa_ciudad-barcelona","9":"pa_motivo-panoramas","10":"pa_pais-espana","12":"first","13":"instock","14":"shipping-taxable","15":"product-type-simple"},"acf":[],"_links":{"self":[{"href":"https:\/\/olemosaic.com\/fr\/wp-json\/wp\/v2\/product\/32199","targetHints":{"allow":["GET"]}}],"collection":[{"href":"https:\/\/olemosaic.com\/fr\/wp-json\/wp\/v2\/product"}],"about":[{"href":"https:\/\/olemosaic.com\/fr\/wp-json\/wp\/v2\/types\/product"}],"wp:featuredmedia":[{"embeddable":true,"href":"https:\/\/olemosaic.com\/fr\/wp-json\/wp\/v2\/media\/7755"}],"wp:attachment":[{"href":"https:\/\/olemosaic.com\/fr\/wp-json\/wp\/v2\/media?parent=32199"}],"wp:term":[{"taxonomy":"product_brand","embeddable":true,"href":"https:\/\/olemosaic.com\/fr\/wp-json\/wp\/v2\/product_brand?post=32199"},{"taxonomy":"product_cat","embeddable":true,"href":"https:\/\/olemosaic.com\/fr\/wp-json\/wp\/v2\/product_cat?post=32199"},{"taxonomy":"product_tag","embeddable":true,"href":"https:\/\/olemosaic.com\/fr\/wp-json\/wp\/v2\/product_tag?post=32199"}],"curies":[{"name":"wp","href":"https:\/\/api.w.org\/{rel}","templated":true}]}}