{"id":32198,"date":"2025-02-20T23:34:02","date_gmt":"2025-02-20T22:34:02","guid":{"rendered":"http:\/\/olemosaic.com\/producto\/plato-de-ceramica-de-15-cm-patio-blanco\/"},"modified":"2025-07-25T18:38:34","modified_gmt":"2025-07-25T16:38:34","slug":"assiette-en-ceramique-de-15-cm-patio-blanc","status":"publish","type":"product","link":"https:\/\/olemosaic.com\/fr\/produit\/assiette-en-ceramique-de-15-cm-patio-blanc\/","title":{"rendered":"Assiette en c\u00e9ramique de 15 cm. Patio. Blanc."},"content":{"rendered":"<p>Cette assiette en c\u00e9ramique de 15 cm est un hommage vibrant \u00e0 la riche culture andalouse, id\u00e9ale comme souvenir d&rsquo;Espagne. D\u00e9cor\u00e9e d&rsquo;une sc\u00e8ne anim\u00e9e d&rsquo;un patio espagnol typique, elle montre une danseuse avec un spectaculaire costume \u00e0 pois rouges et un torero accompagnant sa danse avec gr\u00e2ce. Ce charmant fond artistique est encadr\u00e9 par un environnement rempli de fleurs vibrantes, qui ajoutent couleur et joie, tandis que les carreaux blancs recr\u00e9ent la fra\u00eecheur du style andalou.<\/p>\n<p>Les d\u00e9tails sont r\u00e9ellement \u00e9blouissants, avec une guitare et un lampion qui \u00e9voquent l&rsquo;essence du folklore espagnol et la tradition de la musique flamenco, cr\u00e9ant un lien \u00e9motionnel avec le riche h\u00e9ritage culturel de l&rsquo;Andalousie. La technique de peinture \u00e0 la main utilis\u00e9e sur chaque pi\u00e8ce garantit que chaque assiette est unique, soulignant l&rsquo;artisanat des fabricants locaux. Cette assiette n&rsquo;est pas seulement un objet d\u00e9coratif attrayant, mais aussi un symbole authentique de la chaleur et de l&rsquo;hospitalit\u00e9 espagnoles.<\/p>\n<p>Chez Ol\u00e9 Mosaic, nous sommes distributeurs de souvenirs de qualit\u00e9 et d&rsquo;authenticit\u00e9 comme cette assiette en c\u00e9ramique, parfaite pour les boutiques de cadeaux touristiques. Ce souvenir andalou est un choix id\u00e9al pour ceux qui cherchent \u00e0 emporter un morceau d&rsquo;Espagne, alliant fonctionnalit\u00e9 et beaut\u00e9 en un seul objet.<\/p>\n","protected":false},"excerpt":{"rendered":"<p>Assiette en c\u00e9ramique de 15 cm d\u00e9cor\u00e9e d&rsquo;une sc\u00e8ne joyeuse d&rsquo;un patio espagnol. Elle montre une danseuse en robe \u00e0 pois rouges et un torero dansant, entour\u00e9s de fleurs vibrantes et d&rsquo;un fond de carreaux blancs. Cette assiette, au design artisanal peint \u00e0 la main, pr\u00e9sente des d\u00e9tails artistiques tels qu&rsquo;une guitare et un lampion, \u00e9voquant l&rsquo;essence du folklore espagnol. Son design color\u00e9 et d\u00e9taill\u00e9 en fait un souvenir attrayant parfait pour se rem\u00e9morer la culture andalouse.<\/p>\n","protected":false},"featured_media":8414,"template":"","meta":{"_acf_changed":false},"product_brand":[],"product_cat":[656],"product_tag":[585],"class_list":{"0":"post-32198","1":"product","2":"type-product","3":"status-publish","4":"has-post-thumbnail","6":"product_cat-assiettes-decoratives","7":"product_tag-ceramique","8":"pa_motivo-cours-interieures","10":"first","11":"instock","12":"shipping-taxable","13":"product-type-simple"},"acf":[],"_links":{"self":[{"href":"https:\/\/olemosaic.com\/fr\/wp-json\/wp\/v2\/product\/32198","targetHints":{"allow":["GET"]}}],"collection":[{"href":"https:\/\/olemosaic.com\/fr\/wp-json\/wp\/v2\/product"}],"about":[{"href":"https:\/\/olemosaic.com\/fr\/wp-json\/wp\/v2\/types\/product"}],"wp:featuredmedia":[{"embeddable":true,"href":"https:\/\/olemosaic.com\/fr\/wp-json\/wp\/v2\/media\/8414"}],"wp:attachment":[{"href":"https:\/\/olemosaic.com\/fr\/wp-json\/wp\/v2\/media?parent=32198"}],"wp:term":[{"taxonomy":"product_brand","embeddable":true,"href":"https:\/\/olemosaic.com\/fr\/wp-json\/wp\/v2\/product_brand?post=32198"},{"taxonomy":"product_cat","embeddable":true,"href":"https:\/\/olemosaic.com\/fr\/wp-json\/wp\/v2\/product_cat?post=32198"},{"taxonomy":"product_tag","embeddable":true,"href":"https:\/\/olemosaic.com\/fr\/wp-json\/wp\/v2\/product_tag?post=32198"}],"curies":[{"name":"wp","href":"https:\/\/api.w.org\/{rel}","templated":true}]}}