{"id":32195,"date":"2025-02-20T22:34:02","date_gmt":"2025-02-20T22:34:02","guid":{"rendered":"http:\/\/olemosaic.com\/producto\/plato-de-ceramica-de-15-cm-mijas-blanco\/"},"modified":"2025-07-25T18:34:05","modified_gmt":"2025-07-25T16:34:05","slug":"assiette-en-ceramique-de-15-cm-mijas-blanc","status":"publish","type":"product","link":"https:\/\/olemosaic.com\/fr\/produit\/assiette-en-ceramique-de-15-cm-mijas-blanc\/","title":{"rendered":"Assiette en c\u00e9ramique de 15 cm. Mijas. Blanc."},"content":{"rendered":"<p>Cette assiette en c\u00e9ramique de 15 cm est un charmant souvenir qui capture l&rsquo;essence de Mijas, un pittoresque village andalou connu pour sa beaut\u00e9 et son architecture traditionnelle. D\u00e9cor\u00e9e d&rsquo;une illustration vibrante, l&rsquo;assiette montre l&#8217;embl\u00e9matique Plaza de Toros entour\u00e9e des rues caract\u00e9ristiques du village, o\u00f9 palmiers et d\u00e9tails architecturaux andalous s&rsquo;entrelacent dans un design color\u00e9 et joyeux. Avec un fond blanc brillant qui rehausse les tons vifs, l&rsquo;assiette refl\u00e8te la chaleur et le caract\u00e8re unique de Mijas, ce qui en fait un excellent compl\u00e9ment \u00e0 toute collection.<\/p>\n<p>Chaque d\u00e9tail de l&rsquo;illustration a \u00e9t\u00e9 soigneusement con\u00e7u, du panneau frappant \u00ab MIJAS \u00bb aux nuances des b\u00e2timents, qui \u00e9voquent l&rsquo;histoire et la culture de la r\u00e9gion. Cette assiette n&rsquo;est pas seulement un objet d\u00e9coratif, mais aussi un souvenir authentique qui connecte les touristes au riche h\u00e9ritage culturel de l&rsquo;Andalousie. Id\u00e9ale pour ceux qui recherchent des souvenirs de qualit\u00e9, cette assiette en c\u00e9ramique est une pi\u00e8ce repr\u00e9sentative qui \u00e9voque des moments m\u00e9morables de leur visite.<\/p>\n<p>Chez Ol\u00e9 Mosaic, nous sommes fiers de proposer des souvenirs qui refl\u00e8tent l&rsquo;authenticit\u00e9 et l&rsquo;esprit de l&rsquo;Espagne. Cette assiette en c\u00e9ramique est un choix id\u00e9al pour les boutiques de cadeaux touristiques souhaitant proposer des produits fusionnant art et culture, soulignant sa pertinence en tant que cadeau significatif et repr\u00e9sentatif de Mijas.<\/p>\n","protected":false},"excerpt":{"rendered":"<p>Assiette en c\u00e9ramique de 15 cm, d\u00e9cor\u00e9e d&rsquo;une illustration vibrante de Mijas. Cette assiette pr\u00e9sente un design color\u00e9 repr\u00e9sentant l&#8217;embl\u00e9matique Plaza de Toros et les rues pittoresques du village, flanqu\u00e9es de palmiers et de d\u00e9tails architecturaux andalous. Avec une finition brillante et un fond blanc qui rehausse les tons vifs, cet article est id\u00e9al pour les collectionneurs ou comme souvenir \u00e9voquant l&rsquo;essence de la culture espagnole.<\/p>\n","protected":false},"featured_media":10014,"template":"","meta":{"_acf_changed":false},"product_brand":[],"product_cat":[656],"product_tag":[530,585],"class_list":{"0":"post-32195","1":"product","2":"type-product","3":"status-publish","4":"has-post-thumbnail","6":"product_cat-assiettes-decoratives","7":"product_tag-animaux","8":"product_tag-ceramique","9":"pa_ciudad-mijas","10":"pa_pais-espana","12":"first","13":"instock","14":"shipping-taxable","15":"product-type-simple"},"acf":[],"_links":{"self":[{"href":"https:\/\/olemosaic.com\/fr\/wp-json\/wp\/v2\/product\/32195","targetHints":{"allow":["GET"]}}],"collection":[{"href":"https:\/\/olemosaic.com\/fr\/wp-json\/wp\/v2\/product"}],"about":[{"href":"https:\/\/olemosaic.com\/fr\/wp-json\/wp\/v2\/types\/product"}],"wp:featuredmedia":[{"embeddable":true,"href":"https:\/\/olemosaic.com\/fr\/wp-json\/wp\/v2\/media\/10014"}],"wp:attachment":[{"href":"https:\/\/olemosaic.com\/fr\/wp-json\/wp\/v2\/media?parent=32195"}],"wp:term":[{"taxonomy":"product_brand","embeddable":true,"href":"https:\/\/olemosaic.com\/fr\/wp-json\/wp\/v2\/product_brand?post=32195"},{"taxonomy":"product_cat","embeddable":true,"href":"https:\/\/olemosaic.com\/fr\/wp-json\/wp\/v2\/product_cat?post=32195"},{"taxonomy":"product_tag","embeddable":true,"href":"https:\/\/olemosaic.com\/fr\/wp-json\/wp\/v2\/product_tag?post=32195"}],"curies":[{"name":"wp","href":"https:\/\/api.w.org\/{rel}","templated":true}]}}