{"id":32174,"date":"2025-02-20T22:34:02","date_gmt":"2025-02-20T22:34:02","guid":{"rendered":"http:\/\/olemosaic.com\/producto\/plato-de-ceramica-de-15-cm-ronda-blanco\/"},"modified":"2025-07-25T18:34:05","modified_gmt":"2025-07-25T16:34:05","slug":"assiette-en-ceramique-de-15-cm-ronda-blanc","status":"publish","type":"product","link":"https:\/\/olemosaic.com\/fr\/produit\/assiette-en-ceramique-de-15-cm-ronda-blanc\/","title":{"rendered":"Assiette en c\u00e9ramique de 15 cm. Ronda. Blanc."},"content":{"rendered":"<p>Cette assiette en c\u00e9ramique de 15 cm est un charmant souvenir de Ronda, qui encapsule la beaut\u00e9 et le patrimoine culturel de cette ville andalouse iconique. D\u00e9cor\u00e9e d&rsquo;une illustration vibrante de style mosa\u00efque, l&rsquo;assiette pr\u00e9sente l&#8217;embl\u00e9matique Puente Nuevo, l&rsquo;un des monuments les plus repr\u00e9sentatifs de Ronda, qui s&rsquo;\u00e9l\u00e8ve majestueusement au-dessus du d\u00e9fil\u00e9. La c\u00e9ramique d\u00e9licate brille sur un fond blanc, mettant en valeur le design color\u00e9 qui inclut des figures traditionnelles v\u00eatues de costumes typiques, offrant une fen\u00eatre sur le riche h\u00e9ritage culturel de cette r\u00e9gion. Le mot \u00ab\u00a0RONDA\u00a0\u00bb se d\u00e9tache en lettres joyeuses et color\u00e9es, ajoutant une touche festive et attrayante.<\/p>\n<p>Cette assiette n&rsquo;est pas seulement un objet d\u00e9coratif, mais aussi un rappel tangible du charme andalou singulier, devenant un excellent cadeau ou une pi\u00e8ce \u00e0 exposer chez soi. Son authenticit\u00e9 en fait un cadeau id\u00e9al pour ceux qui recherchent des souvenirs significatifs de leurs voyages. Chez Ol\u00e9 Mosaic, nous nous sp\u00e9cialisons dans la distribution de souvenirs en gros, offrant des produits qui refl\u00e8tent la richesse culturelle espagnole. Cette assiette en c\u00e9ramique est parfaite pour les boutiques de cadeaux touristiques souhaitant offrir \u00e0 leurs clients d&rsquo;authentiques pi\u00e8ces dot\u00e9es d&rsquo;une valeur culturelle remarquable.<\/p>\n","protected":false},"excerpt":{"rendered":"<p>Assiette en c\u00e9ramique de 15 cm, d\u00e9cor\u00e9e d&rsquo;une illustration color\u00e9e de Ronda. Cette assiette attrayante pr\u00e9sente un design en mosa\u00efque incluant l&rsquo;iconique Puente Nuevo et des figures traditionnelles sur un fond blanc brillant. Le mot \u00ab\u00a0RONDA\u00a0\u00bb se d\u00e9tache en lettres vibrantes, apportant une touche joyeuse. Parfaite comme souvenir, cette assiette capture l&rsquo;essence du charme andalou et est id\u00e9ale pour \u00eatre expos\u00e9e ou offerte.<\/p>\n","protected":false},"featured_media":9988,"template":"","meta":{"_acf_changed":false},"product_brand":[],"product_cat":[656],"product_tag":[585],"class_list":{"0":"post-32174","1":"product","2":"type-product","3":"status-publish","4":"has-post-thumbnail","6":"product_cat-assiettes-decoratives","7":"product_tag-ceramique","8":"pa_ciudad-ronda","9":"pa_pais-espana","11":"first","12":"instock","13":"shipping-taxable","14":"product-type-simple"},"acf":[],"_links":{"self":[{"href":"https:\/\/olemosaic.com\/fr\/wp-json\/wp\/v2\/product\/32174","targetHints":{"allow":["GET"]}}],"collection":[{"href":"https:\/\/olemosaic.com\/fr\/wp-json\/wp\/v2\/product"}],"about":[{"href":"https:\/\/olemosaic.com\/fr\/wp-json\/wp\/v2\/types\/product"}],"wp:featuredmedia":[{"embeddable":true,"href":"https:\/\/olemosaic.com\/fr\/wp-json\/wp\/v2\/media\/9988"}],"wp:attachment":[{"href":"https:\/\/olemosaic.com\/fr\/wp-json\/wp\/v2\/media?parent=32174"}],"wp:term":[{"taxonomy":"product_brand","embeddable":true,"href":"https:\/\/olemosaic.com\/fr\/wp-json\/wp\/v2\/product_brand?post=32174"},{"taxonomy":"product_cat","embeddable":true,"href":"https:\/\/olemosaic.com\/fr\/wp-json\/wp\/v2\/product_cat?post=32174"},{"taxonomy":"product_tag","embeddable":true,"href":"https:\/\/olemosaic.com\/fr\/wp-json\/wp\/v2\/product_tag?post=32174"}],"curies":[{"name":"wp","href":"https:\/\/api.w.org\/{rel}","templated":true}]}}