{"id":32173,"date":"2025-02-20T22:34:01","date_gmt":"2025-02-20T22:34:01","guid":{"rendered":"http:\/\/olemosaic.com\/producto\/plato-de-ceramica-de-15-cm-madrid-blanco\/"},"modified":"2025-07-25T18:48:32","modified_gmt":"2025-07-25T16:48:32","slug":"assiette-en-ceramique-de-15-cm-madrid-blanc","status":"publish","type":"product","link":"https:\/\/olemosaic.com\/fr\/produit\/assiette-en-ceramique-de-15-cm-madrid-blanc\/","title":{"rendered":"Assiette en c\u00e9ramique de 15 cm. Madrid. Blanc."},"content":{"rendered":"<p>Cette assiette en c\u00e9ramique de 15 cm est un souvenir attrayant qui repr\u00e9sente l&#8217;embl\u00e9matique Puerta del Sol de Madrid, capturant l&rsquo;essence vibrante de la capitale espagnole. Avec une finition en technique trencad\u00eds, cette assiette blanche est d\u00e9cor\u00e9e d&rsquo;un design color\u00e9 incluant des statues et des personnages iconiques, ce qui en fait une v\u00e9ritable \u0153uvre d&rsquo;art refl\u00e9tant la vie et la culture de cette c\u00e9l\u00e8bre place. Dans la partie sup\u00e9rieure, le texte \u00ab\u00a0MADRID\u00a0\u00bb appara\u00eet avec des lettres joyeuses, ajoutant une touche ludique et distinctive qui la rend id\u00e9ale pour les collectionneurs et les amoureux de la ville.<\/p>\n<p>La Puerta del Sol est l&rsquo;un des points les plus visit\u00e9s de Madrid, connue pour \u00eatre le c\u0153ur de la ville, ce qui fait que cette assiette n&rsquo;est pas seulement un objet d\u00e9coratif, mais aussi un symbole de l&rsquo;histoire et du folklore madril\u00e8nes. Chez Ol\u00e9 Mosaic, nous sommes fiers de proposer des souvenirs authentiques et repr\u00e9sentatifs de chaque coin de l&rsquo;Espagne. Cette assiette en c\u00e9ramique se distingue non seulement par son design vibrant, mais aussi par sa connexion culturelle, devenant un cadeau parfait pour les touristes cherchant \u00e0 emporter un morceau de la culture madril\u00e8ne. En tant que distributeurs de souvenirs, nous garantissons la qualit\u00e9 et le caract\u00e8re authentique de chaque pi\u00e8ce, faisant de cette assiette une excellente option pour les boutiques de cadeaux touristiques.<\/p>\n","protected":false},"excerpt":{"rendered":"<p>Assiette en c\u00e9ramique de 15 cm, d\u00e9cor\u00e9e d&rsquo;un design vibrant repr\u00e9sentant l&#8217;embl\u00e9matique Puerta del Sol de Madrid. Cette assiette blanche pr\u00e9sente une finition en trencad\u00eds, avec des d\u00e9tails illustratifs color\u00e9s et le texte \u00ab\u00a0MADRID\u00a0\u00bb en lettres joyeuses. La sc\u00e8ne inclut les c\u00e9l\u00e8bres statues et personnages qui animent cette place iconique, en faisant un souvenir attrayant qui capture l&rsquo;essence de la capitale espagnole. Id\u00e9al pour les collectionneurs et les amoureux de la culture madril\u00e8ne.<\/p>\n","protected":false},"featured_media":9952,"template":"","meta":{"_acf_changed":false},"product_brand":[],"product_cat":[656],"product_tag":[585],"class_list":{"0":"post-32173","1":"product","2":"type-product","3":"status-publish","4":"has-post-thumbnail","6":"product_cat-assiettes-decoratives","7":"product_tag-ceramique","8":"pa_ciudad-madrid","9":"pa_pais-espana","11":"first","12":"instock","13":"shipping-taxable","14":"product-type-simple"},"acf":[],"_links":{"self":[{"href":"https:\/\/olemosaic.com\/fr\/wp-json\/wp\/v2\/product\/32173","targetHints":{"allow":["GET"]}}],"collection":[{"href":"https:\/\/olemosaic.com\/fr\/wp-json\/wp\/v2\/product"}],"about":[{"href":"https:\/\/olemosaic.com\/fr\/wp-json\/wp\/v2\/types\/product"}],"wp:featuredmedia":[{"embeddable":true,"href":"https:\/\/olemosaic.com\/fr\/wp-json\/wp\/v2\/media\/9952"}],"wp:attachment":[{"href":"https:\/\/olemosaic.com\/fr\/wp-json\/wp\/v2\/media?parent=32173"}],"wp:term":[{"taxonomy":"product_brand","embeddable":true,"href":"https:\/\/olemosaic.com\/fr\/wp-json\/wp\/v2\/product_brand?post=32173"},{"taxonomy":"product_cat","embeddable":true,"href":"https:\/\/olemosaic.com\/fr\/wp-json\/wp\/v2\/product_cat?post=32173"},{"taxonomy":"product_tag","embeddable":true,"href":"https:\/\/olemosaic.com\/fr\/wp-json\/wp\/v2\/product_tag?post=32173"}],"curies":[{"name":"wp","href":"https:\/\/api.w.org\/{rel}","templated":true}]}}