{"id":32172,"date":"2025-02-20T22:34:01","date_gmt":"2025-02-20T22:34:01","guid":{"rendered":"http:\/\/olemosaic.com\/producto\/plato-de-ceramica-de-11-cm-camino-de-santiago-beige\/"},"modified":"2025-07-25T20:22:39","modified_gmt":"2025-07-25T18:22:39","slug":"assiette-en-ceramique-de-11-cm-chemin-de-saint-jacques-beige","status":"publish","type":"product","link":"https:\/\/olemosaic.com\/fr\/produit\/assiette-en-ceramique-de-11-cm-chemin-de-saint-jacques-beige\/","title":{"rendered":"Assiette en c\u00e9ramique de 11 cm. Chemin de Saint-Jacques. Beige."},"content":{"rendered":"<p>Cette assiette en c\u00e9ramique de 11 cm, inspir\u00e9e du Chemin de Saint-Jacques, est un souvenir exceptionnel qui fusionne art et tradition en une pi\u00e8ce unique. Avec un design vibrant, elle met en avant en son centre l&rsquo;imposante cath\u00e9drale de Saint-Jacques-de-Compostelle, symbole iconique de cette route de p\u00e8lerinage mill\u00e9naire. Autour de la cath\u00e9drale se trouvent des \u00e9l\u00e9ments repr\u00e9sentatifs du Chemin, tels que la coquille du p\u00e8lerin et des fl\u00e8ches directionnelles, tous \u00e9labor\u00e9s avec des couleurs \u00e9clatantes qui apportent une touche joyeuse \u00e0 son esth\u00e9tique.<\/p>\n<p>La palette de tons beige et les d\u00e9tails color\u00e9s de l&rsquo;assiette ne la rendent pas seulement attrayante visuellement, mais refl\u00e8tent \u00e9galement le riche h\u00e9ritage culturel de la tradition jacquaire. Cette assiette est une \u0153uvre artisanale qui capture l&rsquo;essence du Chemin de Saint-Jacques et agit comme un rappel pr\u00e9cis de l&rsquo;exp\u00e9rience du p\u00e8lerinage, ce qui en fait un souvenir parfait pour ceux qui ont parcouru cette route embl\u00e9matique ou souhaitent emporter un morceau de son histoire.<\/p>\n<p>Chez Ol\u00e9 Mosaic, nous sommes fiers d&rsquo;offrir une large gamme de souvenirs authentiques et repr\u00e9sentatifs. Cette assiette en c\u00e9ramique du Chemin de Saint-Jacques est une option id\u00e9ale pour les boutiques de cadeaux touristiques \u00e0 la recherche de produits mettant en valeur la connexion culturelle avec l&rsquo;Espagne. En tant que grossistes en souvenirs, nous garantissons la qualit\u00e9 et une attention particuli\u00e8re aux d\u00e9tails pour chaque article.<\/p>\n","protected":false},"excerpt":{"rendered":"<p>Assiette en c\u00e9ramique de 11 cm inspir\u00e9e du Chemin de Saint-Jacques, avec un design vibrant mettant en valeur les \u00e9l\u00e9ments iconiques de la route. Au centre, la cath\u00e9drale de Saint-Jacques-de-Compostelle, entour\u00e9e de symboles caract\u00e9ristiques tels que la coquille du p\u00e8lerin et des fl\u00e8ches directionnelles, le tout dans des tons beiges et des couleurs \u00e9clatantes. Cette assiette, id\u00e9ale comme souvenir, combine une esth\u00e9tique attrayante avec le riche folklore de la tradition jacquaire.<\/p>\n","protected":false},"featured_media":8717,"template":"","meta":{"_acf_changed":false},"product_brand":[],"product_cat":[656],"product_tag":[585],"class_list":{"0":"post-32172","1":"product","2":"type-product","3":"status-publish","4":"has-post-thumbnail","6":"product_cat-assiettes-decoratives","7":"product_tag-ceramique","8":"pa_ciudad-santiago-de-compostela","9":"pa_pais-espana","11":"first","12":"instock","13":"shipping-taxable","14":"product-type-simple"},"acf":[],"_links":{"self":[{"href":"https:\/\/olemosaic.com\/fr\/wp-json\/wp\/v2\/product\/32172","targetHints":{"allow":["GET"]}}],"collection":[{"href":"https:\/\/olemosaic.com\/fr\/wp-json\/wp\/v2\/product"}],"about":[{"href":"https:\/\/olemosaic.com\/fr\/wp-json\/wp\/v2\/types\/product"}],"wp:featuredmedia":[{"embeddable":true,"href":"https:\/\/olemosaic.com\/fr\/wp-json\/wp\/v2\/media\/8717"}],"wp:attachment":[{"href":"https:\/\/olemosaic.com\/fr\/wp-json\/wp\/v2\/media?parent=32172"}],"wp:term":[{"taxonomy":"product_brand","embeddable":true,"href":"https:\/\/olemosaic.com\/fr\/wp-json\/wp\/v2\/product_brand?post=32172"},{"taxonomy":"product_cat","embeddable":true,"href":"https:\/\/olemosaic.com\/fr\/wp-json\/wp\/v2\/product_cat?post=32172"},{"taxonomy":"product_tag","embeddable":true,"href":"https:\/\/olemosaic.com\/fr\/wp-json\/wp\/v2\/product_tag?post=32172"}],"curies":[{"name":"wp","href":"https:\/\/api.w.org\/{rel}","templated":true}]}}