{"id":32171,"date":"2025-02-20T23:34:01","date_gmt":"2025-02-20T22:34:01","guid":{"rendered":"http:\/\/olemosaic.com\/producto\/plato-de-ceramica-de-11-cm-salamandra-beige\/"},"modified":"2025-07-25T18:48:52","modified_gmt":"2025-07-25T16:48:52","slug":"assiette-en-ceramique-de-11-cm-salamandre-beige","status":"publish","type":"product","link":"https:\/\/olemosaic.com\/fr\/produit\/assiette-en-ceramique-de-11-cm-salamandre-beige\/","title":{"rendered":"Assiette en c\u00e9ramique de 11 cm. Salamandre. Beige."},"content":{"rendered":"<p>Cette assiette en c\u00e9ramique de 11 cm est un v\u00e9ritable bijou artisanal qui apportera une touche vibrante et color\u00e9e \u00e0 n&rsquo;importe quel espace. Son design incurv\u00e9 et sa finition dans un ton beige \u00e9l\u00e9gant mettent en valeur les motifs peints \u00e0 la main, qui incluent des salamandres dans divers tons de vert, rouge et bleu, accompagn\u00e9es de fleurs d\u00e9licates. Chaque d\u00e9tail est soigneusement \u00e9labor\u00e9, capturant l&rsquo;essence du style traditionnel espagnol et c\u00e9l\u00e9brant la riche culture de l&rsquo;artisanat local.<\/p>\n<p>Les salamandres, symboles de transformation et de cr\u00e9ativit\u00e9, \u00e9voquent la nature vibrante de l&rsquo;Espagne, o\u00f9 la flore et la faune font partie int\u00e9grante de l&rsquo;identit\u00e9 culturelle. Cette assiette n&rsquo;est pas seulement un objet d\u00e9coratif, mais aussi un souvenir repr\u00e9sentatif qui refl\u00e8te la diversit\u00e9 et la beaut\u00e9 du patrimoine artistique de la r\u00e9gion. La combinaison de couleurs \u00e9clatantes et de motifs audacieux rend chaque assiette unique, en faisant un cadeau parfait pour ceux qui souhaitent emporter un morceau du charme espagnol chez eux.<\/p>\n<p>Chez Ol\u00e9 Mosaic, nous nous consacrons \u00e0 offrir des souvenirs authentiques, comme cette assiette en c\u00e9ramique, id\u00e9ale aussi bien pour la d\u00e9coration que pour un usage quotidien. Ce produit est une excellente option pour les boutiques de cadeaux touristiques \u00e0 la recherche d&rsquo;articles de qualit\u00e9 mettant en valeur l&rsquo;h\u00e9ritage culturel de l&rsquo;Espagne. En tant que grossistes en c\u00e9ramique, nous garantissons que chaque pi\u00e8ce combine un design exceptionnel et l&rsquo;authenticit\u00e9, faisant de cette assiette un souvenir inoubliable.<\/p>\n","protected":false},"excerpt":{"rendered":"<p>Assiette en c\u00e9ramique de 11 cm au design vibrant de salamandres, id\u00e9ale pour la d\u00e9coration ou un usage quotidien. Cette assiette, de forme incurv\u00e9e et finition beige, pr\u00e9sente des motifs color\u00e9s peints \u00e0 la main, incluant des salamandres dans des tons verts, rouges et bleus, ainsi que des fleurs, \u00e9voquant le style traditionnel espagnol. La combinaison de couleurs vives et l&rsquo;attention port\u00e9e aux d\u00e9tails font de cette assiette un souvenir charmant qui capture l&rsquo;essence de l&rsquo;artisanat local.<\/p>\n","protected":false},"featured_media":7203,"template":"","meta":{"_acf_changed":false},"product_brand":[],"product_cat":[656],"product_tag":[530,585],"class_list":{"0":"post-32171","1":"product","2":"type-product","3":"status-publish","4":"has-post-thumbnail","6":"product_cat-assiettes-decoratives","7":"product_tag-animaux","8":"product_tag-ceramique","9":"pa_motivo-salamandres","11":"first","12":"instock","13":"shipping-taxable","14":"product-type-simple"},"acf":[],"_links":{"self":[{"href":"https:\/\/olemosaic.com\/fr\/wp-json\/wp\/v2\/product\/32171","targetHints":{"allow":["GET"]}}],"collection":[{"href":"https:\/\/olemosaic.com\/fr\/wp-json\/wp\/v2\/product"}],"about":[{"href":"https:\/\/olemosaic.com\/fr\/wp-json\/wp\/v2\/types\/product"}],"wp:featuredmedia":[{"embeddable":true,"href":"https:\/\/olemosaic.com\/fr\/wp-json\/wp\/v2\/media\/7203"}],"wp:attachment":[{"href":"https:\/\/olemosaic.com\/fr\/wp-json\/wp\/v2\/media?parent=32171"}],"wp:term":[{"taxonomy":"product_brand","embeddable":true,"href":"https:\/\/olemosaic.com\/fr\/wp-json\/wp\/v2\/product_brand?post=32171"},{"taxonomy":"product_cat","embeddable":true,"href":"https:\/\/olemosaic.com\/fr\/wp-json\/wp\/v2\/product_cat?post=32171"},{"taxonomy":"product_tag","embeddable":true,"href":"https:\/\/olemosaic.com\/fr\/wp-json\/wp\/v2\/product_tag?post=32171"}],"curies":[{"name":"wp","href":"https:\/\/api.w.org\/{rel}","templated":true}]}}