{"id":32170,"date":"2025-02-20T22:34:01","date_gmt":"2025-02-20T22:34:01","guid":{"rendered":"http:\/\/olemosaic.com\/producto\/plato-de-ceramica-de-11-cm-salamandra-barcelona-beige\/"},"modified":"2025-07-25T19:37:23","modified_gmt":"2025-07-25T17:37:23","slug":"assiette-en-ceramique-de-11-cm-salamandre-barcelone-beige","status":"publish","type":"product","link":"https:\/\/olemosaic.com\/fr\/produit\/assiette-en-ceramique-de-11-cm-salamandre-barcelone-beige\/","title":{"rendered":"Assiette en c\u00e9ramique de 11 cm. Salamandre. Barcelone. Beige."},"content":{"rendered":"<p>Cette assiette en c\u00e9ramique de 11 cm est une charmante repr\u00e9sentation de la vibrante culture barcelonaise, orn\u00e9e de salamandres color\u00e9es qui ne manqueront pas de capter l&rsquo;attention. Son design se distingue par une palette de couleurs vives, avec des tons bleus, verts et rouges, dispos\u00e9s selon des motifs g\u00e9om\u00e9triques qui animent le fond beige de l&rsquo;assiette. L&rsquo;illustration pr\u00e9sente deux salamandres entrelac\u00e9es, un jeu de formes et de couleurs qui symbolise la richesse de la faune m\u00e9diterran\u00e9enne et la connexion de Barcelone avec la nature. Dans la partie sup\u00e9rieure, le texte \u00ab\u00a0Barcelona\u00a0\u00bb est pr\u00e9sent\u00e9 de mani\u00e8re claire et artistique, s&rsquo;int\u00e9grant parfaitement \u00e0 la composition.<\/p>\n<p>Le bord noir marqu\u00e9 ajoute une touche contemporaine et \u00e9l\u00e9gante \u00e0 la pi\u00e8ce, tandis que la finition artisanale souligne le d\u00e9vouement et le soin apport\u00e9s \u00e0 la cr\u00e9ation de chaque assiette. Ce souvenir n&rsquo;est pas seulement un objet d\u00e9coratif, mais un authentique souvenir qui \u00e9voque l&rsquo;essence de Barcelone, id\u00e9al pour les touristes cherchant \u00e0 emporter un fragment culturel de cette ville embl\u00e9matique. Chez Ol\u00e9 Mosaic, nous sommes fiers de proposer des souvenirs en c\u00e9ramique authentiques qui c\u00e9l\u00e8brent l&rsquo;identit\u00e9 culturelle de leurs lieux d&rsquo;origine. Cette assiette de salamandres est un excellent choix pour les boutiques de cadeaux touristiques et repr\u00e9sente une option id\u00e9ale pour ceux qui appr\u00e9cient l&rsquo;artisanat et le design.<\/p>\n","protected":false},"excerpt":{"rendered":"<p>Assiette en c\u00e9ramique de 11 cm orn\u00e9e de salamandres color\u00e9es, inspir\u00e9e par la richesse culturelle de Barcelone. Ce design se distingue par sa palette de couleurs vibrantes et ses motifs g\u00e9om\u00e9triques, repr\u00e9sentant deux salamandres sur un fond beige, avec le mot \u00ab\u00a0Barcelona\u00a0\u00bb \u00e9crit en haut. Avec un bord noir et une finition artisanale, c&rsquo;est un souvenir \u00e9l\u00e9gant parfait pour ajouter une touche de vie et de culture \u00e0 n&rsquo;importe quel foyer.<\/p>\n","protected":false},"featured_media":7201,"template":"","meta":{"_acf_changed":false},"product_brand":[],"product_cat":[656],"product_tag":[530,585],"class_list":{"0":"post-32170","1":"product","2":"type-product","3":"status-publish","4":"has-post-thumbnail","6":"product_cat-assiettes-decoratives","7":"product_tag-animaux","8":"product_tag-ceramique","9":"pa_ciudad-barcelona","10":"pa_motivo-salamandres","11":"pa_pais-espana","13":"first","14":"instock","15":"shipping-taxable","16":"product-type-simple"},"acf":[],"_links":{"self":[{"href":"https:\/\/olemosaic.com\/fr\/wp-json\/wp\/v2\/product\/32170","targetHints":{"allow":["GET"]}}],"collection":[{"href":"https:\/\/olemosaic.com\/fr\/wp-json\/wp\/v2\/product"}],"about":[{"href":"https:\/\/olemosaic.com\/fr\/wp-json\/wp\/v2\/types\/product"}],"wp:featuredmedia":[{"embeddable":true,"href":"https:\/\/olemosaic.com\/fr\/wp-json\/wp\/v2\/media\/7201"}],"wp:attachment":[{"href":"https:\/\/olemosaic.com\/fr\/wp-json\/wp\/v2\/media?parent=32170"}],"wp:term":[{"taxonomy":"product_brand","embeddable":true,"href":"https:\/\/olemosaic.com\/fr\/wp-json\/wp\/v2\/product_brand?post=32170"},{"taxonomy":"product_cat","embeddable":true,"href":"https:\/\/olemosaic.com\/fr\/wp-json\/wp\/v2\/product_cat?post=32170"},{"taxonomy":"product_tag","embeddable":true,"href":"https:\/\/olemosaic.com\/fr\/wp-json\/wp\/v2\/product_tag?post=32170"}],"curies":[{"name":"wp","href":"https:\/\/api.w.org\/{rel}","templated":true}]}}