{"id":32164,"date":"2025-02-20T23:34:01","date_gmt":"2025-02-20T22:34:01","guid":{"rendered":"http:\/\/olemosaic.com\/producto\/plato-de-ceramica-de-11-cm-la-alhambra-granada-beige\/"},"modified":"2025-07-25T19:20:01","modified_gmt":"2025-07-25T17:20:01","slug":"assiette-en-ceramique-de-11-cm-l-alhambra-grenade-beige","status":"publish","type":"product","link":"https:\/\/olemosaic.com\/fr\/produit\/assiette-en-ceramique-de-11-cm-l-alhambra-grenade-beige\/","title":{"rendered":"Assiette en c\u00e9ramique de 11 cm. L&rsquo;Alhambra. Grenade. Beige."},"content":{"rendered":"<p>Cette assiette en c\u00e9ramique de 11 cm est un magnifique souvenir qui capture l&rsquo;essence de l&rsquo;Alhambra, le monument embl\u00e9matique de Grenade. Avec une finition \u00e9l\u00e9gante dans les tons beige et un bord rouge, cette assiette pr\u00e9sente un design peint \u00e0 la main qui \u00e9voque la majest\u00e9 de ce palais andalou iconique. L&rsquo;illustration de l&rsquo;Alhambra, riche en d\u00e9tails, montre la forteresse entour\u00e9e d&rsquo;une v\u00e9g\u00e9tation luxuriante et les montagnes impressionnantes en arri\u00e8re-plan, qui servent de d\u00e9cor majestueux \u00e0 ce symbole du patrimoine historique espagnol.<\/p>\n<p>Le texte \u00ab\u00a0l&rsquo;Alhambra Grenade\u00a0\u00bb, \u00e9crit avec une calligraphie color\u00e9e, compl\u00e8te la sc\u00e8ne exquise, tandis qu&rsquo;une mosa\u00efque vibrante \u00e0 la base de l&rsquo;assiette apporte une touche authentique et traditionnelle andalouse, \u00e9voquant le riche h\u00e9ritage culturel de la r\u00e9gion. Cette assiette n&rsquo;est pas seulement une pi\u00e8ce d\u00e9corative, mais aussi un excellent souvenir qui refl\u00e8te la beaut\u00e9 et l&rsquo;histoire de Grenade, ce qui en fait un choix id\u00e9al pour les touristes qui souhaitent ramener un morceau de la culture espagnole chez eux.<\/p>\n<p>Chez Ol\u00e9 Mosaic, nous sommes sp\u00e9cialistes de la distribution de souvenirs en gros, et cette assiette en c\u00e9ramique ne repr\u00e9sente pas seulement un souvenir significatif, mais constitue \u00e9galement un ajout pr\u00e9cieux pour les boutiques de cadeaux touristiques. Avec son authenticit\u00e9 et sa pertinence culturelle, ce souvenir de l&rsquo;Alhambra est parfait pour ceux qui souhaitent pr\u00e9server la magie de Grenade.<\/p>\n","protected":false},"excerpt":{"rendered":"<p>Assiette en c\u00e9ramique de 11 cm d\u00e9cor\u00e9e d&rsquo;une illustration de l&rsquo;Alhambra, le monument embl\u00e9matique de Grenade. Cette assiette, aux tons beiges avec un bord rouge, pr\u00e9sente un design artisanal, peint \u00e0 la main, qui capture la majest\u00e9 de l&rsquo;Alhambra entour\u00e9e de v\u00e9g\u00e9tation et avec les montagnes en arri\u00e8re-plan. Le texte \u00ab l&rsquo;Alhambra Grenade \u00bb, en calligraphie color\u00e9e, compl\u00e8te la sc\u00e8ne, ainsi qu&rsquo;une mosa\u00efque vibrante \u00e0 la base, qui apporte une touche traditionnelle andalouse. Parfaite comme souvenir ou pour d\u00e9corer.<\/p>\n","protected":false},"featured_media":7522,"template":"","meta":{"_acf_changed":false},"product_brand":[],"product_cat":[656],"product_tag":[585],"class_list":{"0":"post-32164","1":"product","2":"type-product","3":"status-publish","4":"has-post-thumbnail","6":"product_cat-assiettes-decoratives","7":"product_tag-ceramique","8":"pa_ciudad-granada","9":"pa_motivo-lalhambra","10":"pa_pais-espana","12":"first","13":"instock","14":"shipping-taxable","15":"product-type-simple"},"acf":[],"_links":{"self":[{"href":"https:\/\/olemosaic.com\/fr\/wp-json\/wp\/v2\/product\/32164","targetHints":{"allow":["GET"]}}],"collection":[{"href":"https:\/\/olemosaic.com\/fr\/wp-json\/wp\/v2\/product"}],"about":[{"href":"https:\/\/olemosaic.com\/fr\/wp-json\/wp\/v2\/types\/product"}],"wp:featuredmedia":[{"embeddable":true,"href":"https:\/\/olemosaic.com\/fr\/wp-json\/wp\/v2\/media\/7522"}],"wp:attachment":[{"href":"https:\/\/olemosaic.com\/fr\/wp-json\/wp\/v2\/media?parent=32164"}],"wp:term":[{"taxonomy":"product_brand","embeddable":true,"href":"https:\/\/olemosaic.com\/fr\/wp-json\/wp\/v2\/product_brand?post=32164"},{"taxonomy":"product_cat","embeddable":true,"href":"https:\/\/olemosaic.com\/fr\/wp-json\/wp\/v2\/product_cat?post=32164"},{"taxonomy":"product_tag","embeddable":true,"href":"https:\/\/olemosaic.com\/fr\/wp-json\/wp\/v2\/product_tag?post=32164"}],"curies":[{"name":"wp","href":"https:\/\/api.w.org\/{rel}","templated":true}]}}