{"id":32162,"date":"2025-02-20T23:34:00","date_gmt":"2025-02-20T22:34:00","guid":{"rendered":"http:\/\/olemosaic.com\/producto\/plato-de-ceramica-de-10-cm-patio-blanco-2\/"},"modified":"2025-07-25T18:34:01","modified_gmt":"2025-07-25T16:34:01","slug":"assiette-en-ceramique-de-10-cm-patio-blanc-2","status":"publish","type":"product","link":"https:\/\/olemosaic.com\/fr\/produit\/assiette-en-ceramique-de-10-cm-patio-blanc-2\/","title":{"rendered":"Assiette en c\u00e9ramique de 10 cm. Patio andalou. Blanc."},"content":{"rendered":"<p>Cette assiette en c\u00e9ramique de 10 cm, d\u00e9cor\u00e9e d&rsquo;une sc\u00e8ne de danse dans un patio espagnol, est une magnifique repr\u00e9sentation de la culture andalouse. La pi\u00e8ce, d&rsquo;un blanc \u00e9l\u00e9gant, se distingue par son design artistique, montrant une danseuse v\u00eatue d&rsquo;une robe rouge vibrante, accompagn\u00e9e d&rsquo;un cavalier tenant un chapeau, \u00e9voquant la joie et l&rsquo;esprit du folklore espagnol. Le fond de l&rsquo;assiette est orn\u00e9 de fleurs color\u00e9es et de pots de fleurs qui apportent une touche de fra\u00eecheur et de vitalit\u00e9, refl\u00e9tant la beaut\u00e9 de l&rsquo;architecture espagnole et la tradition festive qui caract\u00e9rise ses patios.<\/p>\n<p>Le mot \u00ab\u00a0Espagne\u00a0\u00bb, imprim\u00e9 avec un style charmant, renforce l&rsquo;identit\u00e9 culturelle du produit, en faisant un souvenir parfait pour les touristes et les amateurs d&rsquo;art. Cette assiette est plus qu&rsquo;un simple souvenir ; c&rsquo;est un reflet du patrimoine artistique et de la riche histoire de l&rsquo;Espagne, id\u00e9al pour ceux qui souhaitent emporter un morceau de culture lors de leur voyage. Chez Ol\u00e9 Mosaic, nous sommes distributeurs en gros de souvenirs authentiques et de qualit\u00e9, et cette assiette en c\u00e9ramique est une excellente option pour les boutiques de cadeaux touristiques souhaitant offrir des produits repr\u00e9sentatifs de la tradition espagnole. Sans aucun doute, un article qui attirera vos clients et enrichira leur collection de souvenirs.<\/p>\n","protected":false},"excerpt":{"rendered":"<p>Assiette en c\u00e9ramique de 10 cm d\u00e9cor\u00e9e d&rsquo;une sc\u00e8ne de danse color\u00e9e dans un patio typiquement espagnol. Cette assiette attrayante montre une danseuse v\u00eatue d&rsquo;une robe rouge vibrante, accompagn\u00e9e d&rsquo;un homme tenant un chapeau, le tout entour\u00e9 de fleurs et de pots de fleurs qui \u00e9voquent la joie du folklore andalou. Avec l&rsquo;inscription \u00ab\u00a0Espagne\u00a0\u00bb, cette assiette blanche est une pi\u00e8ce frappante et repr\u00e9sentative de la culture espagnole, id\u00e9ale pour les collectionneurs et les amateurs d&rsquo;art.<\/p>\n","protected":false},"featured_media":8494,"template":"","meta":{"_acf_changed":false},"product_brand":[],"product_cat":[656],"product_tag":[585],"class_list":{"0":"post-32162","1":"product","2":"type-product","3":"status-publish","4":"has-post-thumbnail","6":"product_cat-assiettes-decoratives","7":"product_tag-ceramique","8":"pa_motivo-cours-interieures","10":"first","11":"instock","12":"shipping-taxable","13":"product-type-simple"},"acf":[],"_links":{"self":[{"href":"https:\/\/olemosaic.com\/fr\/wp-json\/wp\/v2\/product\/32162","targetHints":{"allow":["GET"]}}],"collection":[{"href":"https:\/\/olemosaic.com\/fr\/wp-json\/wp\/v2\/product"}],"about":[{"href":"https:\/\/olemosaic.com\/fr\/wp-json\/wp\/v2\/types\/product"}],"wp:featuredmedia":[{"embeddable":true,"href":"https:\/\/olemosaic.com\/fr\/wp-json\/wp\/v2\/media\/8494"}],"wp:attachment":[{"href":"https:\/\/olemosaic.com\/fr\/wp-json\/wp\/v2\/media?parent=32162"}],"wp:term":[{"taxonomy":"product_brand","embeddable":true,"href":"https:\/\/olemosaic.com\/fr\/wp-json\/wp\/v2\/product_brand?post=32162"},{"taxonomy":"product_cat","embeddable":true,"href":"https:\/\/olemosaic.com\/fr\/wp-json\/wp\/v2\/product_cat?post=32162"},{"taxonomy":"product_tag","embeddable":true,"href":"https:\/\/olemosaic.com\/fr\/wp-json\/wp\/v2\/product_tag?post=32162"}],"curies":[{"name":"wp","href":"https:\/\/api.w.org\/{rel}","templated":true}]}}