{"id":32159,"date":"2025-02-20T23:34:00","date_gmt":"2025-02-20T22:34:00","guid":{"rendered":"http:\/\/olemosaic.com\/producto\/plato-de-ceramica-de-10-cm-salamandra-y-flores-blanco\/"},"modified":"2025-07-25T18:39:03","modified_gmt":"2025-07-25T16:39:03","slug":"assiette-en-ceramique-de-10-cm-salamandre-et-fleurs-blanc","status":"publish","type":"product","link":"https:\/\/olemosaic.com\/fr\/produit\/assiette-en-ceramique-de-10-cm-salamandre-et-fleurs-blanc\/","title":{"rendered":"Assiette en c\u00e9ramique de 10 cm. Salamandre et fleurs. Blanc."},"content":{"rendered":"<p>Cette assiette en c\u00e9ramique de 10 cm, d\u00e9cor\u00e9e d&rsquo;une salamandre vibrante et de fleurs, est un v\u00e9ritable bijou qui capture l&rsquo;essence du folklore espagnol. Chaque pi\u00e8ce semble \u00eatre peinte \u00e0 la main, ce qui garantit une singularit\u00e9 qui la distingue des autres souvenirs. Le fond blanc fait ressortir les motifs \u00e9clatants dans des couleurs intenses comme le rouge, le jaune et le vert, qui donnent vie \u00e0 l&rsquo;illustration, tandis que les d\u00e9tails noirs soulignent avec \u00e9l\u00e9gance les formes et les contours, cr\u00e9ant un attrait visuel captivant.<\/p>\n<p>La salamandre, connue dans la culture populaire espagnole comme symbole de transformation et de renouveau, est pr\u00e9sent\u00e9e entour\u00e9e de fleurs exub\u00e9rantes qui compl\u00e8tent son design color\u00e9 et joyeux. Cette assiette ne sert pas seulement d&rsquo;\u00e9l\u00e9ment d\u00e9coratif ; elle est \u00e9galement id\u00e9ale pour un usage quotidien, apportant une touche artistique \u00e0 n&rsquo;importe quelle table ou cuisine. La tradition c\u00e9ramique de l&rsquo;Espagne est riche et vari\u00e9e, et cette assiette est un excellent exemple de la fa\u00e7on dont l&rsquo;art et la fonctionnalit\u00e9 s&rsquo;entrelacent dans un seul objet.<\/p>\n<p>Chez Ol\u00e9 Mosaic, nous proposons ce type de souvenirs authentiques qui repr\u00e9sentent la culture et le patrimoine espagnol. Cette assiette d\u00e9corative est une excellente option pour les boutiques de cadeaux touristiques \u00e0 la recherche de produits \u00e0 valeur culturelle. Avec son design tr\u00e8s sp\u00e9cial et son riche h\u00e9ritage, cette assiette en c\u00e9ramique est un souvenir parfait pour ceux qui souhaitent emporter un petit morceau d&rsquo;Espagne chez eux.<\/p>\n","protected":false},"excerpt":{"rendered":"<p>Assiette en c\u00e9ramique de 10 cm d\u00e9cor\u00e9e d&rsquo;une salamandre vibrante et de fleurs, inspir\u00e9e de la riche tradition culturelle espagnole. Cette assiette d\u00e9licate, au design artisanal, peinte \u00e0 la main, pr\u00e9sente un fond blanc qui met en valeur les motifs aux couleurs \u00e9clatantes comme le rouge, le jaune et le vert, avec des d\u00e9tails noirs qui soulignent les figures. Parfaite comme \u00e9l\u00e9ment d\u00e9coratif ou pour un usage quotidien, cet article allie fonctionnalit\u00e9 et art dans une pi\u00e8ce unique et color\u00e9e.<\/p>\n","protected":false},"featured_media":8352,"template":"","meta":{"_acf_changed":false},"product_brand":[],"product_cat":[656],"product_tag":[530,585],"class_list":{"0":"post-32159","1":"product","2":"type-product","3":"status-publish","4":"has-post-thumbnail","6":"product_cat-assiettes-decoratives","7":"product_tag-animaux","8":"product_tag-ceramique","9":"pa_motivo-salamandres","11":"first","12":"instock","13":"shipping-taxable","14":"product-type-simple"},"acf":[],"_links":{"self":[{"href":"https:\/\/olemosaic.com\/fr\/wp-json\/wp\/v2\/product\/32159","targetHints":{"allow":["GET"]}}],"collection":[{"href":"https:\/\/olemosaic.com\/fr\/wp-json\/wp\/v2\/product"}],"about":[{"href":"https:\/\/olemosaic.com\/fr\/wp-json\/wp\/v2\/types\/product"}],"wp:featuredmedia":[{"embeddable":true,"href":"https:\/\/olemosaic.com\/fr\/wp-json\/wp\/v2\/media\/8352"}],"wp:attachment":[{"href":"https:\/\/olemosaic.com\/fr\/wp-json\/wp\/v2\/media?parent=32159"}],"wp:term":[{"taxonomy":"product_brand","embeddable":true,"href":"https:\/\/olemosaic.com\/fr\/wp-json\/wp\/v2\/product_brand?post=32159"},{"taxonomy":"product_cat","embeddable":true,"href":"https:\/\/olemosaic.com\/fr\/wp-json\/wp\/v2\/product_cat?post=32159"},{"taxonomy":"product_tag","embeddable":true,"href":"https:\/\/olemosaic.com\/fr\/wp-json\/wp\/v2\/product_tag?post=32159"}],"curies":[{"name":"wp","href":"https:\/\/api.w.org\/{rel}","templated":true}]}}