{"id":32156,"date":"2025-02-20T22:33:59","date_gmt":"2025-02-20T22:33:59","guid":{"rendered":"http:\/\/olemosaic.com\/producto\/plato-de-ceramica-de-20-cm-punt-de-trobada-barcelona-blanco\/"},"modified":"2025-07-25T18:48:29","modified_gmt":"2025-07-25T16:48:29","slug":"assiette-en-ceramique-de-20-cm-punt-de-trobada-barcelone-blanc","status":"publish","type":"product","link":"https:\/\/olemosaic.com\/fr\/produit\/assiette-en-ceramique-de-20-cm-punt-de-trobada-barcelone-blanc\/","title":{"rendered":"Assiette en c\u00e9ramique de 20 cm. Punt de trobada. Barcelone. Blanc."},"content":{"rendered":"<p>Cette assiette en c\u00e9ramique \u00ab\u00a0Punt de trobada\u00a0\u00bb est un charmant souvenir de Barcelone qui allie art et fonctionnalit\u00e9. D&rsquo;un diam\u00e8tre de 20 cm, sa base blanche met en valeur une composition de couleurs joyeuse et vibrante, avec des \u00e9toiles bleues et des formes abstraites en rouge, jaune et noir. Le design \u00e9voque la riche tradition moderniste de la ville et capture l&rsquo;essence ludique et cr\u00e9ative de ses rues.<\/p>\n<p>Le style artistique de l&rsquo;assiette s&rsquo;inspire de l&rsquo;\u0153uvre de c\u00e9l\u00e8bres artistes catalans, refl\u00e9tant le riche h\u00e9ritage culturel de Barcelone. Les formes abstraites et les couleurs intenses cr\u00e9ent un attrait visuel qui en fait une pi\u00e8ce parfaite pour la d\u00e9coration ou pour un usage quotidien. Sa polyvalence la rend id\u00e9ale aussi bien sur la table que sur une \u00e9tag\u00e8re, se distinguant comme un objet qui invite \u00e0 la contemplation et au plaisir.<\/p>\n<p>Acqu\u00e9rir cette assiette \u00ab\u00a0Punt de trobada\u00a0\u00bb, c&rsquo;est emporter un souvenir de Barcelone et, en m\u00eame temps, poss\u00e9der une partie de l&rsquo;h\u00e9ritage artistique de la ville. Chez Ol\u00e9 Mosaic, nous sommes sp\u00e9cialis\u00e9s dans la distribution de souvenirs en gros, offrant des produits authentiques et repr\u00e9sentatifs de la culture espagnole. Cette assiette est une excellente option pour les boutiques de cadeaux touristiques \u00e0 la recherche d&rsquo;articles de qualit\u00e9 et de grande valeur culturelle. En tant que grossistes en c\u00e9ramique, nous garantissons l&rsquo;authenticit\u00e9 et le design de chaque pi\u00e8ce, id\u00e9ale pour les touristes \u00e0 la recherche de souvenirs de Barcelone.<\/p>\n","protected":false},"excerpt":{"rendered":"<p>Assiette en c\u00e9ramique de 20 cm d\u00e9cor\u00e9e du design \u00ab\u00a0Punt de trobada\u00a0\u00bb, inspir\u00e9 de la riche culture barcelonaise. Cette assiette blanche pr\u00e9sente une joyeuse composition de couleurs vibrantes, avec des \u00e9toiles bleues, des formes abstraites en rouge, jaune et noir, le tout dans un style artistique qui \u00e9voque l&rsquo;essence moderniste de la ville. Parfaite comme pi\u00e8ce d\u00e9corative ou pour un usage quotidien, elle allie fonctionnalit\u00e9 et esth\u00e9tique unique.<\/p>\n","protected":false},"featured_media":9142,"template":"","meta":{"_acf_changed":false},"product_brand":[],"product_cat":[656],"product_tag":[585],"class_list":{"0":"post-32156","1":"product","2":"type-product","3":"status-publish","4":"has-post-thumbnail","6":"product_cat-assiettes-decoratives","7":"product_tag-ceramique","8":"pa_ciudad-barcelona","9":"pa_motivo-punt-de-trobada","10":"pa_pais-espana","12":"first","13":"instock","14":"shipping-taxable","15":"product-type-simple"},"acf":[],"_links":{"self":[{"href":"https:\/\/olemosaic.com\/fr\/wp-json\/wp\/v2\/product\/32156","targetHints":{"allow":["GET"]}}],"collection":[{"href":"https:\/\/olemosaic.com\/fr\/wp-json\/wp\/v2\/product"}],"about":[{"href":"https:\/\/olemosaic.com\/fr\/wp-json\/wp\/v2\/types\/product"}],"wp:featuredmedia":[{"embeddable":true,"href":"https:\/\/olemosaic.com\/fr\/wp-json\/wp\/v2\/media\/9142"}],"wp:attachment":[{"href":"https:\/\/olemosaic.com\/fr\/wp-json\/wp\/v2\/media?parent=32156"}],"wp:term":[{"taxonomy":"product_brand","embeddable":true,"href":"https:\/\/olemosaic.com\/fr\/wp-json\/wp\/v2\/product_brand?post=32156"},{"taxonomy":"product_cat","embeddable":true,"href":"https:\/\/olemosaic.com\/fr\/wp-json\/wp\/v2\/product_cat?post=32156"},{"taxonomy":"product_tag","embeddable":true,"href":"https:\/\/olemosaic.com\/fr\/wp-json\/wp\/v2\/product_tag?post=32156"}],"curies":[{"name":"wp","href":"https:\/\/api.w.org\/{rel}","templated":true}]}}