{"id":32155,"date":"2025-02-20T22:33:59","date_gmt":"2025-02-20T22:33:59","guid":{"rendered":"http:\/\/olemosaic.com\/producto\/mug-xl-de-ceramica-salamandra-beige-2\/"},"modified":"2025-07-25T19:48:37","modified_gmt":"2025-07-25T17:48:37","slug":"mug-xl-en-ceramique-salamandre-beige-fr","status":"publish","type":"product","link":"https:\/\/olemosaic.com\/fr\/produit\/mug-xl-en-ceramique-salamandre-beige-fr\/","title":{"rendered":"Mug XL en c\u00e9ramique. Salamandre. Beige."},"content":{"rendered":"<p>Ce mug XL en c\u00e9ramique, d\u00e9cor\u00e9 de salamandres multicolores \u00e9clatantes, est une magnifique repr\u00e9sentation de la tradition artistique m\u00e9diterran\u00e9enne, parfait pour ceux qui cherchent \u00e0 apporter un morceau de culture dans leur foyer. Son design vibrant pr\u00e9sente des mosa\u00efques dans des tons de bleu, vert, rouge et jaune, qui jouent joyeusement sur un fond beige, tandis que des fleurs color\u00e9es ajoutent une touche de fra\u00eecheur et de vie \u00e0 l&rsquo;ensemble. L&rsquo;int\u00e9rieur du mug se distingue par sa couleur rouge intense, offrant un charme chaleureux et distinctif qui am\u00e9liore encore l&rsquo;exp\u00e9rience de d\u00e9gustation de votre boisson pr\u00e9f\u00e9r\u00e9e. Fabriqu\u00e9 en c\u00e9ramique de haute qualit\u00e9, ce mug est non seulement fonctionnel, mais se pr\u00e9sente \u00e9galement comme une \u0153uvre d&rsquo;art c\u00e9l\u00e9brant la riche biodiversit\u00e9 et le folklore espagnol.<\/p>\n<p>Le symbole de la salamandre fait partie de la culture m\u00e9diterran\u00e9enne depuis des si\u00e8cles, repr\u00e9sentant la protection et la transformation, ce qui fait de ce mug un souvenir pr\u00e9cieux invitant \u00e0 la r\u00e9flexion. Chez Ol\u00e9 Mosaic, nous sommes sp\u00e9cialis\u00e9s dans la distribution de souvenirs en gros, et ce mug en c\u00e9ramique est une excellente option pour les boutiques de cadeaux touristiques cherchant \u00e0 offrir \u00e0 leurs clients des articles authentiques et repr\u00e9sentatifs. Id\u00e9al pour ceux qui recherchent des souvenirs de qualit\u00e9, ce mug XL est le cadeau parfait pour ceux qui souhaitent se souvenir de leurs voyages en Espagne ou au Portugal de mani\u00e8re m\u00e9morable.<\/p>\n","protected":false},"excerpt":{"rendered":"<p>Mug XL en c\u00e9ramique d\u00e9cor\u00e9 de salamandres multicolores \u00e9clatantes, id\u00e9al pour savourer vos boissons pr\u00e9f\u00e9r\u00e9es. Cette pi\u00e8ce \u00e9l\u00e9gante pr\u00e9sente un design vibrant avec des mosa\u00efques dans des tons de bleu, vert, rouge et jaune, accompagn\u00e9es de fleurs color\u00e9es, sur un fond beige. L&rsquo;int\u00e9rieur de la tasse est d&rsquo;un rouge intense, ce qui lui donne une touche chaleureuse et distinctive. Fabriqu\u00e9e en c\u00e9ramique de haute qualit\u00e9, cette tasse allie fonctionnalit\u00e9 et art, parfaite pour apporter un morceau de culture m\u00e9diterran\u00e9enne dans votre maison.<\/p>\n","protected":false},"featured_media":7683,"template":"","meta":{"_acf_changed":false},"product_brand":[],"product_cat":[728],"product_tag":[530,585],"class_list":{"0":"post-32155","1":"product","2":"type-product","3":"status-publish","4":"has-post-thumbnail","6":"product_cat-mugs","7":"product_tag-animaux","8":"product_tag-ceramique","9":"pa_motivo-salamandres","11":"first","12":"instock","13":"shipping-taxable","14":"product-type-simple"},"acf":[],"_links":{"self":[{"href":"https:\/\/olemosaic.com\/fr\/wp-json\/wp\/v2\/product\/32155","targetHints":{"allow":["GET"]}}],"collection":[{"href":"https:\/\/olemosaic.com\/fr\/wp-json\/wp\/v2\/product"}],"about":[{"href":"https:\/\/olemosaic.com\/fr\/wp-json\/wp\/v2\/types\/product"}],"wp:featuredmedia":[{"embeddable":true,"href":"https:\/\/olemosaic.com\/fr\/wp-json\/wp\/v2\/media\/7683"}],"wp:attachment":[{"href":"https:\/\/olemosaic.com\/fr\/wp-json\/wp\/v2\/media?parent=32155"}],"wp:term":[{"taxonomy":"product_brand","embeddable":true,"href":"https:\/\/olemosaic.com\/fr\/wp-json\/wp\/v2\/product_brand?post=32155"},{"taxonomy":"product_cat","embeddable":true,"href":"https:\/\/olemosaic.com\/fr\/wp-json\/wp\/v2\/product_cat?post=32155"},{"taxonomy":"product_tag","embeddable":true,"href":"https:\/\/olemosaic.com\/fr\/wp-json\/wp\/v2\/product_tag?post=32155"}],"curies":[{"name":"wp","href":"https:\/\/api.w.org\/{rel}","templated":true}]}}