{"id":32138,"date":"2025-02-20T22:33:59","date_gmt":"2025-02-20T22:33:59","guid":{"rendered":"http:\/\/olemosaic.com\/producto\/mug-xl-de-ceramica-mosaico-barcelona-blanco-13-cm\/"},"modified":"2025-07-25T20:16:16","modified_gmt":"2025-07-25T18:16:16","slug":"mug-xl-en-ceramique-mosaique-barcelone-blanc-13-cm","status":"publish","type":"product","link":"https:\/\/olemosaic.com\/fr\/produit\/mug-xl-en-ceramique-mosaique-barcelone-blanc-13-cm\/","title":{"rendered":"Mug XL en c\u00e9ramique. Mosa\u00efque. Barcelone. Blanc. 13 cm."},"content":{"rendered":"<p>Ce mug XL en c\u00e9ramique est une pi\u00e8ce unique qui rend hommage \u00e0 l&rsquo;architecture spectaculaire et aux mosa\u00efques vibrantes de Barcelone. Avec un diam\u00e8tre de 13 cm, son design pr\u00e9sente une splendide vari\u00e9t\u00e9 de motifs g\u00e9om\u00e9triques dans une palette de couleurs comprenant des bleus, des oranges, des rouges et des blancs, \u00e9voquant les azulejos embl\u00e9matiques qui ornent la ville. La c\u00e9ramique a une finition brillante qui fait ressortir les couleurs, tandis que la ligne rouge sur le bord ajoute une touche contemporaine, alliant tradition et modernit\u00e9 dans un objet fonctionnel et d\u00e9coratif.<\/p>\n<p>Cette tasse n&rsquo;est pas seulement id\u00e9ale pour savourer vos boissons pr\u00e9f\u00e9r\u00e9es, elle offre \u00e9galement une fen\u00eatre sur la riche culture catalane, constituant un excellent rappel de la diversit\u00e9 artistique que Barcelone d\u00e9ploie dans son architecture. De l&rsquo;\u0153uvre ma\u00eetresse d&rsquo;Antoni Gaud\u00ed, la Sagrada Familia, au color\u00e9 Park G\u00fcell, les mosa\u00efques sont un symbole de l&rsquo;identit\u00e9 barcelonaise.<\/p>\n<p>Chez Ol\u00e9 Mosaic, nous nous sp\u00e9cialisons dans la distribution de souvenirs de qualit\u00e9 en gros, et ce mug en c\u00e9ramique repr\u00e9sente une option attrayante pour les boutiques de cadeaux touristiques qui cherchent \u00e0 proposer des produits authentiques et repr\u00e9sentatifs. Avec ce mug XL, vos clients pourront ramener chez eux un fragment de Barcelone, en faisant un souvenir incontournable pour les amateurs de culture.<\/p>\n","protected":false},"excerpt":{"rendered":"<p>Tasse XL en c\u00e9ramique avec un design de mosa\u00efque vibrant qui rend hommage \u00e0 l&rsquo;architecture color\u00e9e de Barcelone. Avec 13 cm de diam\u00e8tre, elle pr\u00e9sente une vari\u00e9t\u00e9 de motifs g\u00e9om\u00e9triques dans des tons bleus, oranges, rouges et blancs, \u00e9voquant les azulejos traditionnels de la ville. Sa finition brillante et la ligne rouge sur le bord lui donnent une touche moderne, en faisant une pi\u00e8ce fonctionnelle et d\u00e9corative id\u00e9ale pour tout amateur de la culture catalane.<\/p>\n","protected":false},"featured_media":9133,"template":"","meta":{"_acf_changed":false},"product_brand":[],"product_cat":[728],"product_tag":[585],"class_list":{"0":"post-32138","1":"product","2":"type-product","3":"status-publish","4":"has-post-thumbnail","6":"product_cat-mugs","7":"product_tag-ceramique","8":"pa_ciudad-barcelona","9":"pa_motivo-mosaique","10":"pa_pais-espana","12":"first","13":"instock","14":"shipping-taxable","15":"product-type-simple"},"acf":[],"_links":{"self":[{"href":"https:\/\/olemosaic.com\/fr\/wp-json\/wp\/v2\/product\/32138","targetHints":{"allow":["GET"]}}],"collection":[{"href":"https:\/\/olemosaic.com\/fr\/wp-json\/wp\/v2\/product"}],"about":[{"href":"https:\/\/olemosaic.com\/fr\/wp-json\/wp\/v2\/types\/product"}],"wp:featuredmedia":[{"embeddable":true,"href":"https:\/\/olemosaic.com\/fr\/wp-json\/wp\/v2\/media\/9133"}],"wp:attachment":[{"href":"https:\/\/olemosaic.com\/fr\/wp-json\/wp\/v2\/media?parent=32138"}],"wp:term":[{"taxonomy":"product_brand","embeddable":true,"href":"https:\/\/olemosaic.com\/fr\/wp-json\/wp\/v2\/product_brand?post=32138"},{"taxonomy":"product_cat","embeddable":true,"href":"https:\/\/olemosaic.com\/fr\/wp-json\/wp\/v2\/product_cat?post=32138"},{"taxonomy":"product_tag","embeddable":true,"href":"https:\/\/olemosaic.com\/fr\/wp-json\/wp\/v2\/product_tag?post=32138"}],"curies":[{"name":"wp","href":"https:\/\/api.w.org\/{rel}","templated":true}]}}