{"id":32129,"date":"2025-02-20T22:33:58","date_gmt":"2025-02-20T22:33:58","guid":{"rendered":"http:\/\/olemosaic.com\/producto\/mug-xl-de-ceramica-mosaico-blanco-13-cm\/"},"modified":"2025-07-25T18:54:38","modified_gmt":"2025-07-25T16:54:38","slug":"mug-xl-en-ceramique-mosaique-blanc-13-cm","status":"publish","type":"product","link":"https:\/\/olemosaic.com\/fr\/produit\/mug-xl-en-ceramique-mosaique-blanc-13-cm\/","title":{"rendered":"Mug XL en c\u00e9ramique. Mosa\u00efque. Blanc. 13 cm."},"content":{"rendered":"<p>Ce mug XL en c\u00e9ramique est un v\u00e9ritable bijou qui rend hommage au riche h\u00e9ritage culturel de l&rsquo;Espagne \u00e0 travers son design vibrant de mosa\u00efque. D&rsquo;une hauteur de 13 cm, ce mug n&rsquo;est pas seulement id\u00e9al pour savourer vos boissons pr\u00e9f\u00e9r\u00e9es, mais il devient aussi un \u00e9l\u00e9ment d\u00e9coratif charmant dans n&rsquo;importe quel foyer. La surface externe du mug est orn\u00e9e d&rsquo;une combinaison color\u00e9e de motifs traditionnels \u00e9voquant l&rsquo;esth\u00e9tique de la c\u00e9l\u00e8bre mosa\u00efque espagnole, avec des tons vifs de bleu, rouge, orange et jaune qui apportent une joie visuelle irr\u00e9sistible. L&rsquo;int\u00e9rieur rouge compl\u00e8te le design, rehaussant encore son attrait et faisant de chaque gorg\u00e9e une exp\u00e9rience plaisante.<\/p>\n<p>Fabriqu\u00e9 en c\u00e9ramique de haute qualit\u00e9, ce mug b\u00e9n\u00e9ficie d&rsquo;une finition brillante qui non seulement souligne sa beaut\u00e9, mais garantit \u00e9galement sa durabilit\u00e9 et sa r\u00e9sistance. Son design est inspir\u00e9 par le travail des artisans de la mosa\u00efque, une technique artistique profond\u00e9ment enracin\u00e9e dans la culture espagnole, particuli\u00e8rement dans des r\u00e9gions comme l&rsquo;Andalousie et Valence. Ce mug est un hommage \u00e0 cette tradition et repr\u00e9sente parfaitement la passion et l&rsquo;art qui entourent la cr\u00e9ation de ces belles mosa\u00efques.<\/p>\n<p>En tant que souvenir, le mug XL en c\u00e9ramique est une excellente option pour les touristes cherchant un souvenir authentique et significatif de leur s\u00e9jour en Espagne. Chez Ol\u00e9 Mosaic, nous sommes sp\u00e9cialistes de la distribution de souvenirs en gros, proposant des articles qui c\u00e9l\u00e8brent la culture et la tradition. Ce mug devient ainsi un souvenir parfait qui, en m\u00eame temps, ajoute une touche artistique et color\u00e9e \u00e0 n&rsquo;importe quelle cuisine ou salon.<\/p>\n","protected":false},"excerpt":{"rendered":"<p>Mug XL en c\u00e9ramique avec un design vibrant de mosa\u00efque, id\u00e9al pour savourer vos boissons pr\u00e9f\u00e9r\u00e9es. D&rsquo;une hauteur de 13 cm, il pr\u00e9sente une combinaison color\u00e9e de motifs traditionnels \u00e9voquant le riche h\u00e9ritage culturel espagnol. La c\u00e9ramique de haute qualit\u00e9 est compl\u00e9t\u00e9e par une finition brillante et un int\u00e9rieur rouge qui rehausse son attrait. Cette tasse est un hommage aux artisans de la mosa\u00efque, un \u00e9l\u00e9ment d\u00e9coratif qui apportera une touche artistique \u00e0 n&rsquo;importe quel foyer.<\/p>\n","protected":false},"featured_media":8912,"template":"","meta":{"_acf_changed":false},"product_brand":[],"product_cat":[728],"product_tag":[585],"class_list":{"0":"post-32129","1":"product","2":"type-product","3":"status-publish","4":"has-post-thumbnail","6":"product_cat-mugs","7":"product_tag-ceramique","8":"pa_motivo-mosaique","10":"first","11":"instock","12":"shipping-taxable","13":"product-type-simple"},"acf":[],"_links":{"self":[{"href":"https:\/\/olemosaic.com\/fr\/wp-json\/wp\/v2\/product\/32129","targetHints":{"allow":["GET"]}}],"collection":[{"href":"https:\/\/olemosaic.com\/fr\/wp-json\/wp\/v2\/product"}],"about":[{"href":"https:\/\/olemosaic.com\/fr\/wp-json\/wp\/v2\/types\/product"}],"wp:featuredmedia":[{"embeddable":true,"href":"https:\/\/olemosaic.com\/fr\/wp-json\/wp\/v2\/media\/8912"}],"wp:attachment":[{"href":"https:\/\/olemosaic.com\/fr\/wp-json\/wp\/v2\/media?parent=32129"}],"wp:term":[{"taxonomy":"product_brand","embeddable":true,"href":"https:\/\/olemosaic.com\/fr\/wp-json\/wp\/v2\/product_brand?post=32129"},{"taxonomy":"product_cat","embeddable":true,"href":"https:\/\/olemosaic.com\/fr\/wp-json\/wp\/v2\/product_cat?post=32129"},{"taxonomy":"product_tag","embeddable":true,"href":"https:\/\/olemosaic.com\/fr\/wp-json\/wp\/v2\/product_tag?post=32129"}],"curies":[{"name":"wp","href":"https:\/\/api.w.org\/{rel}","templated":true}]}}