{"id":32128,"date":"2025-02-20T22:33:58","date_gmt":"2025-02-20T22:33:58","guid":{"rendered":"http:\/\/olemosaic.com\/producto\/mug-xl-de-ceramica-madrid-blanco-13-cm\/"},"modified":"2025-07-25T19:05:03","modified_gmt":"2025-07-25T17:05:03","slug":"mug-xl-en-ceramique-madrid-blanc-13-cm","status":"publish","type":"product","link":"https:\/\/olemosaic.com\/fr\/produit\/mug-xl-en-ceramique-madrid-blanc-13-cm\/","title":{"rendered":"Mug XL en c\u00e9ramique. Madrid. Blanc. 13 cm."},"content":{"rendered":"<p>Ce mug XL en c\u00e9ramique est le souvenir parfait pour ceux qui souhaitent emporter un petit morceau de Madrid. D&rsquo;une hauteur de 13 cm, il pr\u00e9sente un design vibrant qui met en avant l&#8217;embl\u00e9matique station de m\u00e9tro de la ville, ainsi que des \u00e9l\u00e9ments iconiques repr\u00e9sentant la richesse culturelle de la capitale espagnole. Sa base blanche sert de toile, rehaussant les couleurs vives des illustrations, \u00e9labor\u00e9es avec une finition artistique en mosa\u00efque qui attire l&rsquo;attention. L&rsquo;int\u00e9rieur du mug est d&rsquo;un ton bleu attrayant qui apporte un contraste rafra\u00eechissant et contemporain \u00e0 la pi\u00e8ce, en faisant un accessoire id\u00e9al pour savourer vos boissons pr\u00e9f\u00e9r\u00e9es.<\/p>\n<p>En plus d&rsquo;\u00eatre un ustensile utile au quotidien, ce mug agit comme un rappel visuel de la vie dynamique et multiculturelle de Madrid. La repr\u00e9sentation artistique \u00e9voque des promenades dans la ville et des moments m\u00e9morables dans la c\u00e9l\u00e8bre station de m\u00e9tro, lieu de rencontre pour les habitants et les touristes. Chez Ol\u00e9 Mosaic, nous nous consacrons \u00e0 offrir des souvenirs authentiques et de qualit\u00e9, et ce mug est une excellente option pour les boutiques de cadeaux touristiques cherchant \u00e0 attirer les visiteurs souhaitant se souvenir de leur exp\u00e9rience \u00e0 Madrid. Ce mug XL n&rsquo;est pas seulement un souvenir, c&rsquo;est un \u00e9chantillon de l&rsquo;essence madril\u00e8ne, un cadeau id\u00e9al qui r\u00e9sonnera dans le c\u0153ur de ceux qui l&rsquo;acquerront et le ram\u00e8neront chez eux.<\/p>\n","protected":false},"excerpt":{"rendered":"<p>Mug XL en c\u00e9ramique, inspir\u00e9 par la ville vibrante de Madrid. D&rsquo;une hauteur de 13 cm, il pr\u00e9sente un design color\u00e9 incluant l&#8217;embl\u00e9matique station de m\u00e9tro et des \u00e9l\u00e9ments iconiques de la ville, le tout dans un style artistique de mosa\u00efque. La base blanche fait ressortir les couleurs vives de la d\u00e9coration, et l&rsquo;int\u00e9rieur est d&rsquo;un ton bleu attrayant. Parfait pour savourer vos boissons avec une touche madril\u00e8ne.<\/p>\n","protected":false},"featured_media":9949,"template":"","meta":{"_acf_changed":false},"product_brand":[],"product_cat":[728],"product_tag":[585],"class_list":{"0":"post-32128","1":"product","2":"type-product","3":"status-publish","4":"has-post-thumbnail","6":"product_cat-mugs","7":"product_tag-ceramique","8":"pa_ciudad-madrid","9":"pa_pais-espana","11":"first","12":"instock","13":"shipping-taxable","14":"product-type-simple"},"acf":[],"_links":{"self":[{"href":"https:\/\/olemosaic.com\/fr\/wp-json\/wp\/v2\/product\/32128","targetHints":{"allow":["GET"]}}],"collection":[{"href":"https:\/\/olemosaic.com\/fr\/wp-json\/wp\/v2\/product"}],"about":[{"href":"https:\/\/olemosaic.com\/fr\/wp-json\/wp\/v2\/types\/product"}],"wp:featuredmedia":[{"embeddable":true,"href":"https:\/\/olemosaic.com\/fr\/wp-json\/wp\/v2\/media\/9949"}],"wp:attachment":[{"href":"https:\/\/olemosaic.com\/fr\/wp-json\/wp\/v2\/media?parent=32128"}],"wp:term":[{"taxonomy":"product_brand","embeddable":true,"href":"https:\/\/olemosaic.com\/fr\/wp-json\/wp\/v2\/product_brand?post=32128"},{"taxonomy":"product_cat","embeddable":true,"href":"https:\/\/olemosaic.com\/fr\/wp-json\/wp\/v2\/product_cat?post=32128"},{"taxonomy":"product_tag","embeddable":true,"href":"https:\/\/olemosaic.com\/fr\/wp-json\/wp\/v2\/product_tag?post=32128"}],"curies":[{"name":"wp","href":"https:\/\/api.w.org\/{rel}","templated":true}]}}