{"id":32127,"date":"2025-02-20T23:33:58","date_gmt":"2025-02-20T22:33:58","guid":{"rendered":"http:\/\/olemosaic.com\/producto\/mug-xl-de-ceramica-barcelona-blanco-13-cm\/"},"modified":"2025-07-25T18:33:21","modified_gmt":"2025-07-25T16:33:21","slug":"mug-xl-en-ceramique-barcelone-blanc-13-cm","status":"publish","type":"product","link":"https:\/\/olemosaic.com\/fr\/produit\/mug-xl-en-ceramique-barcelone-blanc-13-cm\/","title":{"rendered":"Mug XL en c\u00e9ramique. Barcelone. Blanc. 13 cm."},"content":{"rendered":"<p>Ce mug XL en c\u00e9ramique est un souvenir vibrant et unique qui capture l&rsquo;essence de Barcelone. D&rsquo;une hauteur de 13 cm, ce mug pr\u00e9sente une couleur blanche \u00e9l\u00e9gante qui met en valeur son design color\u00e9 et frappant, incluant des illustrations embl\u00e9matiques telles que la Sagrada Familia, la Torre Agbar et le Parc G\u00fcell, le tout repr\u00e9sent\u00e9 dans une mosa\u00efque stylis\u00e9e \u00e9voquant le modernisme catalan. Les d\u00e9tails brillants en rouge, bleu et vert s&rsquo;entrelacent dans une composition artistique, cr\u00e9ant un attrait visuel qui transporte celui qui le contemple dans une promenade \u00e0 travers les rues de cette ville magique. La base blanche ne fait pas que rehausser les couleurs, elle apporte \u00e9galement une touche fra\u00eeche et contemporaine, id\u00e9ale pour tout foyer ou espace de travail.<\/p>\n<p>Ce mug n&rsquo;est pas seulement une pi\u00e8ce fonctionnelle pour savourer des boissons chaudes ou froides ; c&rsquo;est aussi un v\u00e9ritable symbole de la richesse culturelle de Barcelone. Chaque gorg\u00e9e vous rappellera l&rsquo;architecture impressionnante et l&rsquo;histoire vibrante de la capitale catalane, en faisant un souvenir id\u00e9al pour les touristes et les amateurs de culture. Chez Ol\u00e9 Mosaic, nous sommes distributeurs de souvenirs en gros, et ce mug XL est une excellente option pour les boutiques de cadeaux touristiques cherchant \u00e0 proposer des produits authentiques et repr\u00e9sentatifs. Avec son design tr\u00e8s sp\u00e9cial et sa connexion \u00e9motionnelle, ce mug de Barcelone est un investissement s\u00fbr pour ceux qui souhaitent ramener un morceau de la ville chez eux.<\/p>\n","protected":false},"excerpt":{"rendered":"<p>Mug XL en c\u00e9ramique avec un design vibrant inspir\u00e9 de Barcelone. D&rsquo;une hauteur de 13 cm, ce mug pr\u00e9sente une illustration color\u00e9e incluant la Sagrada Familia, la Torre Agbar et le Parc G\u00fcell, le tout dans une mosa\u00efque stylis\u00e9e. La base blanche fait ressortir les d\u00e9tails en rouge, bleu et vert, cr\u00e9ant un attrait visuel qui capture l&rsquo;essence du modernisme catalan. Id\u00e9al pour savourer vos boissons pr\u00e9f\u00e9r\u00e9es tout en vous rappelant la magie de la ville.<\/p>\n","protected":false},"featured_media":9502,"template":"","meta":{"_acf_changed":false},"product_brand":[],"product_cat":[728],"product_tag":[585],"class_list":{"0":"post-32127","1":"product","2":"type-product","3":"status-publish","4":"has-post-thumbnail","6":"product_cat-mugs","7":"product_tag-ceramique","8":"pa_ciudad-barcelona","9":"pa_pais-espana","11":"first","12":"instock","13":"shipping-taxable","14":"product-type-simple"},"acf":[],"_links":{"self":[{"href":"https:\/\/olemosaic.com\/fr\/wp-json\/wp\/v2\/product\/32127","targetHints":{"allow":["GET"]}}],"collection":[{"href":"https:\/\/olemosaic.com\/fr\/wp-json\/wp\/v2\/product"}],"about":[{"href":"https:\/\/olemosaic.com\/fr\/wp-json\/wp\/v2\/types\/product"}],"wp:featuredmedia":[{"embeddable":true,"href":"https:\/\/olemosaic.com\/fr\/wp-json\/wp\/v2\/media\/9502"}],"wp:attachment":[{"href":"https:\/\/olemosaic.com\/fr\/wp-json\/wp\/v2\/media?parent=32127"}],"wp:term":[{"taxonomy":"product_brand","embeddable":true,"href":"https:\/\/olemosaic.com\/fr\/wp-json\/wp\/v2\/product_brand?post=32127"},{"taxonomy":"product_cat","embeddable":true,"href":"https:\/\/olemosaic.com\/fr\/wp-json\/wp\/v2\/product_cat?post=32127"},{"taxonomy":"product_tag","embeddable":true,"href":"https:\/\/olemosaic.com\/fr\/wp-json\/wp\/v2\/product_tag?post=32127"}],"curies":[{"name":"wp","href":"https:\/\/api.w.org\/{rel}","templated":true}]}}