{"id":32126,"date":"2025-02-20T22:33:57","date_gmt":"2025-02-20T22:33:57","guid":{"rendered":"http:\/\/olemosaic.com\/producto\/mug-xl-de-ceramica-flores-barcelona-blanco-13-cm\/"},"modified":"2025-07-25T19:37:01","modified_gmt":"2025-07-25T17:37:01","slug":"mug-xl-en-ceramique-fleurs-barcelone-blanc-13-cm","status":"publish","type":"product","link":"https:\/\/olemosaic.com\/fr\/produit\/mug-xl-en-ceramique-fleurs-barcelone-blanc-13-cm\/","title":{"rendered":"Mug XL en c\u00e9ramique. Fleurs. Barcelone. Blanc. 13 cm."},"content":{"rendered":"<p>Ce mug XL en c\u00e9ramique est un hommage vibrant \u00e0 l&rsquo;art moderniste de Barcelone, avec un design floral captivant inspir\u00e9 des c\u00e9l\u00e8bres mosa\u00efques de la ville. D&rsquo;une hauteur de 13 cm, il combine un fond blanc \u00e9l\u00e9gant avec une explosion de couleurs vives dans des tons rouges, jaunes, bleus et verts, \u00e9voquant l&rsquo;essence de l&rsquo;architecture d&rsquo;Antoni Gaud\u00ed et d&rsquo;autres ic\u00f4nes du modernisme catalan. Le design, avec des motifs complexes imitant la technique de la mosa\u00efque, cr\u00e9e une sensation de mouvement et de joie \u00e0 chaque gorg\u00e9e. Son anse stylis\u00e9e lui conf\u00e8re une touche unique et distinctive, en faisant un objet \u00e0 la fois fonctionnel et d\u00e9coratif.<\/p>\n<p>Ce mug est plus qu&rsquo;un simple r\u00e9cipient ; c&rsquo;est un souvenir authentique qui c\u00e9l\u00e8bre le riche h\u00e9ritage culturel de Barcelone. Id\u00e9al pour les touristes cherchant \u00e0 emporter un morceau de cette ville vibrante, c&rsquo;est un excellent souvenir qui rappelle les moments heureux pass\u00e9s \u00e0 profiter de la culture, de l&rsquo;art et de la gastronomie de la m\u00e9tropole catalane. Chez Ol\u00e9 Mosaic, nous nous sp\u00e9cialisons dans la distribution de souvenirs en gros, et ce mug XL en c\u00e9ramique est un choix parfait pour les boutiques de cadeaux touristiques souhaitant proposer des produits alliant qualit\u00e9 et pertinence culturelle. Cet article ne s\u00e9duit pas seulement par sa beaut\u00e9, mais s&rsquo;\u00e9rige \u00e9galement comme un symbole authentique de la singularit\u00e9 de Barcelone, parfait pour offrir ou pour un usage quotidien.<\/p>\n","protected":false},"excerpt":{"rendered":"<p>Mug XL en c\u00e9ramique, d\u00e9cor\u00e9 d&rsquo;un design floral color\u00e9 inspir\u00e9 de la c\u00e9l\u00e8bre mosa\u00efque de Barcelone. Avec une hauteur de 13 cm, ce mug combine un fond blanc avec des tons vibrants de rouge, jaune, bleu et vert, dans un style \u00e9voquant l&rsquo;art moderniste de la ville. Son anse, stylis\u00e9e et unique, apporte une touche distinctive, faisant de ce mug non seulement un article pratique, mais aussi une pi\u00e8ce d\u00e9corative c\u00e9l\u00e9brant le riche h\u00e9ritage culturel barcelonais.<\/p>\n","protected":false},"featured_media":9085,"template":"","meta":{"_acf_changed":false},"product_brand":[],"product_cat":[728],"product_tag":[585],"class_list":{"0":"post-32126","1":"product","2":"type-product","3":"status-publish","4":"has-post-thumbnail","6":"product_cat-mugs","7":"product_tag-ceramique","8":"pa_ciudad-barcelona","9":"pa_motivo-fleurs","10":"pa_pais-espana","12":"first","13":"instock","14":"shipping-taxable","15":"product-type-simple"},"acf":[],"_links":{"self":[{"href":"https:\/\/olemosaic.com\/fr\/wp-json\/wp\/v2\/product\/32126","targetHints":{"allow":["GET"]}}],"collection":[{"href":"https:\/\/olemosaic.com\/fr\/wp-json\/wp\/v2\/product"}],"about":[{"href":"https:\/\/olemosaic.com\/fr\/wp-json\/wp\/v2\/types\/product"}],"wp:featuredmedia":[{"embeddable":true,"href":"https:\/\/olemosaic.com\/fr\/wp-json\/wp\/v2\/media\/9085"}],"wp:attachment":[{"href":"https:\/\/olemosaic.com\/fr\/wp-json\/wp\/v2\/media?parent=32126"}],"wp:term":[{"taxonomy":"product_brand","embeddable":true,"href":"https:\/\/olemosaic.com\/fr\/wp-json\/wp\/v2\/product_brand?post=32126"},{"taxonomy":"product_cat","embeddable":true,"href":"https:\/\/olemosaic.com\/fr\/wp-json\/wp\/v2\/product_cat?post=32126"},{"taxonomy":"product_tag","embeddable":true,"href":"https:\/\/olemosaic.com\/fr\/wp-json\/wp\/v2\/product_tag?post=32126"}],"curies":[{"name":"wp","href":"https:\/\/api.w.org\/{rel}","templated":true}]}}