{"id":32125,"date":"2025-02-20T22:33:57","date_gmt":"2025-02-20T22:33:57","guid":{"rendered":"http:\/\/olemosaic.com\/producto\/mug-xl-de-ceramica-bailaora-beige\/"},"modified":"2025-07-25T19:11:04","modified_gmt":"2025-07-25T17:11:04","slug":"mug-xl-en-ceramique-danseuse-flamenco-beige","status":"publish","type":"product","link":"https:\/\/olemosaic.com\/fr\/produit\/mug-xl-en-ceramique-danseuse-flamenco-beige\/","title":{"rendered":"Mug XL en c\u00e9ramique. Danseuse de flamenco. Beige."},"content":{"rendered":"<p>Ce mug XL en c\u00e9ramique est un hommage vibrant \u00e0 la riche culture espagnole, id\u00e9al pour ceux qui souhaitent savourer leur caf\u00e9 ou leur th\u00e9 avec style. D\u00e9cor\u00e9 d&rsquo;une silhouette frappante d&rsquo;une danseuse de flamenco en plein mouvement, ce mug capture l&rsquo;essence du flamenco, l&rsquo;un des symboles les plus repr\u00e9sentatifs de l&rsquo;Espagne. La danseuse, v\u00eatue d&rsquo;une robe color\u00e9e et pleine de volants, \u00e9voque l&rsquo;\u00e9nergie et la passion de cet art. Sur un \u00e9l\u00e9gant fond beige, les couleurs rouges intenses et les motifs floraux entourant la figure ressortent, ainsi que le mot \u00ab\u00a0ESPA\u00d1A\u00a0\u00bb, qui renforce son origine culturelle.<\/p>\n<p>Avec une capacit\u00e9 g\u00e9n\u00e9reuse, ce mug n&rsquo;est pas seulement pratique, mais aussi un merveilleux souvenir repr\u00e9sentant l&rsquo;h\u00e9ritage artistique et folklorique de l&rsquo;Espagne. Son design captivant et son authenticit\u00e9 en font un cadeau parfait pour les touristes cherchant \u00e0 emporter avec eux un morceau de la culture espagnole. Chez Ol\u00e9 Mosaic, nous nous sp\u00e9cialisons dans la distribution de souvenirs en gros, et ce mug XL est une excellente option pour les boutiques de cadeaux touristiques souhaitant proposer des produits artisanaux et repr\u00e9sentatifs de la tradition espagnole. Misez sur l&rsquo;authenticit\u00e9 et le design dans votre offre avec ce s\u00e9duisant mug de danseuse, symbole du dynamisme culturel de l&rsquo;Espagne.<\/p>\n","protected":false},"excerpt":{"rendered":"<p>Tasse XL en c\u00e9ramique d\u00e9cor\u00e9e d&rsquo;une figure vibrante de danseuse de flamenco, repr\u00e9sentant la riche culture espagnole. Ce design pr\u00e9sente des couleurs intenses sur un fond beige et des d\u00e9tails rouges, incluant des fleurs et le mot \u00ab\u00a0ESPA\u00d1A\u00a0\u00bb. La danseuse, v\u00eatue d&rsquo;une robe aux formes color\u00e9es, capture le mouvement du flamenco, ce qui en fait un article id\u00e9al pour savourer le caf\u00e9 ou le th\u00e9. Sa taille XL la rend pratique et attrayante pour tout amateur de culture espagnole.<\/p>\n","protected":false},"featured_media":7686,"template":"","meta":{"_acf_changed":false},"product_brand":[],"product_cat":[728],"product_tag":[585],"class_list":{"0":"post-32125","1":"product","2":"type-product","3":"status-publish","4":"has-post-thumbnail","6":"product_cat-mugs","7":"product_tag-ceramique","8":"pa_motivo-danseurs","10":"first","11":"instock","12":"shipping-taxable","13":"product-type-simple"},"acf":[],"_links":{"self":[{"href":"https:\/\/olemosaic.com\/fr\/wp-json\/wp\/v2\/product\/32125","targetHints":{"allow":["GET"]}}],"collection":[{"href":"https:\/\/olemosaic.com\/fr\/wp-json\/wp\/v2\/product"}],"about":[{"href":"https:\/\/olemosaic.com\/fr\/wp-json\/wp\/v2\/types\/product"}],"wp:featuredmedia":[{"embeddable":true,"href":"https:\/\/olemosaic.com\/fr\/wp-json\/wp\/v2\/media\/7686"}],"wp:attachment":[{"href":"https:\/\/olemosaic.com\/fr\/wp-json\/wp\/v2\/media?parent=32125"}],"wp:term":[{"taxonomy":"product_brand","embeddable":true,"href":"https:\/\/olemosaic.com\/fr\/wp-json\/wp\/v2\/product_brand?post=32125"},{"taxonomy":"product_cat","embeddable":true,"href":"https:\/\/olemosaic.com\/fr\/wp-json\/wp\/v2\/product_cat?post=32125"},{"taxonomy":"product_tag","embeddable":true,"href":"https:\/\/olemosaic.com\/fr\/wp-json\/wp\/v2\/product_tag?post=32125"}],"curies":[{"name":"wp","href":"https:\/\/api.w.org\/{rel}","templated":true}]}}